{"id":2896,"date":"2025-04-28T14:36:04","date_gmt":"2025-04-28T12:36:04","guid":{"rendered":"https:\/\/www.puurdata.nl\/?page_id=2896"},"modified":"2025-04-29T10:09:12","modified_gmt":"2025-04-29T08:09:12","slug":"contact-7","status":"publish","type":"page","link":"https:\/\/puurdata.nl\/us\/search-ai-webinar\/","title":{"rendered":"Search AI Webinar"},"content":{"rendered":"<div id=\"fws_69deed3e1034f\"  data-column-margin=\"default\" data-midnight=\"dark\"  class=\"wpb_row vc_row-fluid vc_row full-width-section headerBox\"  style=\"padding-top: 0px; padding-bottom: 0px; \"><div class=\"row-bg-wrap\" data-bg-animation=\"none\" data-bg-animation-delay=\"\" data-bg-overlay=\"false\"><div class=\"inner-wrap row-bg-layer using-image\" ><div class=\"row-bg viewport-desktop using-image\"  style=\"background-image: url(https:\/\/puurdata.nl\/wp-content\/uploads\/2019\/07\/header.png); background-position: center bottom; background-repeat: no-repeat; \"><\/div><\/div><\/div><div class=\"row_col_wrap_12 col span_12 dark left\">\n\t<div  class=\"vc_col-sm-12 wpb_column column_container vc_column_container col no-extra-padding\"  data-padding-pos=\"all\" data-has-bg-color=\"false\" data-bg-color=\"\" data-bg-opacity=\"1\" data-animation=\"\" data-delay=\"0\" >\n\t\t<div class=\"vc_column-inner\" >\n\t\t\t<div class=\"wpb_wrapper\">\n\t\t\t\t<div id=\"fws_69deed3e11042\" data-midnight=\"\" data-column-margin=\"default\" class=\"wpb_row vc_row-fluid vc_row inner_row vc_row-o-equal-height vc_row-flex vc_row-o-content-middle\"  style=\"padding-top: 10%; padding-bottom: 20%; \"><div class=\"row-bg-wrap\"> <div class=\"row-bg\" ><\/div> <\/div><div class=\"row_col_wrap_12_inner col span_12  left\">\n\t<div  class=\"vc_col-sm-8 wpb_column column_container vc_column_container col child_column padding-2-percent\"   data-padding-pos=\"right\" data-has-bg-color=\"false\" data-bg-color=\"\" data-bg-opacity=\"1\" data-animation=\"\" data-delay=\"0\" >\n\t\t<div class=\"vc_column-inner\" >\n\t\t<div class=\"wpb_wrapper\">\n\t\t\t<h1 style=\"text-align: left\" class=\"vc_custom_heading vc_do_custom_heading headerText\" >The Search AI webinar, powered by Elastic &amp; PuurData<\/h1>\n<div class=\"wpb_text_column wpb_content_element  headerText\" >\n\t<div class=\"wpb_wrapper\">\n\t\t<h4>Discover the future of smart search solutions<\/h4>\n\t<\/div>\n<\/div>\n\n\n\n\n\t\t<\/div> \n\t<\/div>\n\t<\/div> \n\n\t<div  class=\"vc_col-sm-4 wpb_column column_container vc_column_container col child_column no-extra-padding\"   data-padding-pos=\"all\" data-has-bg-color=\"false\" data-bg-color=\"\" data-bg-opacity=\"1\" data-animation=\"\" data-delay=\"0\" >\n\t\t<div class=\"vc_column-inner\" >\n\t\t<div class=\"wpb_wrapper\">\n\t\t\t<div class=\"img-with-aniamtion-wrap center\" data-max-width=\"100%\" data-max-width-mobile=\"100%\" data-shadow=\"none\" data-animation=\"none\" >\n      <div class=\"inner\">\n        <div class=\"hover-wrap\"> \n          <div class=\"hover-wrap-inner\">\n            <img loading=\"lazy\" decoding=\"async\" class=\"img-with-animation skip-lazy\" data-delay=\"0\" height=\"2409\" width=\"3558\" data-animation=\"none\" src=\"https:\/\/puurdata.nl\/wp-content\/uploads\/2019\/07\/Search1.svg\" alt=\"\"  \/>\n          <\/div>\n        <\/div>\n      <\/div>\n    <\/div>\n\t\t<\/div> \n\t<\/div>\n\t<\/div> \n<\/div><\/div>\n\t\t\t<\/div> \n\t\t<\/div>\n\t<\/div> \n<\/div><\/div>\n\t\t<div id=\"fws_69deed3e130de\"  data-column-margin=\"default\" data-midnight=\"dark\"  class=\"wpb_row vc_row-fluid vc_row\"  style=\"padding-top: 50px; padding-bottom: 100px; \"><div class=\"row-bg-wrap\" data-bg-animation=\"none\" data-bg-animation-delay=\"\" data-bg-overlay=\"false\"><div class=\"inner-wrap row-bg-layer\" ><div class=\"row-bg viewport-desktop\"  style=\"\"><\/div><\/div><\/div><div class=\"row_col_wrap_12 col span_12 dark left\">\n\t<div style=\"\" class=\"vc_col-sm-7 wpb_column column_container vc_column_container col padding-10-percent\" data-using-bg=\"true\" data-padding-pos=\"all\" data-has-bg-color=\"true\" data-bg-color=\"#ffffff\" data-bg-opacity=\"1\" data-hover-bg=\"#ffffff\" data-hover-bg-opacity=\"1\" data-animation=\"\" data-delay=\"0\" >\n\t\t<div class=\"vc_column-inner\" ><div class=\"column-bg-overlay-wrap column-bg-layer\" data-bg-animation=\"none\"><div class=\"column-bg-overlay\" style=\"opacity: 1; background-color: #ffffff;\"><\/div><\/div>\n\t\t\t<div class=\"wpb_wrapper\">\n\t\t\t\t<h2 style=\"text-align: left\" class=\"vc_custom_heading vc_do_custom_heading\" >Get more out of your data with Search AI<\/h2>\n<div class=\"wpb_text_column wpb_content_element\" >\n\t<div class=\"wpb_wrapper\">\n\t\t<p class=\"\" data-start=\"308\" data-end=\"408\"><strong data-start=\"308\" data-end=\"408\">Discover how your search functionality becomes smarter, faster and more efficient with Elastic and PuurData.<\/strong><\/p>\n<p class=\"\" data-start=\"410\" data-end=\"741\">Are you an Elastic user and a PuurData customer? Do you want to know how to take your search functionality to the next level with the power of AI? During our interactive <strong data-start=\"582\" data-end=\"603\">Search AI Webinar<\/strong> discover how Search AI helps you find information faster and smarter in large amounts of structured and unstructured data.<\/p>\n<p class=\"\" data-start=\"743\" data-end=\"967\">Together with Elastic experts, we will take you into the world of AI-driven search and the latest innovations within the Elastic ecosystem. You will get concrete insights and a live demonstration that you can get started with right away.<\/p>\n<h4><strong>Program<\/strong><\/h4>\n<p><strong>10:00 \u2013 Welcome &amp; Introduction<\/strong><br \/>\nA brief introduction to today&#039;s biggest data challenges and how Search AI helps organizations search faster, smarter and more efficiently.<\/p>\n<p><strong>10:10 \u2013 What is Search AI?<\/strong><br \/>\nA practical explanation of Search AI: how Elastic Search and generative AI come together to enrich search results and accelerate decision-making.<\/p>\n<p><strong>10:30 \u2013 Search AI in action + Live demo<\/strong><br \/>\nWatch a live demo of a Search AI solution based on a real-world case. Discover how techniques like Natural Language Processing (NLP) and vector search make your search results more powerful and intuitive.<\/p>\n<p><strong>11:15 \u2013 Interactive Q&amp;A &amp; Closing<\/strong><br \/>\nAsk our experts your questions and get practical tips to get started with Search AI yourself.<\/p>\n<h4><strong>Who is this webinar for?<\/strong><\/h4>\n<p>This webinar is exclusively for Elastic users and PuurData customers who want to optimize their search functionality and leverage the power of AI.<\/p>\n<h4><strong>Details of the seminar<\/strong><\/h4>\n<ul>\n<li><strong>Date:<\/strong> Tuesday, June 24, 2025<\/li>\n<li><strong>Time:<\/strong> 10:00 \u2013 11:15 am<\/li>\n<li><strong>Location: <\/strong>Online (you will receive a link after registration)<\/li>\n<\/ul>\n\t<\/div>\n<\/div>\n\n\n\n\n<div class=\"wpb_text_column wpb_content_element\" >\n\t<div class=\"wpb_wrapper\">\n\t\t<p>Register now and discover how to take your search functionality to the next level with Search AI!<\/p>\n<p><script charset=\"utf-8\" type=\"text\/javascript\" src=\"\/\/js.hsforms.net\/forms\/embed\/v2.js\"><\/script><br \/>\n<script>\n  hbspt.forms.create({\n    portalId: \"2837840\",\n    formId: \"1125cbf0-f1f3-4ac7-956d-b2647a72b23b\",\n    region: \"na1\"\n  });\n<\/script><\/p>\n\t<\/div>\n<\/div>\n\n\n\n\n\t\t\t<\/div> \n\t\t<\/div>\n\t<\/div> \n\n\t<div  class=\"vc_col-sm-5 wpb_column column_container vc_column_container col padding-10-percent\"  data-padding-pos=\"all\" data-has-bg-color=\"false\" data-bg-color=\"\" data-bg-opacity=\"1\" data-animation=\"\" data-delay=\"0\" >\n\t\t<div class=\"vc_column-inner\" >\n\t\t\t<div class=\"wpb_wrapper\">\n\t\t\t\t<div class=\"img-with-aniamtion-wrap\" data-max-width=\"100%\" data-max-width-mobile=\"100%\" data-shadow=\"none\" data-animation=\"none\" >\n      <div class=\"inner\">\n        <div class=\"hover-wrap\"> \n          <div class=\"hover-wrap-inner\">\n            <img loading=\"lazy\" decoding=\"async\" class=\"img-with-animation skip-lazy\" data-delay=\"0\" height=\"939\" width=\"1350\" data-animation=\"none\" src=\"https:\/\/puurdata.nl\/wp-content\/uploads\/2025\/04\/webinar.png\" alt=\"\" srcset=\"https:\/\/puurdata.nl\/wp-content\/uploads\/2025\/04\/webinar.png 1350w, https:\/\/puurdata.nl\/wp-content\/uploads\/2025\/04\/webinar-300x209.png 300w, https:\/\/puurdata.nl\/wp-content\/uploads\/2025\/04\/webinar-1024x712.png 1024w, https:\/\/puurdata.nl\/wp-content\/uploads\/2025\/04\/webinar-768x534.png 768w, https:\/\/puurdata.nl\/wp-content\/uploads\/2025\/04\/webinar-18x12.png 18w\" sizes=\"auto, (max-width: 1350px) 100vw, 1350px\" \/>\n          <\/div>\n        <\/div>\n      <\/div>\n    <\/div>\n<div class=\"wpb_text_column wpb_content_element\" >\n\t<div class=\"wpb_wrapper\">\n\t\t<p><strong data-start=\"232\" data-end=\"271\">Join the Search AI Webinar<\/strong><\/p>\n<ul>\n<li>Online via Microsoft Teams.<\/li>\n<li>Participation is free after registration.<\/li>\n<li>You will receive the link and access instructions by email after registration.<\/li>\n<\/ul>\n\t<\/div>\n<\/div>\n\n\n\n<div class=\"img-with-aniamtion-wrap\" data-max-width=\"100%\" data-max-width-mobile=\"100%\" data-shadow=\"none\" data-animation=\"none\" >\n      <div class=\"inner\">\n        <div class=\"hover-wrap\"> \n          <div class=\"hover-wrap-inner\">\n            <img loading=\"lazy\" decoding=\"async\" class=\"img-with-animation skip-lazy\" data-delay=\"0\" height=\"69\" width=\"200\" data-animation=\"none\" src=\"https:\/\/puurdata.nl\/wp-content\/uploads\/2023\/11\/Elasticsearch.png\" alt=\"\" srcset=\"https:\/\/puurdata.nl\/wp-content\/uploads\/2023\/11\/Elasticsearch.png 200w, https:\/\/puurdata.nl\/wp-content\/uploads\/2023\/11\/Elasticsearch-18x6.png 18w\" sizes=\"auto, (max-width: 200px) 100vw, 200px\" \/>\n          <\/div>\n        <\/div>\n      <\/div>\n    <\/div>\n\t\t\t<\/div> \n\t\t<\/div>\n\t<\/div> \n<\/div><\/div>","protected":false},"excerpt":{"rendered":"Het Search AI-webinar, powered by Elastic &amp; PuurData Ontdek de toekomst van slimme zoekoplossingen Haal m\u00e9\u00e9r uit je data met Search AI Ontdek hoe je zoekfunctionaliteit slimmer, sneller en effici\u00ebnter...","protected":false},"author":5,"featured_media":0,"parent":0,"menu_order":0,"comment_status":"closed","ping_status":"closed","template":"","meta":{"content-type":"","footnotes":""},"class_list":["post-2896","page","type-page","status-publish"],"yoast_head":"<!-- This site is optimized with the Yoast SEO plugin v27.3 - https:\/\/yoast.com\/product\/yoast-seo-wordpress\/ -->\n<title>Search AI Webinar - PuurData<\/title>\n<meta name=\"description\" content=\"Heeft u vragen, of wilt u graag meer informatie over \u00e9\u00e9n van de producten van PuurData? Neem dan contact met ons op.\" \/>\n<meta name=\"robots\" content=\"index, follow, max-snippet:-1, max-image-preview:large, max-video-preview:-1\" \/>\n<link rel=\"canonical\" href=\"https:\/\/puurdata.nl\/us\/contact-7\/\" \/>\n<meta name=\"twitter:label1\" content=\"Est. reading time\" \/>\n\t<meta name=\"twitter:data1\" content=\"3 minutes\" \/>\n<script type=\"application\/ld+json\" class=\"yoast-schema-graph\">{\"@context\":\"https:\\\/\\\/schema.org\",\"@graph\":[{\"@type\":\"WebPage\",\"@id\":\"https:\\\/\\\/puurdata.nl\\\/search-ai-webinar\\\/\",\"url\":\"https:\\\/\\\/puurdata.nl\\\/search-ai-webinar\\\/\",\"name\":\"Search AI Webinar - PuurData\",\"isPartOf\":{\"@id\":\"https:\\\/\\\/puurdata.nl\\\/#website\"},\"datePublished\":\"2025-04-28T12:36:04+00:00\",\"dateModified\":\"2025-04-29T08:09:12+00:00\",\"description\":\"Heeft u vragen, of wilt u graag meer informatie over \u00e9\u00e9n van de producten van PuurData? Neem dan contact met ons op.\",\"breadcrumb\":{\"@id\":\"https:\\\/\\\/puurdata.nl\\\/search-ai-webinar\\\/#breadcrumb\"},\"inLanguage\":\"en-US\",\"potentialAction\":[{\"@type\":\"ReadAction\",\"target\":[\"https:\\\/\\\/puurdata.nl\\\/search-ai-webinar\\\/\"]}]},{\"@type\":\"BreadcrumbList\",\"@id\":\"https:\\\/\\\/puurdata.nl\\\/search-ai-webinar\\\/#breadcrumb\",\"itemListElement\":[{\"@type\":\"ListItem\",\"position\":1,\"name\":\"Home\",\"item\":\"https:\\\/\\\/puurdata.nl\\\/\"},{\"@type\":\"ListItem\",\"position\":2,\"name\":\"Search AI Webinar\"}]},{\"@type\":\"WebSite\",\"@id\":\"https:\\\/\\\/puurdata.nl\\\/#website\",\"url\":\"https:\\\/\\\/puurdata.nl\\\/\",\"name\":\"PuurData\",\"description\":\"PuurData\",\"potentialAction\":[{\"@type\":\"SearchAction\",\"target\":{\"@type\":\"EntryPoint\",\"urlTemplate\":\"https:\\\/\\\/puurdata.nl\\\/?s={search_term_string}\"},\"query-input\":{\"@type\":\"PropertyValueSpecification\",\"valueRequired\":true,\"valueName\":\"search_term_string\"}}],\"inLanguage\":\"en-US\"}]}<\/script>\n<!-- \/ Yoast SEO plugin. -->","yoast_head_json":{"title":"Search AI Webinar - PuurData","description":"Do you have any questions, or would you like more information about one of PuurData&#039;s products? Please contact us.","robots":{"index":"index","follow":"follow","max-snippet":"max-snippet:-1","max-image-preview":"max-image-preview:large","max-video-preview":"max-video-preview:-1"},"canonical":"https:\/\/puurdata.nl\/us\/contact-7\/","twitter_misc":{"Est. reading time":"3 minutes"},"schema":{"@context":"https:\/\/schema.org","@graph":[{"@type":"WebPage","@id":"https:\/\/puurdata.nl\/search-ai-webinar\/","url":"https:\/\/puurdata.nl\/search-ai-webinar\/","name":"Search AI Webinar - PuurData","isPartOf":{"@id":"https:\/\/puurdata.nl\/#website"},"datePublished":"2025-04-28T12:36:04+00:00","dateModified":"2025-04-29T08:09:12+00:00","description":"Do you have any questions, or would you like more information about one of PuurData&#039;s products? Please contact us.","breadcrumb":{"@id":"https:\/\/puurdata.nl\/search-ai-webinar\/#breadcrumb"},"inLanguage":"en-US","potentialAction":[{"@type":"ReadAction","target":["https:\/\/puurdata.nl\/search-ai-webinar\/"]}]},{"@type":"BreadcrumbList","@id":"https:\/\/puurdata.nl\/search-ai-webinar\/#breadcrumb","itemListElement":[{"@type":"ListItem","position":1,"name":"Home","item":"https:\/\/puurdata.nl\/"},{"@type":"ListItem","position":2,"name":"Search AI Webinar"}]},{"@type":"WebSite","@id":"https:\/\/puurdata.nl\/#website","url":"https:\/\/puurdata.nl\/","name":"PuurData","description":"PuurData","potentialAction":[{"@type":"SearchAction","target":{"@type":"EntryPoint","urlTemplate":"https:\/\/puurdata.nl\/?s={search_term_string}"},"query-input":{"@type":"PropertyValueSpecification","valueRequired":true,"valueName":"search_term_string"}}],"inLanguage":"en-US"}]}},"_links":{"self":[{"href":"https:\/\/puurdata.nl\/us\/wp-json\/wp\/v2\/pages\/2896","targetHints":{"allow":["GET"]}}],"collection":[{"href":"https:\/\/puurdata.nl\/us\/wp-json\/wp\/v2\/pages"}],"about":[{"href":"https:\/\/puurdata.nl\/us\/wp-json\/wp\/v2\/types\/page"}],"author":[{"embeddable":true,"href":"https:\/\/puurdata.nl\/us\/wp-json\/wp\/v2\/users\/5"}],"replies":[{"embeddable":true,"href":"https:\/\/puurdata.nl\/us\/wp-json\/wp\/v2\/comments?post=2896"}],"version-history":[{"count":9,"href":"https:\/\/puurdata.nl\/us\/wp-json\/wp\/v2\/pages\/2896\/revisions"}],"predecessor-version":[{"id":2910,"href":"https:\/\/puurdata.nl\/us\/wp-json\/wp\/v2\/pages\/2896\/revisions\/2910"}],"wp:attachment":[{"href":"https:\/\/puurdata.nl\/us\/wp-json\/wp\/v2\/media?parent=2896"}],"curies":[{"name":"wp","href":"https:\/\/api.w.org\/{rel}","templated":true}]}}