{"id":3135,"date":"2025-07-01T12:55:48","date_gmt":"2025-07-01T10:55:48","guid":{"rendered":"https:\/\/staging.puurdata.nl\/?page_id=3135"},"modified":"2026-04-21T10:33:51","modified_gmt":"2026-04-21T08:33:51","slug":"elastic-training","status":"publish","type":"page","link":"https:\/\/puurdata.nl\/nl\/elastic-expertise\/elastic-training\/","title":{"rendered":"Elastic Training"},"content":{"rendered":"\n\t\t<div id=\"fws_69e75f19d5f6c\"  data-column-margin=\"default\" data-midnight=\"dark\"  class=\"wpb_row vc_row-fluid vc_row full-width-section headerBox\"  style=\"padding-top: 0px; padding-bottom: 0px; \"><div class=\"row-bg-wrap\" data-bg-animation=\"none\" data-bg-animation-delay=\"\" data-bg-overlay=\"false\"><div class=\"inner-wrap row-bg-layer using-image\" ><div class=\"row-bg viewport-desktop using-image using-bg-color\"  style=\"background-image: url(https:\/\/puurdata.nl\/wp-content\/uploads\/2019\/07\/header.png); background-position: center bottom; background-repeat: no-repeat; background-color: #ffffff; \"><\/div><\/div><\/div><div class=\"row_col_wrap_12 col span_12 dark left\">\n\t<div  class=\"vc_col-sm-12 wpb_column column_container vc_column_container col no-extra-padding inherit_tablet inherit_phone \"  data-padding-pos=\"all\" data-has-bg-color=\"false\" data-bg-color=\"\" data-bg-opacity=\"1\" data-animation=\"\" data-delay=\"0\" >\n\t\t<div class=\"vc_column-inner\" >\n\t\t\t<div class=\"wpb_wrapper\">\n\t\t\t\t<div id=\"fws_69e75f19d6bb2\" data-midnight=\"\" data-column-margin=\"default\" class=\"wpb_row vc_row-fluid vc_row inner_row vc_row-o-equal-height vc_row-flex vc_row-o-content-middle\"  style=\"padding-top: 10%; padding-bottom: 20%; \"><div class=\"row-bg-wrap\"> <div class=\"row-bg\" ><\/div> <\/div><div class=\"row_col_wrap_12_inner col span_12  left\">\n\t<div  class=\"vc_col-sm-12 wpb_column column_container vc_column_container col child_column padding-2-percent inherit_tablet inherit_phone \"   data-padding-pos=\"right\" data-has-bg-color=\"false\" data-bg-color=\"\" data-bg-opacity=\"1\" data-animation=\"\" data-delay=\"0\" >\n\t\t<div class=\"vc_column-inner\" >\n\t\t<div class=\"wpb_wrapper\">\n\t\t\t<h1 style=\"text-align: left\" class=\"vc_custom_heading vc_do_custom_heading headerText\" >Elastic Training<\/h1>\n<div class=\"wpb_text_column wpb_content_element  headerText\" >\n\t<div class=\"wpb_wrapper\">\n\t\t<h4>Haal m\u00e9\u00e9r uit je Elastic-omgeving<\/h4>\n\t<\/div>\n<\/div>\n\n\n\n\n\t\t<\/div> \n\t<\/div>\n\t<\/div> \n<\/div><\/div>\n\t\t\t<\/div> \n\t\t<\/div>\n\t<\/div> \n<\/div><\/div>\n\t\t<div id=\"fws_69e75f19d824e\"  data-column-margin=\"default\" data-midnight=\"dark\"  class=\"wpb_row vc_row-fluid vc_row full-width-section\"  style=\"padding-top: 100px; padding-bottom: 50px; \"><div class=\"row-bg-wrap\" data-bg-animation=\"none\" data-bg-animation-delay=\"\" data-bg-overlay=\"false\"><div class=\"inner-wrap row-bg-layer\" ><div class=\"row-bg viewport-desktop using-bg-color\"  style=\"background-color: #ffffff; \"><\/div><\/div><\/div><div class=\"row_col_wrap_12 col span_12 dark left\">\n\t<div  class=\"vc_col-sm-12 wpb_column column_container vc_column_container col no-extra-padding inherit_tablet inherit_phone \"  data-padding-pos=\"all\" data-has-bg-color=\"false\" data-bg-color=\"\" data-bg-opacity=\"1\" data-animation=\"\" data-delay=\"0\" >\n\t\t<div class=\"vc_column-inner\" >\n\t\t\t<div class=\"wpb_wrapper\">\n\t\t\t\t<div id=\"fws_69e75f19d8a7b\" data-midnight=\"\" data-column-margin=\"default\" class=\"wpb_row vc_row-fluid vc_row inner_row vc_row-o-equal-height vc_row-flex vc_row-o-content-middle\"  style=\"\"><div class=\"row-bg-wrap\"> <div class=\"row-bg\" ><\/div> <\/div><div class=\"row_col_wrap_12_inner col span_12  left\">\n\t<div  class=\"vc_col-sm-6 wpb_column column_container vc_column_container col child_column padding-2-percent inherit_tablet inherit_phone \"   data-padding-pos=\"right\" data-has-bg-color=\"false\" data-bg-color=\"\" data-bg-opacity=\"1\" data-animation=\"\" data-delay=\"0\" >\n\t\t<div class=\"vc_column-inner\" >\n\t\t<div class=\"wpb_wrapper\">\n\t\t\t<div class=\"img-with-aniamtion-wrap center\" data-max-width=\"75%\" data-max-width-mobile=\"default\" data-shadow=\"none\" data-animation=\"fade-in\" >\n      <div class=\"inner\">\n        <div class=\"hover-wrap\"> \n          <div class=\"hover-wrap-inner\">\n            <img loading=\"lazy\" decoding=\"async\" class=\"img-with-animation skip-lazy\" data-delay=\"0\" height=\"17\" width=\"17\" data-animation=\"fade-in\" src=\"https:\/\/puurdata.nl\/wp-content\/uploads\/2021\/08\/Iconen-10.svg\" alt=\"\"  \/>\n          <\/div>\n        <\/div>\n      <\/div>\n    <\/div>\n\t\t<\/div> \n\t<\/div>\n\t<\/div> \n\n\t<div  class=\"vc_col-sm-6 wpb_column column_container vc_column_container col child_column padding-2-percent inherit_tablet inherit_phone \"   data-padding-pos=\"left\" data-has-bg-color=\"false\" data-bg-color=\"\" data-bg-opacity=\"1\" data-animation=\"\" data-delay=\"0\" >\n\t\t<div class=\"vc_column-inner\" >\n\t\t<div class=\"wpb_wrapper\">\n\t\t\t<h2 style=\"text-align: left;font-family:Abril Fatface;font-weight:400;font-style:normal\" class=\"vc_custom_heading vc_do_custom_heading\" >Haal m\u00e9\u00e9r uit je Elastic-omgeving<\/h2>\n<div class=\"wpb_text_column wpb_content_element \" >\n\t<div class=\"wpb_wrapper\">\n\t\t<p>Wil je dat je team Elastic beter begrijpt \u00e9n toepast in de eigen werkomgeving? PuurData biedt praktische Elastic-trainingen gericht op jouw use cases. Geen algemene theorie, maar concrete uitleg, tips en oefeningen rondom search, observability, SIEM of dashboards; afgestemd op jullie infrastructuur, data en doelen.<\/p>\n<p><a href=\"https:\/\/puurdata.nl\/nl\/elastic-expertise\/elastic-consultancy\/hoe-haal-je-maximale-waarde-uit-elastic\"><strong>Lees ook: Hoe haal je maximale waarde uit Elastic?<\/strong><\/a><br \/>\nPraktische inzichten om je Elastic-omgeving slimmer en effici\u00ebnter te benutten.<\/p>\n\t<\/div>\n<\/div>\n\n\n\n\n\t\t<\/div> \n\t<\/div>\n\t<\/div> \n<\/div><\/div>\n\t\t\t<\/div> \n\t\t<\/div>\n\t<\/div> \n<\/div><\/div>\n\t\t<div id=\"fws_69e75f19da77b\"  data-column-margin=\"default\" data-midnight=\"dark\"  class=\"wpb_row vc_row-fluid vc_row full-width-section\"  style=\"padding-top: 50px; padding-bottom: 100px; \"><div class=\"row-bg-wrap\" data-bg-animation=\"none\" data-bg-animation-delay=\"\" data-bg-overlay=\"false\"><div class=\"inner-wrap row-bg-layer\" ><div class=\"row-bg viewport-desktop using-bg-color\"  style=\"background-color: #ffffff; \"><\/div><\/div><\/div><div class=\"row_col_wrap_12 col span_12 dark left\">\n\t<div  class=\"vc_col-sm-12 wpb_column column_container vc_column_container col no-extra-padding inherit_tablet inherit_phone \"  data-padding-pos=\"all\" data-has-bg-color=\"false\" data-bg-color=\"\" data-bg-opacity=\"1\" data-animation=\"\" data-delay=\"0\" >\n\t\t<div class=\"vc_column-inner\" >\n\t\t\t<div class=\"wpb_wrapper\">\n\t\t\t\t<div id=\"fws_69e75f19daf1a\" data-midnight=\"\" data-column-margin=\"default\" class=\"wpb_row vc_row-fluid vc_row inner_row vc_row-o-equal-height vc_row-flex vc_row-o-content-middle\"  style=\"\"><div class=\"row-bg-wrap\"> <div class=\"row-bg\" ><\/div> <\/div><div class=\"row_col_wrap_12_inner col span_12  left\">\n\t<div  class=\"vc_col-sm-6 wpb_column column_container vc_column_container col child_column padding-2-percent inherit_tablet inherit_phone \"   data-padding-pos=\"right\" data-has-bg-color=\"false\" data-bg-color=\"\" data-bg-opacity=\"1\" data-animation=\"\" data-delay=\"0\" >\n\t\t<div class=\"vc_column-inner\" >\n\t\t<div class=\"wpb_wrapper\">\n\t\t\t<h2 style=\"text-align: left\" class=\"vc_custom_heading vc_do_custom_heading\" >Wat we bieden<\/h2>\n<div class=\"wpb_text_column wpb_content_element \" >\n\t<div class=\"wpb_wrapper\">\n\t\t<p><strong>Incompany training (maatwerk)<\/strong><br \/>\nOnze trainingen zijn hands-on en gericht op wat er in jouw omgeving speelt. We combineren heldere uitleg met live demo\u2019s en praktische opdrachten. Geschikt voor technische teams, beheerders of analisten die dagelijks met Elastic werken.<\/p>\n<p><strong>Voorbereiding op Elastic-certificering<\/strong><br \/>\nElastic biedt een leerpad met offici\u00eble certificeringen, waaronder:<\/p>\n<ul>\n<li>Elastic Certified Engineer<\/li>\n<li>Elastic Certified Analyst<\/li>\n<li>Elastic Certified Observability Engineer<\/li>\n<\/ul>\n<p>Op <a href=\"https:\/\/elastic.co\/training\" target=\"_blank\" rel=\"noopener\">elastic.co\/training<\/a> vind je alle details.<\/p>\n<p>Wij ondersteunen je team met gerichte begeleiding, praktijkvoorbeelden en uitleg bij de lesstof. Zo worden abstracte concepten tastbaar, en zijn teams goed voorbereid op hun certificeringstraject.<\/p>\n\t<\/div>\n<\/div>\n\n\n\n\n\t\t<\/div> \n\t<\/div>\n\t<\/div> \n\n\t<div  class=\"vc_col-sm-6 wpb_column column_container vc_column_container col child_column padding-2-percent inherit_tablet inherit_phone \"   data-padding-pos=\"left\" data-has-bg-color=\"false\" data-bg-color=\"\" data-bg-opacity=\"1\" data-animation=\"\" data-delay=\"0\" >\n\t\t<div class=\"vc_column-inner\" >\n\t\t<div class=\"wpb_wrapper\">\n\t\t\t<div class=\"img-with-aniamtion-wrap center\" data-max-width=\"75%\" data-max-width-mobile=\"default\" data-shadow=\"none\" data-animation=\"fade-in\" >\n      <div class=\"inner\">\n        <div class=\"hover-wrap\"> \n          <div class=\"hover-wrap-inner\">\n            <img loading=\"lazy\" decoding=\"async\" class=\"img-with-animation skip-lazy\" data-delay=\"0\" height=\"500\" width=\"500\" data-animation=\"fade-in\" src=\"https:\/\/puurdata.nl\/wp-content\/uploads\/2021\/07\/werken-bij2.svg\" alt=\"werken bij puur data\"  \/>\n          <\/div>\n        <\/div>\n      <\/div>\n    <\/div>\n\t\t<\/div> \n\t<\/div>\n\t<\/div> \n<\/div><\/div>\n\t\t\t<\/div> \n\t\t<\/div>\n\t<\/div> \n<\/div><\/div>\n\t\t<div id=\"fws_69e75f19dc9a9\"  data-column-margin=\"default\" data-midnight=\"dark\"  class=\"wpb_row vc_row-fluid vc_row full-width-section\"  style=\"padding-top: 100px; padding-bottom: 50px; \"><div class=\"row-bg-wrap\" data-bg-animation=\"none\" data-bg-animation-delay=\"\" data-bg-overlay=\"false\"><div class=\"inner-wrap row-bg-layer\" ><div class=\"row-bg viewport-desktop\"  style=\"\"><\/div><\/div><\/div><div class=\"row_col_wrap_12 col span_12 dark left\">\n\t<div  class=\"vc_col-sm-12 wpb_column column_container vc_column_container col no-extra-padding inherit_tablet inherit_phone \"  data-padding-pos=\"all\" data-has-bg-color=\"false\" data-bg-color=\"\" data-bg-opacity=\"1\" data-animation=\"\" data-delay=\"0\" >\n\t\t<div class=\"vc_column-inner\" >\n\t\t\t<div class=\"wpb_wrapper\">\n\t\t\t\t<div id=\"fws_69e75f19dd18d\" data-midnight=\"\" data-column-margin=\"default\" class=\"wpb_row vc_row-fluid vc_row inner_row vc_row-o-equal-height vc_row-flex vc_row-o-content-middle\"  style=\"\"><div class=\"row-bg-wrap\"> <div class=\"row-bg\" ><\/div> <\/div><div class=\"row_col_wrap_12_inner col span_12  left\">\n\t<div  class=\"vc_col-sm-6 wpb_column column_container vc_column_container col child_column padding-2-percent inherit_tablet inherit_phone \"   data-padding-pos=\"right\" data-has-bg-color=\"false\" data-bg-color=\"\" data-bg-opacity=\"1\" data-animation=\"\" data-delay=\"0\" >\n\t\t<div class=\"vc_column-inner\" >\n\t\t<div class=\"wpb_wrapper\">\n\t\t\t<div class=\"img-with-aniamtion-wrap center\" data-max-width=\"75%\" data-max-width-mobile=\"default\" data-shadow=\"none\" data-animation=\"fade-in\" >\n      <div class=\"inner\">\n        <div class=\"hover-wrap\"> \n          <div class=\"hover-wrap-inner\">\n            <img loading=\"lazy\" decoding=\"async\" class=\"img-with-animation skip-lazy\" data-delay=\"0\" height=\"773\" width=\"557\" data-animation=\"fade-in\" src=\"https:\/\/puurdata.nl\/wp-content\/uploads\/2021\/08\/solliciteer-icons-03.svg\" alt=\"\"  \/>\n          <\/div>\n        <\/div>\n      <\/div>\n    <\/div>\n\t\t<\/div> \n\t<\/div>\n\t<\/div> \n\n\t<div  class=\"vc_col-sm-6 wpb_column column_container vc_column_container col child_column padding-2-percent inherit_tablet inherit_phone \"   data-padding-pos=\"left\" data-has-bg-color=\"false\" data-bg-color=\"\" data-bg-opacity=\"1\" data-animation=\"\" data-delay=\"0\" >\n\t\t<div class=\"vc_column-inner\" >\n\t\t<div class=\"wpb_wrapper\">\n\t\t\t<h2 style=\"text-align: left\" class=\"vc_custom_heading vc_do_custom_heading\" >Voor wie?<\/h2>\n<div class=\"wpb_text_column wpb_content_element \" >\n\t<div class=\"wpb_wrapper\">\n\t\t<p>Onze trainingen zijn geschikt voor:<\/p>\n<ul>\n<li>IT-teams en DevOps die Elastic beheren<\/li>\n<li>Analisten of securityspecialisten die met dashboards of SIEM werken<\/li>\n<li>Developers die zoekfunctionaliteit willen optimaliseren<\/li>\n<li>Organisaties die net met Elastic starten of willen opschalen<\/li>\n<\/ul>\n\t<\/div>\n<\/div>\n\n\n\n\n\t\t<\/div> \n\t<\/div>\n\t<\/div> \n<\/div><\/div>\n\t\t\t<\/div> \n\t\t<\/div>\n\t<\/div> \n<\/div><\/div>\n\t\t<div id=\"fws_69e75f19deba3\"  data-column-margin=\"default\" data-midnight=\"dark\"  class=\"wpb_row vc_row-fluid vc_row\"  style=\"padding-top: 50px; padding-bottom: 100px; \"><div class=\"row-bg-wrap\" data-bg-animation=\"none\" data-bg-animation-delay=\"\" data-bg-overlay=\"false\"><div class=\"inner-wrap row-bg-layer\" ><div class=\"row-bg viewport-desktop\"  style=\"\"><\/div><\/div><\/div><div class=\"row_col_wrap_12 col span_12 dark left\">\n\t<div  class=\"vc_col-sm-12 wpb_column column_container vc_column_container col no-extra-padding inherit_tablet inherit_phone \"  data-padding-pos=\"all\" data-has-bg-color=\"false\" data-bg-color=\"\" data-bg-opacity=\"1\" data-animation=\"\" data-delay=\"0\" >\n\t\t<div class=\"vc_column-inner\" >\n\t\t\t<div class=\"wpb_wrapper\">\n\t\t\t\t<div id=\"fws_69e75f19df333\" data-midnight=\"\" data-column-margin=\"default\" class=\"wpb_row vc_row-fluid vc_row inner_row vc_row-o-equal-height vc_row-flex vc_row-o-content-middle vc_custom_1563875146201\"  style=\"\"><div class=\"row-bg-wrap\"> <div class=\"row-bg\" ><\/div> <\/div><div class=\"row_col_wrap_12_inner col span_12  left\">\n\t<div  class=\"vc_col-sm-8 wpb_column column_container vc_column_container col child_column padding-5-percent inherit_tablet inherit_phone \"   data-padding-pos=\"all\" data-has-bg-color=\"false\" data-bg-color=\"\" data-bg-opacity=\"1\" data-animation=\"\" data-delay=\"0\" >\n\t\t<div class=\"vc_column-inner\" >\n\t\t<div class=\"wpb_wrapper\">\n\t\t\t<h3 style=\"color: #ffffff;text-align: left\" class=\"vc_custom_heading vc_do_custom_heading\" >Wil je jouw team slimmer leren werken met Elastic?<\/h3>\n<div class=\"wpb_text_column wpb_content_element \" >\n\t<div class=\"wpb_wrapper\">\n\t\t<p><span style=\"color: #ffffff;\">Plan een intake met onze trainers, we stemmen de training graag af op jouw situatie.<\/span><\/p>\n\t<\/div>\n<\/div>\n\n\n\n<a class=\"nectar-button large regular accent-color  regular-button\"  role=\"button\" style=\"color: #e9812e; background-color: #ffffff;\"  href=\"https:\/\/puurdata.nl\/nl\/contact\" data-color-override=\"#ffffff\" data-hover-color-override=\"false\" data-hover-text-color-override=\"#fff\"><span>Contact<\/span><\/a>\n\t\t<\/div> \n\t<\/div>\n\t<\/div> \n\n\t<div  class=\"vc_col-sm-4 wpb_column column_container vc_column_container col child_column padding-2-percent inherit_tablet inherit_phone \"   data-padding-pos=\"right\" data-has-bg-color=\"false\" data-bg-color=\"\" data-bg-opacity=\"1\" data-animation=\"\" data-delay=\"0\" >\n\t\t<div class=\"vc_column-inner\" >\n\t\t<div class=\"wpb_wrapper\">\n\t\t\t<div class=\"img-with-aniamtion-wrap \" data-max-width=\"75%\" data-max-width-mobile=\"default\" data-shadow=\"none\" data-animation=\"fade-in\" >\n      <div class=\"inner\">\n        <div class=\"hover-wrap\"> \n          <div class=\"hover-wrap-inner\">\n            <img loading=\"lazy\" decoding=\"async\" class=\"img-with-animation skip-lazy\" data-delay=\"0\" height=\"1313\" width=\"1358\" data-animation=\"fade-in\" src=\"https:\/\/puurdata.nl\/wp-content\/uploads\/2019\/07\/Big-Data-Proof2.svg\" alt=\"\"  \/>\n          <\/div>\n        <\/div>\n      <\/div>\n    <\/div>\n\t\t<\/div> \n\t<\/div>\n\t<\/div> \n<\/div><\/div>\n\t\t\t<\/div> \n\t\t<\/div>\n\t<\/div> \n<\/div><\/div>\n","protected":false},"excerpt":{"rendered":"Elastic Training Haal m\u00e9\u00e9r uit je Elastic-omgeving Haal m\u00e9\u00e9r uit je Elastic-omgeving Wil je dat je team Elastic beter begrijpt \u00e9n toepast in de eigen werkomgeving? PuurData biedt praktische Elastic-trainingen...","protected":false},"author":5,"featured_media":0,"parent":3115,"menu_order":0,"comment_status":"closed","ping_status":"closed","template":"","meta":{"content-type":"","footnotes":""},"class_list":["post-3135","page","type-page","status-publish"],"yoast_head":"<!-- This site is optimized with the Yoast SEO plugin v27.3 - https:\/\/yoast.com\/product\/yoast-seo-wordpress\/ -->\n<title>Elastic Training - PuurData<\/title>\n<meta name=\"description\" content=\"PuurData biedt praktische Elastic-trainingen. Concrete uitleg, tips en oefeningen rondom search, observability, SIEM of dashboards.\" \/>\n<meta name=\"robots\" content=\"index, follow, max-snippet:-1, max-image-preview:large, max-video-preview:-1\" \/>\n<link rel=\"canonical\" href=\"https:\/\/puurdata.nl\/nl\/elastic-expertise\/elastic-training\/\" \/>\n<meta name=\"twitter:label1\" content=\"Geschatte leestijd\" \/>\n\t<meta name=\"twitter:data1\" content=\"3 minuten\" \/>\n<script type=\"application\/ld+json\" class=\"yoast-schema-graph\">{\"@context\":\"https:\\\/\\\/schema.org\",\"@graph\":[{\"@type\":\"WebPage\",\"@id\":\"https:\\\/\\\/puurdata.nl\\\/elastic-expertise\\\/elastic-training\\\/\",\"url\":\"https:\\\/\\\/puurdata.nl\\\/elastic-expertise\\\/elastic-training\\\/\",\"name\":\"Elastic Training - PuurData\",\"isPartOf\":{\"@id\":\"https:\\\/\\\/puurdata.nl\\\/#website\"},\"datePublished\":\"2025-07-01T10:55:48+00:00\",\"dateModified\":\"2026-04-21T08:33:51+00:00\",\"description\":\"PuurData biedt praktische Elastic-trainingen. Concrete uitleg, tips en oefeningen rondom search, observability, SIEM of dashboards.\",\"breadcrumb\":{\"@id\":\"https:\\\/\\\/puurdata.nl\\\/elastic-expertise\\\/elastic-training\\\/#breadcrumb\"},\"inLanguage\":\"nl-NL\",\"potentialAction\":[{\"@type\":\"ReadAction\",\"target\":[\"https:\\\/\\\/puurdata.nl\\\/elastic-expertise\\\/elastic-training\\\/\"]}]},{\"@type\":\"BreadcrumbList\",\"@id\":\"https:\\\/\\\/puurdata.nl\\\/elastic-expertise\\\/elastic-training\\\/#breadcrumb\",\"itemListElement\":[{\"@type\":\"ListItem\",\"position\":1,\"name\":\"Home\",\"item\":\"https:\\\/\\\/puurdata.nl\\\/\"},{\"@type\":\"ListItem\",\"position\":2,\"name\":\"Elastic Expertise\",\"item\":\"https:\\\/\\\/puurdata.nl\\\/elastic-expertise\\\/\"},{\"@type\":\"ListItem\",\"position\":3,\"name\":\"Elastic Training\"}]},{\"@type\":\"WebSite\",\"@id\":\"https:\\\/\\\/puurdata.nl\\\/#website\",\"url\":\"https:\\\/\\\/puurdata.nl\\\/\",\"name\":\"PuurData\",\"description\":\"PuurData\",\"potentialAction\":[{\"@type\":\"SearchAction\",\"target\":{\"@type\":\"EntryPoint\",\"urlTemplate\":\"https:\\\/\\\/puurdata.nl\\\/?s={search_term_string}\"},\"query-input\":{\"@type\":\"PropertyValueSpecification\",\"valueRequired\":true,\"valueName\":\"search_term_string\"}}],\"inLanguage\":\"nl-NL\"}]}<\/script>\n<!-- \/ Yoast SEO plugin. -->","yoast_head_json":{"title":"Elastic Training - PuurData","description":"PuurData biedt praktische Elastic-trainingen. Concrete uitleg, tips en oefeningen rondom search, observability, SIEM of dashboards.","robots":{"index":"index","follow":"follow","max-snippet":"max-snippet:-1","max-image-preview":"max-image-preview:large","max-video-preview":"max-video-preview:-1"},"canonical":"https:\/\/puurdata.nl\/nl\/elastic-expertise\/elastic-training\/","twitter_misc":{"Geschatte leestijd":"3 minuten"},"schema":{"@context":"https:\/\/schema.org","@graph":[{"@type":"WebPage","@id":"https:\/\/puurdata.nl\/elastic-expertise\/elastic-training\/","url":"https:\/\/puurdata.nl\/elastic-expertise\/elastic-training\/","name":"Elastic Training - PuurData","isPartOf":{"@id":"https:\/\/puurdata.nl\/#website"},"datePublished":"2025-07-01T10:55:48+00:00","dateModified":"2026-04-21T08:33:51+00:00","description":"PuurData biedt praktische Elastic-trainingen. Concrete uitleg, tips en oefeningen rondom search, observability, SIEM of dashboards.","breadcrumb":{"@id":"https:\/\/puurdata.nl\/elastic-expertise\/elastic-training\/#breadcrumb"},"inLanguage":"nl-NL","potentialAction":[{"@type":"ReadAction","target":["https:\/\/puurdata.nl\/elastic-expertise\/elastic-training\/"]}]},{"@type":"BreadcrumbList","@id":"https:\/\/puurdata.nl\/elastic-expertise\/elastic-training\/#breadcrumb","itemListElement":[{"@type":"ListItem","position":1,"name":"Home","item":"https:\/\/puurdata.nl\/"},{"@type":"ListItem","position":2,"name":"Elastic Expertise","item":"https:\/\/puurdata.nl\/elastic-expertise\/"},{"@type":"ListItem","position":3,"name":"Elastic Training"}]},{"@type":"WebSite","@id":"https:\/\/puurdata.nl\/#website","url":"https:\/\/puurdata.nl\/","name":"PuurData","description":"PuurData","potentialAction":[{"@type":"SearchAction","target":{"@type":"EntryPoint","urlTemplate":"https:\/\/puurdata.nl\/?s={search_term_string}"},"query-input":{"@type":"PropertyValueSpecification","valueRequired":true,"valueName":"search_term_string"}}],"inLanguage":"nl-NL"}]}},"_links":{"self":[{"href":"https:\/\/puurdata.nl\/nl\/wp-json\/wp\/v2\/pages\/3135","targetHints":{"allow":["GET"]}}],"collection":[{"href":"https:\/\/puurdata.nl\/nl\/wp-json\/wp\/v2\/pages"}],"about":[{"href":"https:\/\/puurdata.nl\/nl\/wp-json\/wp\/v2\/types\/page"}],"author":[{"embeddable":true,"href":"https:\/\/puurdata.nl\/nl\/wp-json\/wp\/v2\/users\/5"}],"replies":[{"embeddable":true,"href":"https:\/\/puurdata.nl\/nl\/wp-json\/wp\/v2\/comments?post=3135"}],"version-history":[{"count":8,"href":"https:\/\/puurdata.nl\/nl\/wp-json\/wp\/v2\/pages\/3135\/revisions"}],"predecessor-version":[{"id":4341,"href":"https:\/\/puurdata.nl\/nl\/wp-json\/wp\/v2\/pages\/3135\/revisions\/4341"}],"up":[{"embeddable":true,"href":"https:\/\/puurdata.nl\/nl\/wp-json\/wp\/v2\/pages\/3115"}],"wp:attachment":[{"href":"https:\/\/puurdata.nl\/nl\/wp-json\/wp\/v2\/media?parent=3135"}],"curies":[{"name":"wp","href":"https:\/\/api.w.org\/{rel}","templated":true}]}}