{"id":2896,"date":"2025-04-28T14:36:04","date_gmt":"2025-04-28T12:36:04","guid":{"rendered":"https:\/\/www.puurdata.nl\/?page_id=2896"},"modified":"2025-04-29T10:09:12","modified_gmt":"2025-04-29T08:09:12","slug":"search-ai-webinar","status":"publish","type":"page","link":"https:\/\/puurdata.nl\/nl\/search-ai-webinar\/","title":{"rendered":"Search AI Webinar"},"content":{"rendered":"\n\t\t<div id=\"fws_69e77f916387d\"  data-column-margin=\"default\" data-midnight=\"dark\"  class=\"wpb_row vc_row-fluid vc_row full-width-section headerBox\"  style=\"padding-top: 0px; padding-bottom: 0px; \"><div class=\"row-bg-wrap\" data-bg-animation=\"none\" data-bg-animation-delay=\"\" data-bg-overlay=\"false\"><div class=\"inner-wrap row-bg-layer using-image\" ><div class=\"row-bg viewport-desktop using-image\"  style=\"background-image: url(https:\/\/puurdata.nl\/wp-content\/uploads\/2019\/07\/header.png); background-position: center bottom; background-repeat: no-repeat; \"><\/div><\/div><\/div><div class=\"row_col_wrap_12 col span_12 dark left\">\n\t<div  class=\"vc_col-sm-12 wpb_column column_container vc_column_container col no-extra-padding\"  data-padding-pos=\"all\" data-has-bg-color=\"false\" data-bg-color=\"\" data-bg-opacity=\"1\" data-animation=\"\" data-delay=\"0\" >\n\t\t<div class=\"vc_column-inner\" >\n\t\t\t<div class=\"wpb_wrapper\">\n\t\t\t\t<div id=\"fws_69e77f916490f\" data-midnight=\"\" data-column-margin=\"default\" class=\"wpb_row vc_row-fluid vc_row inner_row vc_row-o-equal-height vc_row-flex vc_row-o-content-middle\"  style=\"padding-top: 10%; padding-bottom: 20%; \"><div class=\"row-bg-wrap\"> <div class=\"row-bg\" ><\/div> <\/div><div class=\"row_col_wrap_12_inner col span_12  left\">\n\t<div  class=\"vc_col-sm-8 wpb_column column_container vc_column_container col child_column padding-2-percent\"   data-padding-pos=\"right\" data-has-bg-color=\"false\" data-bg-color=\"\" data-bg-opacity=\"1\" data-animation=\"\" data-delay=\"0\" >\n\t\t<div class=\"vc_column-inner\" >\n\t\t<div class=\"wpb_wrapper\">\n\t\t\t<h1 style=\"text-align: left\" class=\"vc_custom_heading vc_do_custom_heading headerText\" >Het Search AI-webinar, powered by Elastic &amp; PuurData<\/h1>\n<div class=\"wpb_text_column wpb_content_element  headerText\" >\n\t<div class=\"wpb_wrapper\">\n\t\t<h4>Ontdek de toekomst van slimme zoekoplossingen<\/h4>\n\t<\/div>\n<\/div>\n\n\n\n\n\t\t<\/div> \n\t<\/div>\n\t<\/div> \n\n\t<div  class=\"vc_col-sm-4 wpb_column column_container vc_column_container col child_column no-extra-padding\"   data-padding-pos=\"all\" data-has-bg-color=\"false\" data-bg-color=\"\" data-bg-opacity=\"1\" data-animation=\"\" data-delay=\"0\" >\n\t\t<div class=\"vc_column-inner\" >\n\t\t<div class=\"wpb_wrapper\">\n\t\t\t<div class=\"img-with-aniamtion-wrap center\" data-max-width=\"100%\" data-max-width-mobile=\"100%\" data-shadow=\"none\" data-animation=\"none\" >\n      <div class=\"inner\">\n        <div class=\"hover-wrap\"> \n          <div class=\"hover-wrap-inner\">\n            <img loading=\"lazy\" decoding=\"async\" class=\"img-with-animation skip-lazy\" data-delay=\"0\" height=\"2409\" width=\"3558\" data-animation=\"none\" src=\"https:\/\/puurdata.nl\/wp-content\/uploads\/2019\/07\/Search1.svg\" alt=\"\"  \/>\n          <\/div>\n        <\/div>\n      <\/div>\n    <\/div>\n\t\t<\/div> \n\t<\/div>\n\t<\/div> \n<\/div><\/div>\n\t\t\t<\/div> \n\t\t<\/div>\n\t<\/div> \n<\/div><\/div>\n\t\t<div id=\"fws_69e77f9168b93\"  data-column-margin=\"default\" data-midnight=\"dark\"  class=\"wpb_row vc_row-fluid vc_row\"  style=\"padding-top: 50px; padding-bottom: 100px; \"><div class=\"row-bg-wrap\" data-bg-animation=\"none\" data-bg-animation-delay=\"\" data-bg-overlay=\"false\"><div class=\"inner-wrap row-bg-layer\" ><div class=\"row-bg viewport-desktop\"  style=\"\"><\/div><\/div><\/div><div class=\"row_col_wrap_12 col span_12 dark left\">\n\t<div style=\"\" class=\"vc_col-sm-7 wpb_column column_container vc_column_container col padding-10-percent\" data-using-bg=\"true\" data-padding-pos=\"all\" data-has-bg-color=\"true\" data-bg-color=\"#ffffff\" data-bg-opacity=\"1\" data-hover-bg=\"#ffffff\" data-hover-bg-opacity=\"1\" data-animation=\"\" data-delay=\"0\" >\n\t\t<div class=\"vc_column-inner\" ><div class=\"column-bg-overlay-wrap column-bg-layer\" data-bg-animation=\"none\"><div class=\"column-bg-overlay\" style=\"opacity: 1; background-color: #ffffff;\"><\/div><\/div>\n\t\t\t<div class=\"wpb_wrapper\">\n\t\t\t\t<h2 style=\"text-align: left\" class=\"vc_custom_heading vc_do_custom_heading\" >Haal m\u00e9\u00e9r uit je data met Search AI<\/h2>\n<div class=\"wpb_text_column wpb_content_element \" >\n\t<div class=\"wpb_wrapper\">\n\t\t<p class=\"\" data-start=\"308\" data-end=\"408\"><strong data-start=\"308\" data-end=\"408\">Ontdek hoe je zoekfunctionaliteit slimmer, sneller en effici\u00ebnter wordt met Elastic en PuurData.<\/strong><\/p>\n<p class=\"\" data-start=\"410\" data-end=\"741\">Ben je Elastic-gebruiker en klant van PuurData? Wil je weten hoe je jouw zoekfunctionaliteit naar een hoger niveau tilt met de kracht van AI? Tijdens ons interactieve <strong data-start=\"582\" data-end=\"603\">Search AI Webinar<\/strong> ontdek je hoe Search AI helpt om sneller en slimmer informatie te vinden in grote hoeveelheden gestructureerde en ongestructureerde data.<\/p>\n<p class=\"\" data-start=\"743\" data-end=\"967\">Samen met Elastic-experts nemen we je mee in de wereld van AI-gedreven zoeken en de nieuwste innovaties binnen het Elastic-ecosysteem. Je krijgt concrete inzichten \u00e9n een live demonstratie waarmee je direct aan de slag kunt.<\/p>\n<h4><strong>Programma<\/strong><\/h4>\n<p><strong>10:00 \u2013 Welkom &amp; Introductie<\/strong><br \/>\nEen korte inleiding over de grootste data-uitdagingen van vandaag en hoe Search AI organisaties helpt om sneller, slimmer en effici\u00ebnter te zoeken.<\/p>\n<p><strong>10:10 \u2013 Wat is Search AI?<\/strong><br \/>\nEen praktische uitleg over Search AI: hoe Elastic Search en generative AI samenkomen om zoekresultaten te verrijken en besluitvorming te versnellen.<\/p>\n<p><strong>10:30 \u2013 Search AI in actie + Live demo<\/strong><br \/>\nBekijk een live demo van een Search AI-oplossing gebaseerd op een praktijkcase. Ontdek hoe technieken als Natural Language Processing (NLP) en vectorsearch je zoekresultaten krachtiger en intu\u00eftiever maken.<\/p>\n<p><strong>11:15 \u2013 Interactieve Q&amp;A &amp; Afsluiting<\/strong><br \/>\nStel jouw vragen aan onze experts en krijg praktische tips om zelf aan de slag te gaan met Search AI.<\/p>\n<h4><strong>Voor wie is dit webinar?<\/strong><\/h4>\n<p>Dit webinar is exclusief voor Elastic-gebruikers en klanten van PuurData die hun zoekfunctionaliteit willen optimaliseren en de kracht van AI willen benutten.<\/p>\n<h4><strong>Details van het seminar<\/strong><\/h4>\n<ul>\n<li><strong>Datum:<\/strong> dinsdag 24 juni 2025<\/li>\n<li><strong>Tijd:<\/strong> 10:00 &#8211; 11:15 uur<\/li>\n<li><strong>Locatie: <\/strong>Online (link ontvang je na inschrijving)<\/li>\n<\/ul>\n\t<\/div>\n<\/div>\n\n\n\n\n<div class=\"wpb_text_column wpb_content_element \" >\n\t<div class=\"wpb_wrapper\">\n\t\t<p>Schrijf je nu in en ontdek hoe je jouw zoekfunctionaliteit naar een hoger niveau tilt met Search AI!<\/p>\n<p><script charset=\"utf-8\" type=\"text\/javascript\" src=\"\/\/js.hsforms.net\/forms\/embed\/v2.js\"><\/script><br \/>\n<script>\n  hbspt.forms.create({\n    portalId: \"2837840\",\n    formId: \"1125cbf0-f1f3-4ac7-956d-b2647a72b23b\",\n    region: \"na1\"\n  });\n<\/script><\/p>\n\t<\/div>\n<\/div>\n\n\n\n\n\t\t\t<\/div> \n\t\t<\/div>\n\t<\/div> \n\n\t<div  class=\"vc_col-sm-5 wpb_column column_container vc_column_container col padding-10-percent\"  data-padding-pos=\"all\" data-has-bg-color=\"false\" data-bg-color=\"\" data-bg-opacity=\"1\" data-animation=\"\" data-delay=\"0\" >\n\t\t<div class=\"vc_column-inner\" >\n\t\t\t<div class=\"wpb_wrapper\">\n\t\t\t\t<div class=\"img-with-aniamtion-wrap \" data-max-width=\"100%\" data-max-width-mobile=\"100%\" data-shadow=\"none\" data-animation=\"none\" >\n      <div class=\"inner\">\n        <div class=\"hover-wrap\"> \n          <div class=\"hover-wrap-inner\">\n            <img loading=\"lazy\" decoding=\"async\" class=\"img-with-animation skip-lazy\" data-delay=\"0\" height=\"939\" width=\"1350\" data-animation=\"none\" src=\"https:\/\/puurdata.nl\/wp-content\/uploads\/2025\/04\/webinar.png\" alt=\"\" srcset=\"https:\/\/puurdata.nl\/wp-content\/uploads\/2025\/04\/webinar.png 1350w, https:\/\/puurdata.nl\/wp-content\/uploads\/2025\/04\/webinar-300x209.png 300w, https:\/\/puurdata.nl\/wp-content\/uploads\/2025\/04\/webinar-1024x712.png 1024w, https:\/\/puurdata.nl\/wp-content\/uploads\/2025\/04\/webinar-768x534.png 768w, https:\/\/puurdata.nl\/wp-content\/uploads\/2025\/04\/webinar-18x12.png 18w\" sizes=\"auto, (max-width: 1350px) 100vw, 1350px\" \/>\n          <\/div>\n        <\/div>\n      <\/div>\n    <\/div>\n<div class=\"wpb_text_column wpb_content_element \" >\n\t<div class=\"wpb_wrapper\">\n\t\t<p><strong data-start=\"232\" data-end=\"271\">Deelnemen aan het Search AI-webinar<\/strong><\/p>\n<ul>\n<li>Online via Microsoft Teams.<\/li>\n<li>Deelname is gratis na registratie.<\/li>\n<li>Je ontvangt de link en toegangsinstructies per e-mail na aanmelding.<\/li>\n<\/ul>\n\t<\/div>\n<\/div>\n\n\n\n<div class=\"img-with-aniamtion-wrap \" data-max-width=\"100%\" data-max-width-mobile=\"100%\" data-shadow=\"none\" data-animation=\"none\" >\n      <div class=\"inner\">\n        <div class=\"hover-wrap\"> \n          <div class=\"hover-wrap-inner\">\n            <img loading=\"lazy\" decoding=\"async\" class=\"img-with-animation skip-lazy\" data-delay=\"0\" height=\"69\" width=\"200\" data-animation=\"none\" src=\"https:\/\/puurdata.nl\/wp-content\/uploads\/2023\/11\/Elasticsearch.png\" alt=\"\" srcset=\"https:\/\/puurdata.nl\/wp-content\/uploads\/2023\/11\/Elasticsearch.png 200w, https:\/\/puurdata.nl\/wp-content\/uploads\/2023\/11\/Elasticsearch-18x6.png 18w\" sizes=\"auto, (max-width: 200px) 100vw, 200px\" \/>\n          <\/div>\n        <\/div>\n      <\/div>\n    <\/div>\n\t\t\t<\/div> \n\t\t<\/div>\n\t<\/div> \n<\/div><\/div>\n","protected":false},"excerpt":{"rendered":"Het Search AI-webinar, powered by Elastic &amp; PuurData Ontdek de toekomst van slimme zoekoplossingen Haal m\u00e9\u00e9r uit je data met Search AI Ontdek hoe je zoekfunctionaliteit slimmer, sneller en effici\u00ebnter...","protected":false},"author":5,"featured_media":0,"parent":0,"menu_order":0,"comment_status":"closed","ping_status":"closed","template":"","meta":{"content-type":"","footnotes":""},"class_list":["post-2896","page","type-page","status-publish"],"yoast_head":"<!-- This site is optimized with the Yoast SEO plugin v27.3 - https:\/\/yoast.com\/product\/yoast-seo-wordpress\/ -->\n<title>Search AI Webinar - PuurData<\/title>\n<meta name=\"description\" content=\"Heeft u vragen, of wilt u graag meer informatie over \u00e9\u00e9n van de producten van PuurData? Neem dan contact met ons op.\" \/>\n<meta name=\"robots\" content=\"index, follow, max-snippet:-1, max-image-preview:large, max-video-preview:-1\" \/>\n<link rel=\"canonical\" href=\"https:\/\/puurdata.nl\/nl\/search-ai-webinar\/\" \/>\n<meta name=\"twitter:label1\" content=\"Geschatte leestijd\" \/>\n\t<meta name=\"twitter:data1\" content=\"3 minuten\" \/>\n<script type=\"application\/ld+json\" class=\"yoast-schema-graph\">{\"@context\":\"https:\\\/\\\/schema.org\",\"@graph\":[{\"@type\":\"WebPage\",\"@id\":\"https:\\\/\\\/puurdata.nl\\\/search-ai-webinar\\\/\",\"url\":\"https:\\\/\\\/puurdata.nl\\\/search-ai-webinar\\\/\",\"name\":\"Search AI Webinar - PuurData\",\"isPartOf\":{\"@id\":\"https:\\\/\\\/puurdata.nl\\\/#website\"},\"datePublished\":\"2025-04-28T12:36:04+00:00\",\"dateModified\":\"2025-04-29T08:09:12+00:00\",\"description\":\"Heeft u vragen, of wilt u graag meer informatie over \u00e9\u00e9n van de producten van PuurData? Neem dan contact met ons op.\",\"breadcrumb\":{\"@id\":\"https:\\\/\\\/puurdata.nl\\\/search-ai-webinar\\\/#breadcrumb\"},\"inLanguage\":\"nl-NL\",\"potentialAction\":[{\"@type\":\"ReadAction\",\"target\":[\"https:\\\/\\\/puurdata.nl\\\/search-ai-webinar\\\/\"]}]},{\"@type\":\"BreadcrumbList\",\"@id\":\"https:\\\/\\\/puurdata.nl\\\/search-ai-webinar\\\/#breadcrumb\",\"itemListElement\":[{\"@type\":\"ListItem\",\"position\":1,\"name\":\"Home\",\"item\":\"https:\\\/\\\/puurdata.nl\\\/\"},{\"@type\":\"ListItem\",\"position\":2,\"name\":\"Search AI Webinar\"}]},{\"@type\":\"WebSite\",\"@id\":\"https:\\\/\\\/puurdata.nl\\\/#website\",\"url\":\"https:\\\/\\\/puurdata.nl\\\/\",\"name\":\"PuurData\",\"description\":\"PuurData\",\"potentialAction\":[{\"@type\":\"SearchAction\",\"target\":{\"@type\":\"EntryPoint\",\"urlTemplate\":\"https:\\\/\\\/puurdata.nl\\\/?s={search_term_string}\"},\"query-input\":{\"@type\":\"PropertyValueSpecification\",\"valueRequired\":true,\"valueName\":\"search_term_string\"}}],\"inLanguage\":\"nl-NL\"}]}<\/script>\n<!-- \/ Yoast SEO plugin. -->","yoast_head_json":{"title":"Search AI Webinar - PuurData","description":"Heeft u vragen, of wilt u graag meer informatie over \u00e9\u00e9n van de producten van PuurData? Neem dan contact met ons op.","robots":{"index":"index","follow":"follow","max-snippet":"max-snippet:-1","max-image-preview":"max-image-preview:large","max-video-preview":"max-video-preview:-1"},"canonical":"https:\/\/puurdata.nl\/nl\/search-ai-webinar\/","twitter_misc":{"Geschatte leestijd":"3 minuten"},"schema":{"@context":"https:\/\/schema.org","@graph":[{"@type":"WebPage","@id":"https:\/\/puurdata.nl\/search-ai-webinar\/","url":"https:\/\/puurdata.nl\/search-ai-webinar\/","name":"Search AI Webinar - PuurData","isPartOf":{"@id":"https:\/\/puurdata.nl\/#website"},"datePublished":"2025-04-28T12:36:04+00:00","dateModified":"2025-04-29T08:09:12+00:00","description":"Heeft u vragen, of wilt u graag meer informatie over \u00e9\u00e9n van de producten van PuurData? Neem dan contact met ons op.","breadcrumb":{"@id":"https:\/\/puurdata.nl\/search-ai-webinar\/#breadcrumb"},"inLanguage":"nl-NL","potentialAction":[{"@type":"ReadAction","target":["https:\/\/puurdata.nl\/search-ai-webinar\/"]}]},{"@type":"BreadcrumbList","@id":"https:\/\/puurdata.nl\/search-ai-webinar\/#breadcrumb","itemListElement":[{"@type":"ListItem","position":1,"name":"Home","item":"https:\/\/puurdata.nl\/"},{"@type":"ListItem","position":2,"name":"Search AI Webinar"}]},{"@type":"WebSite","@id":"https:\/\/puurdata.nl\/#website","url":"https:\/\/puurdata.nl\/","name":"PuurData","description":"PuurData","potentialAction":[{"@type":"SearchAction","target":{"@type":"EntryPoint","urlTemplate":"https:\/\/puurdata.nl\/?s={search_term_string}"},"query-input":{"@type":"PropertyValueSpecification","valueRequired":true,"valueName":"search_term_string"}}],"inLanguage":"nl-NL"}]}},"_links":{"self":[{"href":"https:\/\/puurdata.nl\/nl\/wp-json\/wp\/v2\/pages\/2896","targetHints":{"allow":["GET"]}}],"collection":[{"href":"https:\/\/puurdata.nl\/nl\/wp-json\/wp\/v2\/pages"}],"about":[{"href":"https:\/\/puurdata.nl\/nl\/wp-json\/wp\/v2\/types\/page"}],"author":[{"embeddable":true,"href":"https:\/\/puurdata.nl\/nl\/wp-json\/wp\/v2\/users\/5"}],"replies":[{"embeddable":true,"href":"https:\/\/puurdata.nl\/nl\/wp-json\/wp\/v2\/comments?post=2896"}],"version-history":[{"count":9,"href":"https:\/\/puurdata.nl\/nl\/wp-json\/wp\/v2\/pages\/2896\/revisions"}],"predecessor-version":[{"id":2910,"href":"https:\/\/puurdata.nl\/nl\/wp-json\/wp\/v2\/pages\/2896\/revisions\/2910"}],"wp:attachment":[{"href":"https:\/\/puurdata.nl\/nl\/wp-json\/wp\/v2\/media?parent=2896"}],"curies":[{"name":"wp","href":"https:\/\/api.w.org\/{rel}","templated":true}]}}