{"id":859,"date":"2019-11-05T15:48:12","date_gmt":"2019-11-05T13:48:12","guid":{"rendered":"http:\/\/212.32.242.28\/?page_id=859"},"modified":"2019-11-12T20:58:18","modified_gmt":"2019-11-12T18:58:18","slug":"unterstutzung","status":"publish","type":"page","link":"https:\/\/puurdata.nl\/de\/support\/","title":{"rendered":"Die Unterst\u00fctzung"},"content":{"rendered":"<div id=\"fws_69ee0a98d792d\"  data-column-margin=\"default\" data-midnight=\"dark\"  class=\"wpb_row vc_row-fluid vc_row full-width-section headerBox\"  style=\"padding-top: 0px; padding-bottom: 0px; \"><div class=\"row-bg-wrap\" data-bg-animation=\"none\" data-bg-animation-delay=\"\" data-bg-overlay=\"false\"><div class=\"inner-wrap row-bg-layer using-image\" ><div class=\"row-bg viewport-desktop using-image\"  style=\"background-image: url(https:\/\/puurdata.nl\/wp-content\/uploads\/2019\/07\/header.png); background-position: center bottom; background-repeat: no-repeat; \"><\/div><\/div><\/div><div class=\"row_col_wrap_12 col span_12 dark left\">\n\t<div  class=\"vc_col-sm-12 wpb_column column_container vc_column_container col no-extra-padding\"  data-padding-pos=\"all\" data-has-bg-color=\"false\" data-bg-color=\"\" data-bg-opacity=\"1\" data-animation=\"\" data-delay=\"0\" >\n\t\t<div class=\"vc_column-inner\" >\n\t\t\t<div class=\"wpb_wrapper\">\n\t\t\t\t<div id=\"fws_69ee0a98d87ec\" data-midnight=\"\" data-column-margin=\"default\" class=\"wpb_row vc_row-fluid vc_row inner_row vc_row-o-equal-height vc_row-flex vc_row-o-content-middle\"  style=\"padding-top: 10%; padding-bottom: 20%; \"><div class=\"row-bg-wrap\"> <div class=\"row-bg\" ><\/div> <\/div><div class=\"row_col_wrap_12_inner col span_12  left\">\n\t<div  class=\"vc_col-sm-8 wpb_column column_container vc_column_container col child_column padding-2-percent\"   data-padding-pos=\"right\" data-has-bg-color=\"false\" data-bg-color=\"\" data-bg-opacity=\"1\" data-animation=\"\" data-delay=\"0\" >\n\t\t<div class=\"vc_column-inner\" >\n\t\t<div class=\"wpb_wrapper\">\n\t\t\t<h1 style=\"text-align: left\" class=\"vc_custom_heading vc_do_custom_heading headerText\" >Die Unterst\u00fctzung<\/h1>\n<div class=\"wpb_text_column wpb_content_element  headerText\" >\n\t<div class=\"wpb_wrapper\">\n\t\t<h4>PuurData-Supportformular<\/h4>\n\t<\/div>\n<\/div>\n\n\n\n\n\t\t<\/div> \n\t<\/div>\n\t<\/div> \n\n\t<div  class=\"vc_col-sm-4 wpb_column column_container vc_column_container col child_column padding-2-percent\"   data-padding-pos=\"left\" data-has-bg-color=\"false\" data-bg-color=\"\" data-bg-opacity=\"1\" data-animation=\"\" data-delay=\"0\" >\n\t\t<div class=\"vc_column-inner\" >\n\t\t<div class=\"wpb_wrapper\">\n\t\t\t<div class=\"img-with-aniamtion-wrap\" data-max-width=\"50%\" data-max-width-mobile=\"100%\" data-shadow=\"none\" data-animation=\"fade-in\" >\n      <div class=\"inner\">\n        <div class=\"hover-wrap\"> \n          <div class=\"hover-wrap-inner\">\n            <img loading=\"lazy\" decoding=\"async\" class=\"img-with-animation skip-lazy\" data-delay=\"0\" height=\"36\" width=\"29\" data-animation=\"fade-in\" src=\"https:\/\/puurdata.nl\/wp-content\/uploads\/2019\/07\/Puurdate_icons-08.svg\" alt=\"Die Unterst\u00fctzung\"  \/>\n          <\/div>\n        <\/div>\n      <\/div>\n    <\/div>\n\t\t<\/div> \n\t<\/div>\n\t<\/div> \n<\/div><\/div>\n\t\t\t<\/div> \n\t\t<\/div>\n\t<\/div> \n<\/div><\/div>\n\t\t<div id=\"fws_69ee0a98dac49\"  data-column-margin=\"default\" data-midnight=\"dark\"  class=\"wpb_row vc_row-fluid vc_row vc_row-o-equal-height vc_row-flex vc_row-o-content-top\"  style=\"padding-top: 100px; padding-bottom: 100px; \"><div class=\"row-bg-wrap\" data-bg-animation=\"none\" data-bg-animation-delay=\"\" data-bg-overlay=\"false\"><div class=\"inner-wrap row-bg-layer\" ><div class=\"row-bg viewport-desktop\"  style=\"\"><\/div><\/div><\/div><div class=\"row_col_wrap_12 col span_12 dark left\">\n\t<div  class=\"vc_col-sm-8 sidebarcards wpb_column column_container vc_column_container col padding-5-percent\"  data-padding-pos=\"right\" data-has-bg-color=\"false\" data-bg-color=\"\" data-bg-opacity=\"1\" data-animation=\"\" data-delay=\"0\" >\n\t\t<div class=\"vc_column-inner\" >\n\t\t\t<div class=\"wpb_wrapper\">\n\t\t\t\t<h2 style=\"text-align: left\" class=\"vc_custom_heading vc_do_custom_heading\" >Unterst\u00fctzungsanfrage<\/h2>\n<div class=\"wpb_text_column wpb_content_element  vc_custom_1572969111985\" >\n\t<div class=\"wpb_wrapper\">\n\t\t<p>Sie sind Kunde und haben eine Support-Frage? F\u00fcllen Sie das untenstehende Formular aus und Sie werden so schnell wie m\u00f6glich kontaktiert, um Ihr Problem zu l\u00f6sen.<\/p>\n\n\t\t\t\t\t\t<script>\n\t\t\t\t\t\t\twindow.hsFormsOnReady = window.hsFormsOnReady || [];\n\t\t\t\t\t\t\twindow.hsFormsOnReady.push(()=>{\n\t\t\t\t\t\t\t\thbspt.forms.create({\n\t\t\t\t\t\t\t\t\tportalId: 2837840,\n\t\t\t\t\t\t\t\t\tformId: \"2a311c89-d983-49d2-9c2a-bea39412bf4c\",\n\t\t\t\t\t\t\t\t\ttarget: \"#hbspt-form-1777207960000-1027312738\",\n\t\t\t\t\t\t\t\t\tregion: \"na1\",\n\t\t\t\t\t\t\t\t\t\n\t\t\t\t\t\t\t})});\n\t\t\t\t\t\t<\/script>\n\t\t\t\t\t\t<div class=\"hbspt-form\" id=\"hbspt-form-1777207960000-1027312738\"><\/div>\n<div><\/div>\n\t<\/div>\n<\/div>\n\n\n\n\n\t\t\t<\/div> \n\t\t<\/div>\n\t<\/div> \n\n\t<div  class=\"vc_col-sm-4 sidebarcards wpb_column column_container vc_column_container col padding-5-percent\"  data-padding-pos=\"top\" data-has-bg-color=\"false\" data-bg-color=\"\" data-bg-opacity=\"1\" data-animation=\"\" data-delay=\"0\" >\n\t\t<div class=\"vc_column-inner\" >\n\t\t\t<div class=\"wpb_wrapper\">\n\t\t\t\t<h4 style=\"color: #e9812e;text-align: left\" class=\"vc_custom_heading vc_do_custom_heading\" >Aktuelle Nachrichten<\/h4>\n    <div class=\"row blog-recent columns-1\" data-style=\"default\" data-color-scheme=\"light\" data-remove-post-date=\"1\" data-remove-post-author=\"1\" data-remove-post-comment-number=\"1\" data-remove-post-nectar-love=\"1\">\n\n      \n      <div class=\"col span_12 post-3941 post type-post status-publish format-standard has-post-thumbnail category-headlines tag-ai tag-monitoring tag-observability tag-search-ai tag-soc\" >\n\n        <a href=\"https:\/\/puurdata.nl\/de\/samen-verder-bouwen-aan-slimme-en-betrouwbare-data-oplossingen\/\"><img loading=\"lazy\" decoding=\"async\" width=\"600\" height=\"403\" src=\"https:\/\/puurdata.nl\/wp-content\/uploads\/2025\/12\/shutterstock_788626381-600x403.jpg\" class=\"attachment-portfolio-thumb size-portfolio-thumb wp-post-image\" alt=\"\" title=\"\" srcset=\"https:\/\/puurdata.nl\/wp-content\/uploads\/2025\/12\/shutterstock_788626381-600x403.jpg 600w, https:\/\/puurdata.nl\/wp-content\/uploads\/2025\/12\/shutterstock_788626381-18x12.jpg 18w, https:\/\/puurdata.nl\/wp-content\/uploads\/2025\/12\/shutterstock_788626381-900x604.jpg 900w, https:\/\/puurdata.nl\/wp-content\/uploads\/2025\/12\/shutterstock_788626381-400x269.jpg 400w\" sizes=\"auto, (max-width: 600px) 100vw, 600px\" \/><\/a>\n            <div class=\"post-header\">\n              <h3 class=\"title\"><a href=\"https:\/\/puurdata.nl\/de\/samen-verder-bouwen-aan-slimme-en-betrouwbare-data-oplossingen\/\">Gemeinsam intelligente und zuverl\u00e4ssige Datenl\u00f6sungen entwickeln<\/a><\/h3>\n              <span class=\"meta-author\"><a href=\"https:\/\/puurdata.nl\/de\/author\/astegpuurdata-nl\/\" title=\"Beitr\u00e4ge von Alex Steg\" rel=\"author\">Alex Steg<\/a> <\/span> <span class=\"meta-category\"> | <a href=\"https:\/\/puurdata.nl\/de\/category\/headlines\/\">Schlagzeilen<\/a> <\/span> <span class=\"meta-comment-count\"> | <a href=\"https:\/\/puurdata.nl\/de\/samen-verder-bouwen-aan-slimme-en-betrouwbare-data-oplossingen\/#respond\">\n              Keine Kommentare<\/a> <\/span>\n            <\/div>\n\n            <div class=\"excerpt\">Das Jahr 2025 brachte neue Fortschritte in den Bereichen KI-gest\u00fctzte Suche, Sicherheit, Beobachtbarkeit und Datenintegration. In diesem Artikel blicken wir auf die wichtigsten Entwicklungen zur\u00fcck und werfen einen Ausblick auf das Jahr 2026.<\/div>\n      <\/div><!--\/col-->\n\n      \n      <div class=\"col span_12 post-3865 post type-post status-publish format-standard has-post-thumbnail category-headlines tag-ai tag-chat tag-clickhouse tag-librechat\" >\n\n        <a href=\"https:\/\/puurdata.nl\/de\/clickhouse-versterkt-ai-strategie-met-overname-van-librechat\/\"><img loading=\"lazy\" decoding=\"async\" width=\"600\" height=\"403\" src=\"https:\/\/puurdata.nl\/wp-content\/uploads\/2025\/11\/librechat-600x403.jpg\" class=\"attachment-portfolio-thumb size-portfolio-thumb wp-post-image\" alt=\"\" title=\"\" srcset=\"https:\/\/puurdata.nl\/wp-content\/uploads\/2025\/11\/librechat-600x403.jpg 600w, https:\/\/puurdata.nl\/wp-content\/uploads\/2025\/11\/librechat-900x604.jpg 900w, https:\/\/puurdata.nl\/wp-content\/uploads\/2025\/11\/librechat-400x269.jpg 400w\" sizes=\"auto, (max-width: 600px) 100vw, 600px\" \/><\/a>\n            <div class=\"post-header\">\n              <h3 class=\"title\"><a href=\"https:\/\/puurdata.nl\/de\/clickhouse-versterkt-ai-strategie-met-overname-van-librechat\/\">ClickHouse st\u00e4rkt KI-Strategie durch \u00dcbernahme von LibreChat<\/a><\/h3>\n              <span class=\"meta-author\"><a href=\"https:\/\/puurdata.nl\/de\/author\/astegpuurdata-nl\/\" title=\"Beitr\u00e4ge von Alex Steg\" rel=\"author\">Alex Steg<\/a> <\/span> <span class=\"meta-category\"> | <a href=\"https:\/\/puurdata.nl\/de\/category\/headlines\/\">Schlagzeilen<\/a> <\/span> <span class=\"meta-comment-count\"> | <a href=\"https:\/\/puurdata.nl\/de\/clickhouse-versterkt-ai-strategie-met-overname-van-librechat\/#respond\">\n              Keine Kommentare<\/a> <\/span>\n            <\/div>\n\n            <div class=\"excerpt\">ClickHouse hat LibreChat \u00fcbernommen, ein Open-Source-Chat-Framework, das es Benutzern erm\u00f6glicht, ihre Datenfragen in einfacher Sprache zu stellen.<\/div>\n      <\/div><!--\/col-->\n\n      \n    <\/div><!--\/blog-recent-->\n\n  \n\t\t\t<\/div> \n\t\t<\/div>\n\t<\/div> \n<\/div><\/div>","protected":false},"excerpt":{"rendered":"ClickHouse st\u00e4rkt KI-Strategie mit LibreChat-\u00dcbernahme. Ein weiterer Schritt in der Konvergenz von Datenanalyse und KI: ClickHouse hat LibreChat \u00fcbernommen, ein Open-Source-Chat-Framework, das es Nutzern erm\u00f6glicht, Fragen in nat\u00fcrlicher Sprache zu stellen...","protected":false},"author":1,"featured_media":0,"parent":0,"menu_order":0,"comment_status":"closed","ping_status":"closed","template":"","meta":{"content-type":"","footnotes":""},"class_list":["post-859","page","type-page","status-publish"],"yoast_head":"<!-- This site is optimized with the Yoast SEO plugin v27.3 - https:\/\/yoast.com\/product\/yoast-seo-wordpress\/ -->\n<title>Support - PuurData<\/title>\n<meta name=\"description\" content=\"Bekijk hier de algemene voorwaarden van PuurData op onze website\" \/>\n<meta name=\"robots\" content=\"index, follow, max-snippet:-1, max-image-preview:large, max-video-preview:-1\" \/>\n<link rel=\"canonical\" href=\"https:\/\/puurdata.nl\/de\/unterstutzung\/\" \/>\n<meta name=\"twitter:label1\" content=\"Gesch\u00e4tzte Lesezeit\" \/>\n\t<meta name=\"twitter:data1\" content=\"3\u00a0Minuten\" \/>\n<script type=\"application\/ld+json\" class=\"yoast-schema-graph\">{\"@context\":\"https:\\\/\\\/schema.org\",\"@graph\":[{\"@type\":\"WebPage\",\"@id\":\"https:\\\/\\\/puurdata.nl\\\/nl\\\/support\\\/\",\"url\":\"https:\\\/\\\/puurdata.nl\\\/nl\\\/support\\\/\",\"name\":\"Support - PuurData\",\"isPartOf\":{\"@id\":\"https:\\\/\\\/puurdata.nl\\\/#website\"},\"datePublished\":\"2019-11-05T13:48:12+00:00\",\"dateModified\":\"2019-11-12T18:58:18+00:00\",\"description\":\"Bekijk hier de algemene voorwaarden van PuurData op onze website\",\"breadcrumb\":{\"@id\":\"https:\\\/\\\/puurdata.nl\\\/nl\\\/support\\\/#breadcrumb\"},\"inLanguage\":\"de\",\"potentialAction\":[{\"@type\":\"ReadAction\",\"target\":[\"https:\\\/\\\/puurdata.nl\\\/nl\\\/support\\\/\"]}]},{\"@type\":\"BreadcrumbList\",\"@id\":\"https:\\\/\\\/puurdata.nl\\\/nl\\\/support\\\/#breadcrumb\",\"itemListElement\":[{\"@type\":\"ListItem\",\"position\":1,\"name\":\"Home\",\"item\":\"https:\\\/\\\/puurdata.nl\\\/\"},{\"@type\":\"ListItem\",\"position\":2,\"name\":\"Support\"}]},{\"@type\":\"WebSite\",\"@id\":\"https:\\\/\\\/puurdata.nl\\\/#website\",\"url\":\"https:\\\/\\\/puurdata.nl\\\/\",\"name\":\"PuurData\",\"description\":\"PuurData\",\"potentialAction\":[{\"@type\":\"SearchAction\",\"target\":{\"@type\":\"EntryPoint\",\"urlTemplate\":\"https:\\\/\\\/puurdata.nl\\\/?s={search_term_string}\"},\"query-input\":{\"@type\":\"PropertyValueSpecification\",\"valueRequired\":true,\"valueName\":\"search_term_string\"}}],\"inLanguage\":\"de\"}]}<\/script>\n<!-- \/ Yoast SEO plugin. -->","yoast_head_json":{"title":"Support - PuurData","description":"Die allgemeinen Gesch\u00e4ftsbedingungen von PuurData finden Sie hier auf unserer Website.","robots":{"index":"index","follow":"follow","max-snippet":"max-snippet:-1","max-image-preview":"max-image-preview:large","max-video-preview":"max-video-preview:-1"},"canonical":"https:\/\/puurdata.nl\/de\/unterstutzung\/","twitter_misc":{"Gesch\u00e4tzte Lesezeit":"3\u00a0Minuten"},"schema":{"@context":"https:\/\/schema.org","@graph":[{"@type":"WebPage","@id":"https:\/\/puurdata.nl\/nl\/support\/","url":"https:\/\/puurdata.nl\/nl\/support\/","name":"Support - PuurData","isPartOf":{"@id":"https:\/\/puurdata.nl\/#website"},"datePublished":"2019-11-05T13:48:12+00:00","dateModified":"2019-11-12T18:58:18+00:00","description":"Die allgemeinen Gesch\u00e4ftsbedingungen von PuurData finden Sie hier auf unserer Website.","breadcrumb":{"@id":"https:\/\/puurdata.nl\/nl\/support\/#breadcrumb"},"inLanguage":"de","potentialAction":[{"@type":"ReadAction","target":["https:\/\/puurdata.nl\/nl\/support\/"]}]},{"@type":"BreadcrumbList","@id":"https:\/\/puurdata.nl\/nl\/support\/#breadcrumb","itemListElement":[{"@type":"ListItem","position":1,"name":"Home","item":"https:\/\/puurdata.nl\/"},{"@type":"ListItem","position":2,"name":"Support"}]},{"@type":"WebSite","@id":"https:\/\/puurdata.nl\/#website","url":"https:\/\/puurdata.nl\/","name":"PuurData","description":"PuurData","potentialAction":[{"@type":"SearchAction","target":{"@type":"EntryPoint","urlTemplate":"https:\/\/puurdata.nl\/?s={search_term_string}"},"query-input":{"@type":"PropertyValueSpecification","valueRequired":true,"valueName":"search_term_string"}}],"inLanguage":"de"}]}},"_links":{"self":[{"href":"https:\/\/puurdata.nl\/de\/wp-json\/wp\/v2\/pages\/859","targetHints":{"allow":["GET"]}}],"collection":[{"href":"https:\/\/puurdata.nl\/de\/wp-json\/wp\/v2\/pages"}],"about":[{"href":"https:\/\/puurdata.nl\/de\/wp-json\/wp\/v2\/types\/page"}],"author":[{"embeddable":true,"href":"https:\/\/puurdata.nl\/de\/wp-json\/wp\/v2\/users\/1"}],"replies":[{"embeddable":true,"href":"https:\/\/puurdata.nl\/de\/wp-json\/wp\/v2\/comments?post=859"}],"version-history":[{"count":51,"href":"https:\/\/puurdata.nl\/de\/wp-json\/wp\/v2\/pages\/859\/revisions"}],"predecessor-version":[{"id":1053,"href":"https:\/\/puurdata.nl\/de\/wp-json\/wp\/v2\/pages\/859\/revisions\/1053"}],"wp:attachment":[{"href":"https:\/\/puurdata.nl\/de\/wp-json\/wp\/v2\/media?parent=859"}],"curies":[{"name":"wp","href":"https:\/\/api.w.org\/{rel}","templated":true}]}}