{"id":4005,"date":"2026-01-08T14:06:01","date_gmt":"2026-01-08T12:06:01","guid":{"rendered":"https:\/\/www.puurdata.nl\/?page_id=4005"},"modified":"2026-01-08T14:15:04","modified_gmt":"2026-01-08T12:15:04","slug":"der-agentische-datenstapel","status":"publish","type":"page","link":"https:\/\/puurdata.nl\/de\/the-agentic-data-stack\/","title":{"rendered":"Der Agentic-Datenstack"},"content":{"rendered":"<div id=\"fws_69e784b3326e6\"  data-column-margin=\"default\" data-midnight=\"dark\"  class=\"wpb_row vc_row-fluid vc_row full-width-section headerBox\"  style=\"padding-top: 0px; padding-bottom: 0px; \"><div class=\"row-bg-wrap\" data-bg-animation=\"none\" data-bg-animation-delay=\"\" data-bg-overlay=\"false\"><div class=\"inner-wrap row-bg-layer using-image\" ><div class=\"row-bg viewport-desktop using-image\"  style=\"background-image: url(https:\/\/puurdata.nl\/wp-content\/uploads\/2019\/07\/header.png); background-position: center bottom; background-repeat: no-repeat; \"><\/div><\/div><\/div><div class=\"row_col_wrap_12 col span_12 dark left\">\n\t<div  class=\"vc_col-sm-12 wpb_column column_container vc_column_container col no-extra-padding inherit_tablet inherit_phone\"  data-padding-pos=\"all\" data-has-bg-color=\"false\" data-bg-color=\"\" data-bg-opacity=\"1\" data-animation=\"\" data-delay=\"0\" >\n\t\t<div class=\"vc_column-inner\" >\n\t\t\t<div class=\"wpb_wrapper\">\n\t\t\t\t<div id=\"fws_69e784b3332b1\" data-midnight=\"\" data-column-margin=\"default\" class=\"wpb_row vc_row-fluid vc_row inner_row vc_row-o-equal-height vc_row-flex vc_row-o-content-middle\"  style=\"padding-top: 10%; padding-bottom: 20%; \"><div class=\"row-bg-wrap\"> <div class=\"row-bg\" ><\/div> <\/div><div class=\"row_col_wrap_12_inner col span_12  left\">\n\t<div  class=\"vc_col-sm-8 wpb_column column_container vc_column_container col child_column padding-2-percent inherit_tablet inherit_phone\"   data-padding-pos=\"right\" data-has-bg-color=\"false\" data-bg-color=\"\" data-bg-opacity=\"1\" data-animation=\"\" data-delay=\"0\" >\n\t\t<div class=\"vc_column-inner\" >\n\t\t<div class=\"wpb_wrapper\">\n\t\t\t<h1 style=\"text-align: left\" class=\"vc_custom_heading vc_do_custom_heading headerText\" >Der Agentic-Datenstack<\/h1>\n<div class=\"wpb_text_column wpb_content_element  headerText\" >\n\t<div class=\"wpb_wrapper\">\n\t\t<h4>Intelligenter Umgang mit KI: von Daten zur Interaktion<\/h4>\n\t<\/div>\n<\/div>\n\n\n\n\n\t\t<\/div> \n\t<\/div>\n\t<\/div> \n\n\t<div  class=\"vc_col-sm-4 wpb_column column_container vc_column_container col child_column no-extra-padding inherit_tablet inherit_phone\"   data-padding-pos=\"all\" data-has-bg-color=\"false\" data-bg-color=\"\" data-bg-opacity=\"1\" data-animation=\"\" data-delay=\"0\" >\n\t\t<div class=\"vc_column-inner\" >\n\t\t<div class=\"wpb_wrapper\">\n\t\t\t\n\t\t<\/div> \n\t<\/div>\n\t<\/div> \n<\/div><\/div>\n\t\t\t<\/div> \n\t\t<\/div>\n\t<\/div> \n<\/div><\/div>\n\t\t<div id=\"fws_69e784b334b34\"  data-column-margin=\"default\" data-midnight=\"dark\"  class=\"wpb_row vc_row-fluid vc_row\"  style=\"padding-top: 50px; padding-bottom: 100px; \"><div class=\"row-bg-wrap\" data-bg-animation=\"none\" data-bg-animation-delay=\"\" data-bg-overlay=\"false\"><div class=\"inner-wrap row-bg-layer\" ><div class=\"row-bg viewport-desktop\"  style=\"\"><\/div><\/div><\/div><div class=\"row_col_wrap_12 col span_12 dark left\">\n\t<div style=\"\" class=\"vc_col-sm-7 wpb_column column_container vc_column_container col padding-10-percent inherit_tablet inherit_phone\" data-using-bg=\"true\" data-padding-pos=\"all\" data-has-bg-color=\"true\" data-bg-color=\"#ffffff\" data-bg-opacity=\"1\" data-hover-bg=\"#ffffff\" data-hover-bg-opacity=\"1\" data-animation=\"\" data-delay=\"0\" >\n\t\t<div class=\"vc_column-inner\" ><div class=\"column-bg-overlay-wrap column-bg-layer\" data-bg-animation=\"none\"><div class=\"column-bg-overlay\" style=\"opacity: 1; background-color: #ffffff;\"><\/div><\/div>\n\t\t\t<div class=\"wpb_wrapper\">\n\t\t\t\t<h2 style=\"text-align: left\" class=\"vc_custom_heading vc_do_custom_heading\" >Dienstag, 27. Januar | 14:00 - 17:00 Uhr | Amsterdam<\/h2>\n<div class=\"wpb_text_column wpb_content_element\" >\n\t<div class=\"wpb_wrapper\">\n\t\t<p><strong>Zusammen mit <a href=\"https:\/\/clickhouse.com\" target=\"_blank\" rel=\"noopener\">ClickHouse<\/a> organisiert PuurData<\/strong><strong>\u00a0Eine exklusive, kleine Live-Session zu Agentic AI und dem Agentic Data Stack. In dieser Veranstaltung demonstrieren wir, wie Unternehmen KI-Agenten einsetzen, die selbstst\u00e4ndig Daten analysieren, abfragen und Aktionen auf Echtzeit-Analyse-Workloads ausf\u00fchren k\u00f6nnen.<\/strong><\/p>\n<p>Diese Veranstaltung richtet sich an Fachleute, die \u00fcber Experimente hinausgehen und verstehen wollen, wie agentenbasierte KI praktisch und skalierbar eingesetzt werden kann.<\/p>\n<h4>Was ist der Schwerpunkt dieser Veranstaltung?<\/h4>\n<p>Im Laufe dieses Nachmittags werden wir uns eingehend mit der Architektur und Praxis agentenbasierter KI befassen, mit besonderem Augenmerk auf:<\/p>\n<ul>\n<li><strong>Der Agentic Data Stack in der Praxis<\/strong><br \/>\nWie KI-Agenten den Model Context Protocol (MCP)-Server nutzen, um Echtzeitdaten zu analysieren und darauf basierend selbstst\u00e4ndig Aktionen auszul\u00f6sen.<\/li>\n<li><strong>Vom Prototyp zur Serienfertigung<\/strong><br \/>\nKonkrete Werkzeuge zur Integration von ClickHouse in agentenbasierte KI-Frameworks \u2013 vom ersten Anwendungsfall bis zur gro\u00df angelegten Anwendung.<\/li>\n<li><strong>Live-Demos<\/strong><br \/>\nUnter anderem:<\/p>\n<ul>\n<li>Konversationsanalyse mit LibreChat<\/li>\n<li>Autonome Datenexploration<\/li>\n<li>Echtzeit-Entscheidungsagenten auf ClickHouse<\/li>\n<\/ul>\n<\/li>\n<li><strong>Ausblick<\/strong><br \/>\nEinblicke in die Roadmap rund um MCP, Agentenorchestrierung und KI-native Analytik.<\/li>\n<li><strong>Interaktive Sitzung<\/strong><br \/>\nGelegenheit zu ausf\u00fchrlichen Diskussionen, Fragen und Debatten mit Experten von ClickHouse und Partnern.<\/li>\n<\/ul>\n<h4>F\u00fcr wen ist diese Veranstaltung gedacht?<\/h4>\n<p>Diese Veranstaltung ist interessant f\u00fcr:<\/p>\n<ul>\n<li>Daten- und Analyseexperten<\/li>\n<li>Architekten und Ingenieure<\/li>\n<li>Innovations- und KI-Manager<\/li>\n<li>Organisationen, die KI-L\u00f6sungen in die Produktion einf\u00fchren m\u00f6chten<\/li>\n<\/ul>\n<p>Die Umgebung wurde bewusst im kleinen Ma\u00dfstab gestaltet, um Raum f\u00fcr eingehende Erkundung und Interaktion zu bieten.<\/p>\n<p><strong>Anmerkung:<\/strong> Die Anzahl der Pl\u00e4tze ist begrenzt und die Anmeldung bedarf der Genehmigung durch die Organisation.<\/p>\n<h4>Praktische Informationen<\/h4>\n<p><strong>Standort<\/strong><br \/>\nClickHouse-B\u00fcro<br \/>\nVijzelstraat 79A<br \/>\n1017 HG Amsterdam<\/p>\n<p><strong>Datum und Uhrzeit<\/strong><br \/>\nDienstag, 27. Januar<br \/>\n14:00 \u2013 17:00<\/p>\n<p><strong>Zur Registrierung<\/strong><br \/>\nDie Registrierung erfolgt \u00fcber die ClickHouse-Veranstaltungsseite:<br \/>\n<a href=\"https:\/\/luma.com\/uy9vifa1\" target=\"_blank\" rel=\"noopener\">https:\/\/luma.com\/uy9vifa1<\/a><\/p>\n\t<\/div>\n<\/div>\n\n\n\n\n<div class=\"wpb_text_column wpb_content_element\" >\n\t<div class=\"wpb_wrapper\">\n\t\t<p><img loading=\"lazy\" decoding=\"async\" class=\"alignnone wp-image-4021\" src=\"https:\/\/puurdata.nl\/wp-content\/uploads\/2026\/01\/click-puur-logo-300x91.png\" alt=\"\" width=\"426\" height=\"130\" srcset=\"https:\/\/puurdata.nl\/wp-content\/uploads\/2026\/01\/click-puur-logo-300x91.png 300w, https:\/\/puurdata.nl\/wp-content\/uploads\/2026\/01\/click-puur-logo-18x5.png 18w, https:\/\/puurdata.nl\/wp-content\/uploads\/2026\/01\/click-puur-logo.png 574w\" sizes=\"auto, (max-width: 426px) 100vw, 426px\" \/><\/p>\n\t<\/div>\n<\/div>\n\n\n\n\n<div class=\"wpb_text_column wpb_content_element\" >\n\t<div class=\"wpb_wrapper\">\n\t\t<h4><strong>Jetzt anmelden!<\/strong><\/h4>\n<p>Nutzen Sie diese Gelegenheit, Ihr Wissen zu erweitern und wertvolle Kontakte zu kn\u00fcpfen. Registrieren Sie sich noch heute \u00fcber den untenstehenden Link.<\/p>\n\t<\/div>\n<\/div>\n\n\n\n<a class=\"nectar-button large regular accent-color  regular-button\"  role=\"button\" style=\"\" target=\"_blank\" href=\"https:\/\/luma.com\/uy9vifa1\" data-color-override=\"false\" data-hover-color-override=\"false\" data-hover-text-color-override=\"#fff\"><span>Anmelden<\/span><\/a>\n\t\t\t<\/div> \n\t\t<\/div>\n\t<\/div> \n\n\t<div  class=\"vc_col-sm-5 wpb_column column_container vc_column_container col padding-10-percent inherit_tablet inherit_phone\"  data-padding-pos=\"all\" data-has-bg-color=\"false\" data-bg-color=\"\" data-bg-opacity=\"1\" data-animation=\"\" data-delay=\"0\" >\n\t\t<div class=\"vc_column-inner\" >\n\t\t\t<div class=\"wpb_wrapper\">\n\t\t\t\t<div class=\"img-with-aniamtion-wrap\" data-max-width=\"100%\" data-max-width-mobile=\"default\" data-shadow=\"none\" data-animation=\"none\" >\n      <div class=\"inner\">\n        <div class=\"hover-wrap\"> \n          <div class=\"hover-wrap-inner\">\n            <img loading=\"lazy\" decoding=\"async\" class=\"img-with-animation skip-lazy\" data-delay=\"0\" height=\"384\" width=\"384\" data-animation=\"none\" src=\"https:\/\/puurdata.nl\/wp-content\/uploads\/2026\/01\/clickhouse-puurdata-event.png\" alt=\"\" srcset=\"https:\/\/puurdata.nl\/wp-content\/uploads\/2026\/01\/clickhouse-puurdata-event.png 384w, https:\/\/puurdata.nl\/wp-content\/uploads\/2026\/01\/clickhouse-puurdata-event-300x300.png 300w, https:\/\/puurdata.nl\/wp-content\/uploads\/2026\/01\/clickhouse-puurdata-event-150x150.png 150w, https:\/\/puurdata.nl\/wp-content\/uploads\/2026\/01\/clickhouse-puurdata-event-12x12.png 12w, https:\/\/puurdata.nl\/wp-content\/uploads\/2026\/01\/clickhouse-puurdata-event-140x140.png 140w, https:\/\/puurdata.nl\/wp-content\/uploads\/2026\/01\/clickhouse-puurdata-event-100x100.png 100w, https:\/\/puurdata.nl\/wp-content\/uploads\/2026\/01\/clickhouse-puurdata-event-350x350.png 350w\" sizes=\"auto, (max-width: 384px) 100vw, 384px\" \/>\n          <\/div>\n        <\/div>\n      <\/div>\n    <\/div>\n<div class=\"wpb_text_column wpb_content_element\" >\n\t<div class=\"wpb_wrapper\">\n\t\t<p><strong>Besuchsadresse<br \/>\n<\/strong>ClickHouse<strong><br \/>\n<\/strong>Vijzelstraat 79A<br \/>\n1017 HG Amsterdam<br \/>\nDie Niederlande<\/p>\n\t<\/div>\n<\/div>\n\n\n\n\n\t\t\t<\/div> \n\t\t<\/div>\n\t<\/div> \n<\/div><\/div>","protected":false},"excerpt":{"rendered":"The Agentic Data Stack Slim omgaan met AI: van data naar interactie Dinsdag 27 januari | 14.00 - 17.00 uur | Amsterdam Samen met ClickHouse organiseert PuurData\u00a0een exclusieve, kleinschalige live...","protected":false},"author":5,"featured_media":0,"parent":0,"menu_order":0,"comment_status":"closed","ping_status":"closed","template":"","meta":{"content-type":"","footnotes":""},"class_list":["post-4005","page","type-page","status-publish"],"yoast_head":"<!-- This site is optimized with the Yoast SEO plugin v27.3 - https:\/\/yoast.com\/product\/yoast-seo-wordpress\/ -->\n<title>The Agentic Data Stack - PuurData<\/title>\n<meta name=\"description\" content=\"Heeft u vragen, of wilt u graag meer informatie over \u00e9\u00e9n van de producten van PuurData? Neem dan contact met ons op.\" \/>\n<meta name=\"robots\" content=\"index, follow, max-snippet:-1, max-image-preview:large, max-video-preview:-1\" \/>\n<link rel=\"canonical\" href=\"https:\/\/puurdata.nl\/de\/der-agentische-datenstapel\/\" \/>\n<meta name=\"twitter:label1\" content=\"Gesch\u00e4tzte Lesezeit\" \/>\n\t<meta name=\"twitter:data1\" content=\"3\u00a0Minuten\" \/>\n<script type=\"application\/ld+json\" class=\"yoast-schema-graph\">{\"@context\":\"https:\\\/\\\/schema.org\",\"@graph\":[{\"@type\":\"WebPage\",\"@id\":\"https:\\\/\\\/puurdata.nl\\\/the-agentic-data-stack\\\/\",\"url\":\"https:\\\/\\\/puurdata.nl\\\/the-agentic-data-stack\\\/\",\"name\":\"The Agentic Data Stack - PuurData\",\"isPartOf\":{\"@id\":\"https:\\\/\\\/puurdata.nl\\\/#website\"},\"primaryImageOfPage\":{\"@id\":\"https:\\\/\\\/puurdata.nl\\\/the-agentic-data-stack\\\/#primaryimage\"},\"image\":{\"@id\":\"https:\\\/\\\/puurdata.nl\\\/the-agentic-data-stack\\\/#primaryimage\"},\"thumbnailUrl\":\"https:\\\/\\\/puurdata.nl\\\/wp-content\\\/uploads\\\/2026\\\/01\\\/click-puur-logo-300x91.png\",\"datePublished\":\"2026-01-08T12:06:01+00:00\",\"dateModified\":\"2026-01-08T12:15:04+00:00\",\"description\":\"Heeft u vragen, of wilt u graag meer informatie over \u00e9\u00e9n van de producten van PuurData? Neem dan contact met ons op.\",\"breadcrumb\":{\"@id\":\"https:\\\/\\\/puurdata.nl\\\/the-agentic-data-stack\\\/#breadcrumb\"},\"inLanguage\":\"de\",\"potentialAction\":[{\"@type\":\"ReadAction\",\"target\":[\"https:\\\/\\\/puurdata.nl\\\/the-agentic-data-stack\\\/\"]}]},{\"@type\":\"ImageObject\",\"inLanguage\":\"de\",\"@id\":\"https:\\\/\\\/puurdata.nl\\\/the-agentic-data-stack\\\/#primaryimage\",\"url\":\"https:\\\/\\\/puurdata.nl\\\/wp-content\\\/uploads\\\/2026\\\/01\\\/click-puur-logo-300x91.png\",\"contentUrl\":\"https:\\\/\\\/puurdata.nl\\\/wp-content\\\/uploads\\\/2026\\\/01\\\/click-puur-logo-300x91.png\"},{\"@type\":\"BreadcrumbList\",\"@id\":\"https:\\\/\\\/puurdata.nl\\\/the-agentic-data-stack\\\/#breadcrumb\",\"itemListElement\":[{\"@type\":\"ListItem\",\"position\":1,\"name\":\"Home\",\"item\":\"https:\\\/\\\/puurdata.nl\\\/\"},{\"@type\":\"ListItem\",\"position\":2,\"name\":\"The Agentic Data Stack\"}]},{\"@type\":\"WebSite\",\"@id\":\"https:\\\/\\\/puurdata.nl\\\/#website\",\"url\":\"https:\\\/\\\/puurdata.nl\\\/\",\"name\":\"PuurData\",\"description\":\"PuurData\",\"potentialAction\":[{\"@type\":\"SearchAction\",\"target\":{\"@type\":\"EntryPoint\",\"urlTemplate\":\"https:\\\/\\\/puurdata.nl\\\/?s={search_term_string}\"},\"query-input\":{\"@type\":\"PropertyValueSpecification\",\"valueRequired\":true,\"valueName\":\"search_term_string\"}}],\"inLanguage\":\"de\"}]}<\/script>\n<!-- \/ Yoast SEO plugin. -->","yoast_head_json":{"title":"Der Agentic Data Stack - PuurData","description":"Haben Sie Fragen oder w\u00fcnschen Sie weitere Informationen zu den Produkten von PuurData? Bitte kontaktieren Sie uns.","robots":{"index":"index","follow":"follow","max-snippet":"max-snippet:-1","max-image-preview":"max-image-preview:large","max-video-preview":"max-video-preview:-1"},"canonical":"https:\/\/puurdata.nl\/de\/der-agentische-datenstapel\/","twitter_misc":{"Gesch\u00e4tzte Lesezeit":"3\u00a0Minuten"},"schema":{"@context":"https:\/\/schema.org","@graph":[{"@type":"WebPage","@id":"https:\/\/puurdata.nl\/the-agentic-data-stack\/","url":"https:\/\/puurdata.nl\/the-agentic-data-stack\/","name":"Der Agentic Data Stack - PuurData","isPartOf":{"@id":"https:\/\/puurdata.nl\/#website"},"primaryImageOfPage":{"@id":"https:\/\/puurdata.nl\/the-agentic-data-stack\/#primaryimage"},"image":{"@id":"https:\/\/puurdata.nl\/the-agentic-data-stack\/#primaryimage"},"thumbnailUrl":"https:\/\/puurdata.nl\/wp-content\/uploads\/2026\/01\/click-puur-logo-300x91.png","datePublished":"2026-01-08T12:06:01+00:00","dateModified":"2026-01-08T12:15:04+00:00","description":"Haben Sie Fragen oder w\u00fcnschen Sie weitere Informationen zu den Produkten von PuurData? Bitte kontaktieren Sie uns.","breadcrumb":{"@id":"https:\/\/puurdata.nl\/the-agentic-data-stack\/#breadcrumb"},"inLanguage":"de","potentialAction":[{"@type":"ReadAction","target":["https:\/\/puurdata.nl\/the-agentic-data-stack\/"]}]},{"@type":"ImageObject","inLanguage":"de","@id":"https:\/\/puurdata.nl\/the-agentic-data-stack\/#primaryimage","url":"https:\/\/puurdata.nl\/wp-content\/uploads\/2026\/01\/click-puur-logo-300x91.png","contentUrl":"https:\/\/puurdata.nl\/wp-content\/uploads\/2026\/01\/click-puur-logo-300x91.png"},{"@type":"BreadcrumbList","@id":"https:\/\/puurdata.nl\/the-agentic-data-stack\/#breadcrumb","itemListElement":[{"@type":"ListItem","position":1,"name":"Home","item":"https:\/\/puurdata.nl\/"},{"@type":"ListItem","position":2,"name":"The Agentic Data Stack"}]},{"@type":"WebSite","@id":"https:\/\/puurdata.nl\/#website","url":"https:\/\/puurdata.nl\/","name":"PuurData","description":"PuurData","potentialAction":[{"@type":"SearchAction","target":{"@type":"EntryPoint","urlTemplate":"https:\/\/puurdata.nl\/?s={search_term_string}"},"query-input":{"@type":"PropertyValueSpecification","valueRequired":true,"valueName":"search_term_string"}}],"inLanguage":"de"}]}},"_links":{"self":[{"href":"https:\/\/puurdata.nl\/de\/wp-json\/wp\/v2\/pages\/4005","targetHints":{"allow":["GET"]}}],"collection":[{"href":"https:\/\/puurdata.nl\/de\/wp-json\/wp\/v2\/pages"}],"about":[{"href":"https:\/\/puurdata.nl\/de\/wp-json\/wp\/v2\/types\/page"}],"author":[{"embeddable":true,"href":"https:\/\/puurdata.nl\/de\/wp-json\/wp\/v2\/users\/5"}],"replies":[{"embeddable":true,"href":"https:\/\/puurdata.nl\/de\/wp-json\/wp\/v2\/comments?post=4005"}],"version-history":[{"count":16,"href":"https:\/\/puurdata.nl\/de\/wp-json\/wp\/v2\/pages\/4005\/revisions"}],"predecessor-version":[{"id":4023,"href":"https:\/\/puurdata.nl\/de\/wp-json\/wp\/v2\/pages\/4005\/revisions\/4023"}],"wp:attachment":[{"href":"https:\/\/puurdata.nl\/de\/wp-json\/wp\/v2\/media?parent=4005"}],"curies":[{"name":"wp","href":"https:\/\/api.w.org\/{rel}","templated":true}]}}