{"id":3951,"date":"2025-12-15T10:40:13","date_gmt":"2025-12-15T08:40:13","guid":{"rendered":"https:\/\/www.puurdata.nl\/?page_id=3951"},"modified":"2025-12-22T11:26:16","modified_gmt":"2025-12-22T09:26:16","slug":"such-ki-seminar","status":"publish","type":"page","link":"https:\/\/puurdata.nl\/de\/search-ai-seminar\/","title":{"rendered":"Seminar zur Suche nach KI 2026"},"content":{"rendered":"<div id=\"fws_69e77366ef4dc\"  data-column-margin=\"default\" data-midnight=\"dark\"  class=\"wpb_row vc_row-fluid vc_row full-width-section headerBox\"  style=\"padding-top: 0px; padding-bottom: 0px; \"><div class=\"row-bg-wrap\" data-bg-animation=\"none\" data-bg-animation-delay=\"\" data-bg-overlay=\"false\"><div class=\"inner-wrap row-bg-layer using-image\" ><div class=\"row-bg viewport-desktop using-image\"  style=\"background-image: url(https:\/\/puurdata.nl\/wp-content\/uploads\/2019\/07\/header.png); background-position: center bottom; background-repeat: no-repeat; \"><\/div><\/div><\/div><div class=\"row_col_wrap_12 col span_12 dark left\">\n\t<div  class=\"vc_col-sm-12 wpb_column column_container vc_column_container col no-extra-padding inherit_tablet inherit_phone\"  data-padding-pos=\"all\" data-has-bg-color=\"false\" data-bg-color=\"\" data-bg-opacity=\"1\" data-animation=\"\" data-delay=\"0\" >\n\t\t<div class=\"vc_column-inner\" >\n\t\t\t<div class=\"wpb_wrapper\">\n\t\t\t\t<div id=\"fws_69e77366f0286\" data-midnight=\"\" data-column-margin=\"default\" class=\"wpb_row vc_row-fluid vc_row inner_row vc_row-o-equal-height vc_row-flex vc_row-o-content-middle\"  style=\"padding-top: 10%; padding-bottom: 20%; \"><div class=\"row-bg-wrap\"> <div class=\"row-bg\" ><\/div> <\/div><div class=\"row_col_wrap_12_inner col span_12  left\">\n\t<div  class=\"vc_col-sm-8 wpb_column column_container vc_column_container col child_column padding-2-percent inherit_tablet inherit_phone\"   data-padding-pos=\"right\" data-has-bg-color=\"false\" data-bg-color=\"\" data-bg-opacity=\"1\" data-animation=\"\" data-delay=\"0\" >\n\t\t<div class=\"vc_column-inner\" >\n\t\t<div class=\"wpb_wrapper\">\n\t\t\t<h1 style=\"text-align: left\" class=\"vc_custom_heading vc_do_custom_heading headerText\" >Nehmen Sie am Search AI-Seminar teil, unterst\u00fctzt von Elastic und PuurData<\/h1>\n<div class=\"wpb_text_column wpb_content_element  headerText\" >\n\t<div class=\"wpb_wrapper\">\n\t\t<h4>Entdecken Sie die Zukunft intelligenter Suchl\u00f6sungen<\/h4>\n\t<\/div>\n<\/div>\n\n\n\n\n\t\t<\/div> \n\t<\/div>\n\t<\/div> \n\n\t<div  class=\"vc_col-sm-4 wpb_column column_container vc_column_container col child_column no-extra-padding inherit_tablet inherit_phone\"   data-padding-pos=\"all\" data-has-bg-color=\"false\" data-bg-color=\"\" data-bg-opacity=\"1\" data-animation=\"\" data-delay=\"0\" >\n\t\t<div class=\"vc_column-inner\" >\n\t\t<div class=\"wpb_wrapper\">\n\t\t\t<div class=\"img-with-aniamtion-wrap center\" data-max-width=\"100%\" data-max-width-mobile=\"default\" data-shadow=\"none\" data-animation=\"none\" >\n      <div class=\"inner\">\n        <div class=\"hover-wrap\"> \n          <div class=\"hover-wrap-inner\">\n            <img loading=\"lazy\" decoding=\"async\" class=\"img-with-animation skip-lazy\" data-delay=\"0\" height=\"2409\" width=\"3558\" data-animation=\"none\" src=\"https:\/\/puurdata.nl\/wp-content\/uploads\/2019\/07\/Search1.svg\" alt=\"\"  \/>\n          <\/div>\n        <\/div>\n      <\/div>\n    <\/div>\n\t\t<\/div> \n\t<\/div>\n\t<\/div> \n<\/div><\/div>\n\t\t\t<\/div> \n\t\t<\/div>\n\t<\/div> \n<\/div><\/div>\n\t\t<div id=\"fws_69e77366f2566\"  data-column-margin=\"default\" data-midnight=\"dark\"  class=\"wpb_row vc_row-fluid vc_row\"  style=\"padding-top: 50px; padding-bottom: 100px; \"><div class=\"row-bg-wrap\" data-bg-animation=\"none\" data-bg-animation-delay=\"\" data-bg-overlay=\"false\"><div class=\"inner-wrap row-bg-layer\" ><div class=\"row-bg viewport-desktop\"  style=\"\"><\/div><\/div><\/div><div class=\"row_col_wrap_12 col span_12 dark left\">\n\t<div style=\"\" class=\"vc_col-sm-7 wpb_column column_container vc_column_container col padding-10-percent inherit_tablet inherit_phone\" data-using-bg=\"true\" data-padding-pos=\"all\" data-has-bg-color=\"true\" data-bg-color=\"#ffffff\" data-bg-opacity=\"1\" data-hover-bg=\"#ffffff\" data-hover-bg-opacity=\"1\" data-animation=\"\" data-delay=\"0\" >\n\t\t<div class=\"vc_column-inner\" ><div class=\"column-bg-overlay-wrap column-bg-layer\" data-bg-animation=\"none\"><div class=\"column-bg-overlay\" style=\"opacity: 1; background-color: #ffffff;\"><\/div><\/div>\n\t\t\t<div class=\"wpb_wrapper\">\n\t\t\t\t<h2 style=\"text-align: left\" class=\"vc_custom_heading vc_do_custom_heading\" >Holen Sie mit Search AI mehr aus Ihren Daten heraus<\/h2>\n<div class=\"wpb_text_column wpb_content_element\" >\n\t<div class=\"wpb_wrapper\">\n\t\t<p><strong>Sind Sie Elastic-Nutzer und PuurData-Kunde und m\u00f6chten wissen, wie Sie Ihre Suchfunktionalit\u00e4t optimieren k\u00f6nnen? Im Search AI-Seminar am Mittwoch, den 11. Februar 2026, zeigen wir Ihnen, wie. <a href=\"https:\/\/puurdata.nl\/de\/such-ki\/\">SearchAI<\/a> kann Ihnen helfen, Informationen in gro\u00dfen Mengen strukturierter und unstrukturierter Daten schneller, intelligenter und effizienter zu finden.<\/strong><\/p>\n<p>Gemeinsam mit Elastic-Experten entf\u00fchren wir Sie in die Welt der KI-gesteuerten Suchtechnologie und der neuesten Innovationen im Elastic-\u00d6kosystem. Entdecken Sie, wie Sie das Beste aus Ihren Daten machen und konkrete Erkenntnisse gewinnen, die Sie sofort nutzen k\u00f6nnen.<\/p>\n<h4><strong>Programm<\/strong><\/h4>\n<p><strong>10:00 \u2013 10:15 Uhr<\/strong><br \/>\n<strong>Lautsprecher:<\/strong> Marco van den Brandhof \u2013 Gesch\u00e4ftsf\u00fchrer, PuurData<br \/>\n<strong>Was erwartet Sie?<\/strong><br \/>\nMarco er\u00f6ffnet das Seminar und skizziert die gr\u00f6\u00dften Datenherausforderungen, denen sich Unternehmen heute gegen\u00fcbersehen. Wie k\u00f6nnen Organisationen ihre eigenen Daten schneller und intelligenter durchsuchen? Welche Rolle spielen Suche und KI dabei? Und wie unterst\u00fctzt PuurData Unternehmen dabei, diese Technologie optimal zu nutzen?<\/p>\n<p><strong>10:15 \u2013 10:45<\/strong><br \/>\n<strong>Lautsprecher:<\/strong> Renee Jacobs \u2013 Principal Partner Solution Architect, Elastic<br \/>\n<strong>Was erwartet Sie?<br \/>\n<\/strong>Das Programm folgt im Anschluss.<\/p>\n<p><strong>10:45 \u2013 11:15: MCP \u00fcber Elastic, von KI-Suche bis hin zu intelligenter Unterst\u00fctzung\u00a0<\/strong><br \/>\n<strong>Lautsprecher:<\/strong> Francesca Brzoskowski \u2013 GenAI-Entwicklerin<br \/>\n<strong>Was erwartet Sie?<\/strong><br \/>\nIn dieser Session geht Francesca \u00fcber die KI-gest\u00fctzte Suche hinaus. Sie erfahren, wie Sie mit MCP auf Elastic nicht nur Informationen finden, sondern Daten auch als intelligente Assistenten und f\u00fcr konkrete Handlungsempfehlungen nutzen k\u00f6nnen.<\/p>\n<p>Sie werden ein klares und praktisches Verst\u00e4ndnis von Folgendem erlangen:<\/p>\n<ul>\n<li>Wie KI-gest\u00fctzte Suche und RAG mit Elastic in der Praxis aussehen, einschlie\u00dflich Anwendungen, Vorteile, Demos und aktuelle Einschr\u00e4nkungen.<\/li>\n<li>Was ist MCP (Model Context Protocol) und wie funktioniert es auf Elastic, um Assistenten nicht nur die Suche, sondern auch die Analyse und Interaktion mit Daten zu erm\u00f6glichen?.<\/li>\n<li>Wie man Governance, Sicherheit und Compliance gew\u00e4hrleistet, mit Schwerpunkt auf Zugriffskontrolle, Datengrenzen, Auditierung und einer praktischen MCP-Bereitschaftscheckliste.<\/li>\n<li>Die technische Architektur hinter MCP auf Elastic, einschlie\u00dflich Konfigurationen und Sicherheitsaspekten.<\/li>\n<li>Konkrete Anwendungsbeispiele und eine Live-Demo zeigen, wie die gleiche MCP-Funktionalit\u00e4t \u00fcber den PuurData MCP-Client wiederverwendet werden kann.<\/li>\n<\/ul>\n<p>Eine substanzielle Session f\u00fcr Organisationen, die \u00fcber die reine Suche hinausblicken und KI wirklich als intelligenten Assistenten zus\u00e4tzlich zu ihren Daten einsetzen wollen.<\/p>\n<p><strong>11:15 Uhr: Interaktive Fragerunde &amp; Abschluss<\/strong><br \/>\n<strong>Lautsprecher:<\/strong> Marco van den Brandhof \u2013 Gesch\u00e4ftsf\u00fchrer, PuurData<br \/>\n<strong>Was erwartet Sie?<\/strong><br \/>\nMarco fasst die wichtigsten Erkenntnisse aus den Sessions zusammen und es gibt Raum f\u00fcr Interaktion und Fragen.<\/p>\n<p><strong>12:00 Uhr: Networking &amp; Mittagessen<\/strong><br \/>\nGenie\u00dfen Sie ein informelles Mittagessen und die M\u00f6glichkeit, mit Experten und anderen Teilnehmern ins Gespr\u00e4ch zu kommen.<\/p>\n<h4><strong>F\u00fcr wen ist dieses Seminar gedacht?<\/strong><\/h4>\n<p>Dieses Seminar richtet sich ausschlie\u00dflich an Elastic-Benutzer und PuurData-Kunden, die ihre Suchfunktionalit\u00e4t optimieren und die Leistungsf\u00e4higkeit von KI in Suchl\u00f6sungen nutzen m\u00f6chten.<\/p>\n<h4><strong>Details zum Seminar<\/strong><\/h4>\n<ul>\n<li><strong>Datum:<\/strong> 11. Februar 2026<\/li>\n<li><strong>Standort: <\/strong><a href=\"https:\/\/maps.app.goo.gl\/5zavMjaw5uEepfyZ9\" target=\"_blank\" rel=\"noopener\">Elastic Netherlands, Keizersgracht 281, Amsterdam<\/a><\/li>\n<li><strong>Zeit:<\/strong>\u00a010:00 \u2013 12:00 Uhr (mit anschlie\u00dfendem Mittagessen)<\/li>\n<\/ul>\n\t<\/div>\n<\/div>\n\n\n\n\n<div class=\"wpb_text_column wpb_content_element\" >\n\t<div class=\"wpb_wrapper\">\n\t\t<h4><strong>Melden Sie sich jetzt f\u00fcr das Seminar \u201eSuche nach KI\u201c an!<\/strong><\/h4>\n<p>Lassen Sie sich diese Chance nicht entgehen, Ihr Wissen zu erweitern und wertvolle Kontakte zu kn\u00fcpfen. Registrieren Sie sich noch heute mit dem untenstehenden Formular.<\/p>\n<p><script charset=\"utf-8\" type=\"text\/javascript\" src=\"\/\/js.hsforms.net\/forms\/embed\/v2.js\"><\/script><br \/>\n<script>\n  hbspt.forms.create({\n    portalId: \"2837840\",\n    formId: \"7f57f97f-90a9-428a-9f33-3e8ac6266f1d\",\n    region: \"na1\"\n  });\n<\/script><\/p>\n\t<\/div>\n<\/div>\n\n\n\n\n\t\t\t<\/div> \n\t\t<\/div>\n\t<\/div> \n\n\t<div  class=\"vc_col-sm-5 wpb_column column_container vc_column_container col padding-10-percent inherit_tablet inherit_phone\"  data-padding-pos=\"all\" data-has-bg-color=\"false\" data-bg-color=\"\" data-bg-opacity=\"1\" data-animation=\"\" data-delay=\"0\" >\n\t\t<div class=\"vc_column-inner\" >\n\t\t\t<div class=\"wpb_wrapper\">\n\t\t\t\t<div class=\"img-with-aniamtion-wrap\" data-max-width=\"100%\" data-max-width-mobile=\"default\" data-shadow=\"none\" data-animation=\"none\" >\n      <div class=\"inner\">\n        <div class=\"hover-wrap\"> \n          <div class=\"hover-wrap-inner\">\n            <img loading=\"lazy\" decoding=\"async\" class=\"img-with-animation skip-lazy\" data-delay=\"0\" height=\"308\" width=\"421\" data-animation=\"none\" src=\"https:\/\/puurdata.nl\/wp-content\/uploads\/2025\/02\/elastic-ams.jpg\" alt=\"\" srcset=\"https:\/\/puurdata.nl\/wp-content\/uploads\/2025\/02\/elastic-ams.jpg 421w, https:\/\/puurdata.nl\/wp-content\/uploads\/2025\/02\/elastic-ams-300x219.jpg 300w, https:\/\/puurdata.nl\/wp-content\/uploads\/2025\/02\/elastic-ams-16x12.jpg 16w\" sizes=\"auto, (max-width: 421px) 100vw, 421px\" \/>\n          <\/div>\n        <\/div>\n      <\/div>\n    <\/div>\n<div class=\"wpb_text_column wpb_content_element\" >\n\t<div class=\"wpb_wrapper\">\n\t\t<p><strong>Besuchsadresse Search AI Seminar<br \/>\n<\/strong>Elasticsearch Inc.<strong><br \/>\n<\/strong><a href=\"https:\/\/maps.app.goo.gl\/5zavMjaw5uEepfyZ9\" target=\"_blank\" rel=\"noopener\">Keizersgracht 281, Amsterdam<\/a><\/p>\n\t<\/div>\n<\/div>\n\n\n\n\n\t\t\t<\/div> \n\t\t<\/div>\n\t<\/div> \n<\/div><\/div>","protected":false},"excerpt":{"rendered":"Bezoek het Search AI-seminar, powered by Elastic &amp; PuurData Ontdek de toekomst van slimme zoekoplossingen Haal m\u00e9\u00e9r uit je data met Search AI Ben je Elastic-gebruiker en klant van PuurData,...","protected":false},"author":5,"featured_media":0,"parent":0,"menu_order":0,"comment_status":"closed","ping_status":"closed","template":"","meta":{"content-type":"","footnotes":""},"class_list":["post-3951","page","type-page","status-publish"],"yoast_head":"<!-- This site is optimized with the Yoast SEO plugin v27.3 - https:\/\/yoast.com\/product\/yoast-seo-wordpress\/ -->\n<title>Search AI Seminar 2026 - PuurData<\/title>\n<meta name=\"description\" content=\"Heeft u vragen, of wilt u graag meer informatie over \u00e9\u00e9n van de producten van PuurData? Neem dan contact met ons op.\" \/>\n<meta name=\"robots\" content=\"index, follow, max-snippet:-1, max-image-preview:large, max-video-preview:-1\" \/>\n<link rel=\"canonical\" href=\"https:\/\/puurdata.nl\/de\/such-ki-seminar\/\" \/>\n<meta name=\"twitter:label1\" content=\"Gesch\u00e4tzte Lesezeit\" \/>\n\t<meta name=\"twitter:data1\" content=\"4\u00a0Minuten\" \/>\n<script type=\"application\/ld+json\" class=\"yoast-schema-graph\">{\"@context\":\"https:\\\/\\\/schema.org\",\"@graph\":[{\"@type\":\"WebPage\",\"@id\":\"https:\\\/\\\/puurdata.nl\\\/search-ai-seminar\\\/\",\"url\":\"https:\\\/\\\/puurdata.nl\\\/search-ai-seminar\\\/\",\"name\":\"Search AI Seminar 2026 - PuurData\",\"isPartOf\":{\"@id\":\"https:\\\/\\\/puurdata.nl\\\/#website\"},\"datePublished\":\"2025-12-15T08:40:13+00:00\",\"dateModified\":\"2025-12-22T09:26:16+00:00\",\"description\":\"Heeft u vragen, of wilt u graag meer informatie over \u00e9\u00e9n van de producten van PuurData? Neem dan contact met ons op.\",\"breadcrumb\":{\"@id\":\"https:\\\/\\\/puurdata.nl\\\/search-ai-seminar\\\/#breadcrumb\"},\"inLanguage\":\"de\",\"potentialAction\":[{\"@type\":\"ReadAction\",\"target\":[\"https:\\\/\\\/puurdata.nl\\\/search-ai-seminar\\\/\"]}]},{\"@type\":\"BreadcrumbList\",\"@id\":\"https:\\\/\\\/puurdata.nl\\\/search-ai-seminar\\\/#breadcrumb\",\"itemListElement\":[{\"@type\":\"ListItem\",\"position\":1,\"name\":\"Home\",\"item\":\"https:\\\/\\\/puurdata.nl\\\/\"},{\"@type\":\"ListItem\",\"position\":2,\"name\":\"Search AI Seminar 2026\"}]},{\"@type\":\"WebSite\",\"@id\":\"https:\\\/\\\/puurdata.nl\\\/#website\",\"url\":\"https:\\\/\\\/puurdata.nl\\\/\",\"name\":\"PuurData\",\"description\":\"PuurData\",\"potentialAction\":[{\"@type\":\"SearchAction\",\"target\":{\"@type\":\"EntryPoint\",\"urlTemplate\":\"https:\\\/\\\/puurdata.nl\\\/?s={search_term_string}\"},\"query-input\":{\"@type\":\"PropertyValueSpecification\",\"valueRequired\":true,\"valueName\":\"search_term_string\"}}],\"inLanguage\":\"de\"}]}<\/script>\n<!-- \/ Yoast SEO plugin. -->","yoast_head_json":{"title":"Suche KI-Seminar 2026 \u2013 PuurData","description":"Haben Sie Fragen oder w\u00fcnschen Sie weitere Informationen zu den Produkten von PuurData? Bitte kontaktieren Sie uns.","robots":{"index":"index","follow":"follow","max-snippet":"max-snippet:-1","max-image-preview":"max-image-preview:large","max-video-preview":"max-video-preview:-1"},"canonical":"https:\/\/puurdata.nl\/de\/such-ki-seminar\/","twitter_misc":{"Gesch\u00e4tzte Lesezeit":"4\u00a0Minuten"},"schema":{"@context":"https:\/\/schema.org","@graph":[{"@type":"WebPage","@id":"https:\/\/puurdata.nl\/search-ai-seminar\/","url":"https:\/\/puurdata.nl\/search-ai-seminar\/","name":"Suche KI-Seminar 2026 \u2013 PuurData","isPartOf":{"@id":"https:\/\/puurdata.nl\/#website"},"datePublished":"2025-12-15T08:40:13+00:00","dateModified":"2025-12-22T09:26:16+00:00","description":"Haben Sie Fragen oder w\u00fcnschen Sie weitere Informationen zu den Produkten von PuurData? Bitte kontaktieren Sie uns.","breadcrumb":{"@id":"https:\/\/puurdata.nl\/search-ai-seminar\/#breadcrumb"},"inLanguage":"de","potentialAction":[{"@type":"ReadAction","target":["https:\/\/puurdata.nl\/search-ai-seminar\/"]}]},{"@type":"BreadcrumbList","@id":"https:\/\/puurdata.nl\/search-ai-seminar\/#breadcrumb","itemListElement":[{"@type":"ListItem","position":1,"name":"Home","item":"https:\/\/puurdata.nl\/"},{"@type":"ListItem","position":2,"name":"Search AI Seminar 2026"}]},{"@type":"WebSite","@id":"https:\/\/puurdata.nl\/#website","url":"https:\/\/puurdata.nl\/","name":"PuurData","description":"PuurData","potentialAction":[{"@type":"SearchAction","target":{"@type":"EntryPoint","urlTemplate":"https:\/\/puurdata.nl\/?s={search_term_string}"},"query-input":{"@type":"PropertyValueSpecification","valueRequired":true,"valueName":"search_term_string"}}],"inLanguage":"de"}]}},"_links":{"self":[{"href":"https:\/\/puurdata.nl\/de\/wp-json\/wp\/v2\/pages\/3951","targetHints":{"allow":["GET"]}}],"collection":[{"href":"https:\/\/puurdata.nl\/de\/wp-json\/wp\/v2\/pages"}],"about":[{"href":"https:\/\/puurdata.nl\/de\/wp-json\/wp\/v2\/types\/page"}],"author":[{"embeddable":true,"href":"https:\/\/puurdata.nl\/de\/wp-json\/wp\/v2\/users\/5"}],"replies":[{"embeddable":true,"href":"https:\/\/puurdata.nl\/de\/wp-json\/wp\/v2\/comments?post=3951"}],"version-history":[{"count":9,"href":"https:\/\/puurdata.nl\/de\/wp-json\/wp\/v2\/pages\/3951\/revisions"}],"predecessor-version":[{"id":3968,"href":"https:\/\/puurdata.nl\/de\/wp-json\/wp\/v2\/pages\/3951\/revisions\/3968"}],"wp:attachment":[{"href":"https:\/\/puurdata.nl\/de\/wp-json\/wp\/v2\/media?parent=3951"}],"curies":[{"name":"wp","href":"https:\/\/api.w.org\/{rel}","templated":true}]}}