{"id":3238,"date":"2025-07-03T09:51:08","date_gmt":"2025-07-03T07:51:08","guid":{"rendered":"https:\/\/staging.puurdata.nl\/?page_id=3238"},"modified":"2025-10-20T14:32:49","modified_gmt":"2025-10-20T12:32:49","slug":"api-entwicklung","status":"publish","type":"page","link":"https:\/\/puurdata.nl\/de\/integration-automation\/api-development\/","title":{"rendered":"API-Entwicklung"},"content":{"rendered":"<div id=\"fws_69e75ed7a3aa6\"  data-column-margin=\"default\" data-midnight=\"dark\"  class=\"wpb_row vc_row-fluid vc_row full-width-section headerBox\"  style=\"padding-top: 0px; padding-bottom: 0px; \"><div class=\"row-bg-wrap\" data-bg-animation=\"none\" data-bg-animation-delay=\"\" data-bg-overlay=\"false\"><div class=\"inner-wrap row-bg-layer using-image\" ><div class=\"row-bg viewport-desktop using-image using-bg-color\"  style=\"background-image: url(https:\/\/puurdata.nl\/wp-content\/uploads\/2019\/07\/header.png); background-position: center bottom; background-repeat: no-repeat; background-color: #ffffff; \"><\/div><\/div><\/div><div class=\"row_col_wrap_12 col span_12 dark left\">\n\t<div  class=\"vc_col-sm-12 wpb_column column_container vc_column_container col no-extra-padding inherit_tablet inherit_phone\"  data-padding-pos=\"all\" data-has-bg-color=\"false\" data-bg-color=\"\" data-bg-opacity=\"1\" data-animation=\"\" data-delay=\"0\" >\n\t\t<div class=\"vc_column-inner\" >\n\t\t\t<div class=\"wpb_wrapper\">\n\t\t\t\t<div id=\"fws_69e75ed7a466d\" data-midnight=\"\" data-column-margin=\"default\" class=\"wpb_row vc_row-fluid vc_row inner_row vc_row-o-equal-height vc_row-flex vc_row-o-content-middle\"  style=\"padding-top: 10%; padding-bottom: 20%; \"><div class=\"row-bg-wrap\"> <div class=\"row-bg\" ><\/div> <\/div><div class=\"row_col_wrap_12_inner col span_12  left\">\n\t<div  class=\"vc_col-sm-8 wpb_column column_container vc_column_container col child_column padding-2-percent inherit_tablet inherit_phone\"   data-padding-pos=\"right\" data-has-bg-color=\"false\" data-bg-color=\"\" data-bg-opacity=\"1\" data-animation=\"\" data-delay=\"0\" >\n\t\t<div class=\"vc_column-inner\" >\n\t\t<div class=\"wpb_wrapper\">\n\t\t\t<h1 style=\"text-align: left\" class=\"vc_custom_heading vc_do_custom_heading headerText\" >API-Entwicklung<\/h1>\n<div class=\"wpb_text_column wpb_content_element  headerText\" >\n\t<div class=\"wpb_wrapper\">\n\t\t<h4>Die Br\u00fccke zwischen Systemen und Erkenntnissen<\/h4>\n\t<\/div>\n<\/div>\n\n\n\n\n\t\t<\/div> \n\t<\/div>\n\t<\/div> \n\n\t<div  class=\"vc_col-sm-4 wpb_column column_container vc_column_container col child_column padding-2-percent inherit_tablet inherit_phone\"   data-padding-pos=\"left\" data-has-bg-color=\"false\" data-bg-color=\"\" data-bg-opacity=\"1\" data-animation=\"\" data-delay=\"0\" >\n\t\t<div class=\"vc_column-inner\" >\n\t\t<div class=\"wpb_wrapper\">\n\t\t\t\n\t\t<\/div> \n\t<\/div>\n\t<\/div> \n<\/div><\/div>\n\t\t\t<\/div> \n\t\t<\/div>\n\t<\/div> \n<\/div><\/div>\n\t\t<div id=\"fws_69e75ed7a5f0f\"  data-column-margin=\"default\" data-midnight=\"dark\"  class=\"wpb_row vc_row-fluid vc_row full-width-section\"  style=\"padding-top: 100px; padding-bottom: 50px; \"><div class=\"row-bg-wrap\" data-bg-animation=\"none\" data-bg-animation-delay=\"\" data-bg-overlay=\"false\"><div class=\"inner-wrap row-bg-layer\" ><div class=\"row-bg viewport-desktop using-bg-color\"  style=\"background-color: #ffffff; \"><\/div><\/div><\/div><div class=\"row_col_wrap_12 col span_12 dark left\">\n\t<div  class=\"vc_col-sm-12 wpb_column column_container vc_column_container col no-extra-padding inherit_tablet inherit_phone\"  data-padding-pos=\"all\" data-has-bg-color=\"false\" data-bg-color=\"\" data-bg-opacity=\"1\" data-animation=\"\" data-delay=\"0\" >\n\t\t<div class=\"vc_column-inner\" >\n\t\t\t<div class=\"wpb_wrapper\">\n\t\t\t\t<div id=\"fws_69e75ed7a6693\" data-midnight=\"\" data-column-margin=\"default\" class=\"wpb_row vc_row-fluid vc_row inner_row vc_row-o-equal-height vc_row-flex vc_row-o-content-middle\"  style=\"\"><div class=\"row-bg-wrap\"> <div class=\"row-bg\" ><\/div> <\/div><div class=\"row_col_wrap_12_inner col span_12  left\">\n\t<div  class=\"vc_col-sm-6 wpb_column column_container vc_column_container col child_column padding-2-percent inherit_tablet inherit_phone\"   data-padding-pos=\"right\" data-has-bg-color=\"false\" data-bg-color=\"\" data-bg-opacity=\"1\" data-animation=\"\" data-delay=\"0\" >\n\t\t<div class=\"vc_column-inner\" >\n\t\t<div class=\"wpb_wrapper\">\n\t\t\t<div class=\"img-with-aniamtion-wrap center\" data-max-width=\"75%\" data-max-width-mobile=\"default\" data-shadow=\"none\" data-animation=\"fade-in\" >\n      <div class=\"inner\">\n        <div class=\"hover-wrap\"> \n          <div class=\"hover-wrap-inner\">\n            <img loading=\"lazy\" decoding=\"async\" class=\"img-with-animation skip-lazy\" data-delay=\"0\" height=\"756\" width=\"756\" data-animation=\"fade-in\" src=\"https:\/\/puurdata.nl\/wp-content\/uploads\/2025\/10\/Puur-Data_iconen__API-Development.png\" alt=\"\" srcset=\"https:\/\/puurdata.nl\/wp-content\/uploads\/2025\/10\/Puur-Data_iconen__API-Development.png 756w, https:\/\/puurdata.nl\/wp-content\/uploads\/2025\/10\/Puur-Data_iconen__API-Development-300x300.png 300w, https:\/\/puurdata.nl\/wp-content\/uploads\/2025\/10\/Puur-Data_iconen__API-Development-150x150.png 150w, https:\/\/puurdata.nl\/wp-content\/uploads\/2025\/10\/Puur-Data_iconen__API-Development-12x12.png 12w, https:\/\/puurdata.nl\/wp-content\/uploads\/2025\/10\/Puur-Data_iconen__API-Development-140x140.png 140w, https:\/\/puurdata.nl\/wp-content\/uploads\/2025\/10\/Puur-Data_iconen__API-Development-100x100.png 100w, https:\/\/puurdata.nl\/wp-content\/uploads\/2025\/10\/Puur-Data_iconen__API-Development-500x500.png 500w, https:\/\/puurdata.nl\/wp-content\/uploads\/2025\/10\/Puur-Data_iconen__API-Development-350x350.png 350w\" sizes=\"auto, (max-width: 756px) 100vw, 756px\" \/>\n          <\/div>\n        <\/div>\n      <\/div>\n    <\/div>\n\t\t<\/div> \n\t<\/div>\n\t<\/div> \n\n\t<div  class=\"vc_col-sm-6 wpb_column column_container vc_column_container col child_column padding-2-percent inherit_tablet inherit_phone\"   data-padding-pos=\"left\" data-has-bg-color=\"false\" data-bg-color=\"\" data-bg-opacity=\"1\" data-animation=\"\" data-delay=\"0\" >\n\t\t<div class=\"vc_column-inner\" >\n\t\t<div class=\"wpb_wrapper\">\n\t\t\t<h3 style=\"text-align: left;font-family:Abril Fatface;font-weight:400;font-style:normal\" class=\"vc_custom_heading vc_do_custom_heading\" >Zuverl\u00e4ssige Verbindungen mit maximaler Kontrolle<\/h3>\n<div class=\"wpb_text_column wpb_content_element\" >\n\t<div class=\"wpb_wrapper\">\n\t\t<p>Gut konzipierte APIs sorgen f\u00fcr Flexibilit\u00e4t, Skalierbarkeit und Geschwindigkeit Ihrer Datenfl\u00fcsse. Wir entwickeln sichere, robuste und gut dokumentierte APIs, die Systemen, Anwendungen und Benutzern einen einfachen Datenaustausch erm\u00f6glichen. Von internen Integrationen bis hin zu Datenendpunkten f\u00fcr Front-End-Anwendungen gew\u00e4hrleisten wir klare Logik, umfassende Dokumentation und eine solide technische Grundlage.<\/p>\n\t<\/div>\n<\/div>\n\n\n\n\n\t\t<\/div> \n\t<\/div>\n\t<\/div> \n<\/div><\/div>\n\t\t\t<\/div> \n\t\t<\/div>\n\t<\/div> \n<\/div><\/div>\n\t\t<div id=\"fws_69e75ed7a8280\"  data-column-margin=\"default\" data-midnight=\"dark\"  class=\"wpb_row vc_row-fluid vc_row full-width-section\"  style=\"padding-top: 50px; padding-bottom: 100px; \"><div class=\"row-bg-wrap\" data-bg-animation=\"none\" data-bg-animation-delay=\"\" data-bg-overlay=\"false\"><div class=\"inner-wrap row-bg-layer\" ><div class=\"row-bg viewport-desktop using-bg-color\"  style=\"background-color: #ffffff; \"><\/div><\/div><\/div><div class=\"row_col_wrap_12 col span_12 dark left\">\n\t<div  class=\"vc_col-sm-12 wpb_column column_container vc_column_container col no-extra-padding inherit_tablet inherit_phone\"  data-padding-pos=\"all\" data-has-bg-color=\"false\" data-bg-color=\"\" data-bg-opacity=\"1\" data-animation=\"\" data-delay=\"0\" >\n\t\t<div class=\"vc_column-inner\" >\n\t\t\t<div class=\"wpb_wrapper\">\n\t\t\t\t<div id=\"fws_69e75ed7a8a06\" data-midnight=\"\" data-column-margin=\"default\" class=\"wpb_row vc_row-fluid vc_row inner_row vc_row-o-equal-height vc_row-flex vc_row-o-content-middle\"  style=\"\"><div class=\"row-bg-wrap\"> <div class=\"row-bg\" ><\/div> <\/div><div class=\"row_col_wrap_12_inner col span_12  left\">\n\t<div  class=\"vc_col-sm-6 wpb_column column_container vc_column_container col child_column padding-2-percent inherit_tablet inherit_phone\"   data-padding-pos=\"right\" data-has-bg-color=\"false\" data-bg-color=\"\" data-bg-opacity=\"1\" data-animation=\"\" data-delay=\"0\" >\n\t\t<div class=\"vc_column-inner\" >\n\t\t<div class=\"wpb_wrapper\">\n\t\t\t<h3 style=\"text-align: left\" class=\"vc_custom_heading vc_do_custom_heading\" >Clever gestaltet, nahtlos integriert<\/h3>\n<div class=\"wpb_text_column wpb_content_element\" >\n\t<div class=\"wpb_wrapper\">\n\t\t<p>Unsere APIs sind auf Ihre Infrastruktur, Datenstrukturen und Sicherheitsanforderungen zugeschnitten. Egal, ob Sie mit <a href=\"https:\/\/www.elastic.co\" target=\"_blank\" rel=\"noopener\">elastisch<\/a>, <a href=\"https:\/\/www.clickhouse.com\" target=\"_blank\" rel=\"noopener\">ClickHouse<\/a> Ob benutzerdefinierte Datenebenen oder Anpassungen \u2013 wir sorgen f\u00fcr eine nahtlose Integration. Wir entwickeln APIs, die auf Ihre Datenstruktur und Integrationsanforderungen zugeschnitten sind. Dabei ber\u00fccksichtigen wir auch Aspekte wie Authentifizierung, \u00dcberwachung und Versionskontrolle, damit Sie heute und in Zukunft flexibel bleiben.<\/p>\n\t<\/div>\n<\/div>\n\n\n\n\n\t\t<\/div> \n\t<\/div>\n\t<\/div> \n\n\t<div  class=\"vc_col-sm-6 wpb_column column_container vc_column_container col child_column padding-2-percent inherit_tablet inherit_phone\"   data-padding-pos=\"left\" data-has-bg-color=\"false\" data-bg-color=\"\" data-bg-opacity=\"1\" data-animation=\"\" data-delay=\"0\" >\n\t\t<div class=\"vc_column-inner\" >\n\t\t<div class=\"wpb_wrapper\">\n\t\t\t<div class=\"img-with-aniamtion-wrap center\" data-max-width=\"50%\" data-max-width-mobile=\"default\" data-shadow=\"none\" data-animation=\"fade-in\" >\n      <div class=\"inner\">\n        <div class=\"hover-wrap\"> \n          <div class=\"hover-wrap-inner\">\n            <img loading=\"lazy\" decoding=\"async\" class=\"img-with-animation skip-lazy\" data-delay=\"0\" height=\"1161\" width=\"746\" data-animation=\"fade-in\" src=\"https:\/\/puurdata.nl\/wp-content\/uploads\/2019\/07\/Elasticsearch.svg\" alt=\"\"  \/>\n          <\/div>\n        <\/div>\n      <\/div>\n    <\/div>\n\t\t<\/div> \n\t<\/div>\n\t<\/div> \n<\/div><\/div>\n\t\t\t<\/div> \n\t\t<\/div>\n\t<\/div> \n<\/div><\/div>\n\t\t<div id=\"fws_69e75ed7aa39d\"  data-column-margin=\"default\" data-midnight=\"dark\"  class=\"wpb_row vc_row-fluid vc_row full-width-section\"  style=\"padding-top: 50px; padding-bottom: 50px; \"><div class=\"row-bg-wrap\" data-bg-animation=\"none\" data-bg-animation-delay=\"\" data-bg-overlay=\"false\"><div class=\"inner-wrap row-bg-layer\" ><div class=\"row-bg viewport-desktop\"  style=\"\"><\/div><\/div><\/div><div class=\"row_col_wrap_12 col span_12 dark left\">\n\t<div  class=\"vc_col-sm-12 wpb_column column_container vc_column_container col no-extra-padding inherit_tablet inherit_phone\"  data-padding-pos=\"all\" data-has-bg-color=\"false\" data-bg-color=\"\" data-bg-opacity=\"1\" data-animation=\"\" data-delay=\"0\" >\n\t\t<div class=\"vc_column-inner\" >\n\t\t\t<div class=\"wpb_wrapper\">\n\t\t\t\t<div id=\"fws_69e75ed7aab3e\" data-midnight=\"\" data-column-margin=\"default\" class=\"wpb_row vc_row-fluid vc_row inner_row vc_row-o-equal-height vc_row-flex vc_row-o-content-middle\"  style=\"\"><div class=\"row-bg-wrap\"> <div class=\"row-bg\" ><\/div> <\/div><div class=\"row_col_wrap_12_inner col span_12  left\">\n\t<div  class=\"vc_col-sm-6 wpb_column column_container vc_column_container col child_column padding-2-percent inherit_tablet inherit_phone\"   data-padding-pos=\"right\" data-has-bg-color=\"false\" data-bg-color=\"\" data-bg-opacity=\"1\" data-animation=\"\" data-delay=\"0\" >\n\t\t<div class=\"vc_column-inner\" >\n\t\t<div class=\"wpb_wrapper\">\n\t\t\t<div class=\"img-with-aniamtion-wrap center\" data-max-width=\"75%\" data-max-width-mobile=\"default\" data-shadow=\"none\" data-animation=\"fade-in\" >\n      <div class=\"inner\">\n        <div class=\"hover-wrap\"> \n          <div class=\"hover-wrap-inner\">\n            <img loading=\"lazy\" decoding=\"async\" class=\"img-with-animation skip-lazy\" data-delay=\"0\" height=\"2560\" width=\"2560\" data-animation=\"fade-in\" src=\"https:\/\/puurdata.nl\/wp-content\/uploads\/2025\/10\/Puur-Data_illustraties-18-scaled.png\" alt=\"\" srcset=\"https:\/\/puurdata.nl\/wp-content\/uploads\/2025\/10\/Puur-Data_illustraties-18-scaled.png 2560w, https:\/\/puurdata.nl\/wp-content\/uploads\/2025\/10\/Puur-Data_illustraties-18-300x300.png 300w, https:\/\/puurdata.nl\/wp-content\/uploads\/2025\/10\/Puur-Data_illustraties-18-1024x1024.png 1024w, https:\/\/puurdata.nl\/wp-content\/uploads\/2025\/10\/Puur-Data_illustraties-18-150x150.png 150w, https:\/\/puurdata.nl\/wp-content\/uploads\/2025\/10\/Puur-Data_illustraties-18-768x768.png 768w, https:\/\/puurdata.nl\/wp-content\/uploads\/2025\/10\/Puur-Data_illustraties-18-1536x1536.png 1536w, https:\/\/puurdata.nl\/wp-content\/uploads\/2025\/10\/Puur-Data_illustraties-18-2048x2048.png 2048w, https:\/\/puurdata.nl\/wp-content\/uploads\/2025\/10\/Puur-Data_illustraties-18-12x12.png 12w, https:\/\/puurdata.nl\/wp-content\/uploads\/2025\/10\/Puur-Data_illustraties-18-140x140.png 140w, https:\/\/puurdata.nl\/wp-content\/uploads\/2025\/10\/Puur-Data_illustraties-18-100x100.png 100w, https:\/\/puurdata.nl\/wp-content\/uploads\/2025\/10\/Puur-Data_illustraties-18-500x500.png 500w, https:\/\/puurdata.nl\/wp-content\/uploads\/2025\/10\/Puur-Data_illustraties-18-350x350.png 350w, https:\/\/puurdata.nl\/wp-content\/uploads\/2025\/10\/Puur-Data_illustraties-18-1000x1000.png 1000w, https:\/\/puurdata.nl\/wp-content\/uploads\/2025\/10\/Puur-Data_illustraties-18-800x800.png 800w\" sizes=\"auto, (max-width: 2560px) 100vw, 2560px\" \/>\n          <\/div>\n        <\/div>\n      <\/div>\n    <\/div>\n\t\t<\/div> \n\t<\/div>\n\t<\/div> \n\n\t<div  class=\"vc_col-sm-6 wpb_column column_container vc_column_container col child_column padding-2-percent inherit_tablet inherit_phone\"   data-padding-pos=\"left\" data-has-bg-color=\"false\" data-bg-color=\"\" data-bg-opacity=\"1\" data-animation=\"\" data-delay=\"0\" >\n\t\t<div class=\"vc_column-inner\" >\n\t\t<div class=\"wpb_wrapper\">\n\t\t\t<h3 style=\"text-align: left\" class=\"vc_custom_heading vc_do_custom_heading\" >F\u00fcr Wachstum gemacht, auf Praxis aufgebaut<\/h3>\n<div class=\"wpb_text_column wpb_content_element\" >\n\t<div class=\"wpb_wrapper\">\n\t\t<p>F\u00fcr uns sind APIs keine eigenst\u00e4ndigen Tools, sondern essentielle Bausteine Ihrer Datenplattform. Sie bilden die Grundlage f\u00fcr Suchanwendungen, Self-Service-Dashboards, externe Anbindungen oder KI-Agenten. Wir entwickeln modular und zukunftssicher, damit Sie mit den sich \u00e4ndernden Anforderungen und Systemen Schritt halten k\u00f6nnen.<\/p>\n\t<\/div>\n<\/div>\n\n\n\n\n\t\t<\/div> \n\t<\/div>\n\t<\/div> \n<\/div><\/div>\n\t\t\t<\/div> \n\t\t<\/div>\n\t<\/div> \n<\/div><\/div>\n\t\t<div id=\"fws_69e75ed7ac61e\"  data-column-margin=\"default\" data-midnight=\"light\"  class=\"wpb_row vc_row-fluid vc_row full-width-content vc_row-o-equal-height vc_row-flex vc_row-o-content-top\"  style=\"padding-top: 50px; padding-bottom: 50px; \"><div class=\"row-bg-wrap\" data-bg-animation=\"none\" data-bg-animation-delay=\"\" data-bg-overlay=\"false\"><div class=\"inner-wrap row-bg-layer\" ><div class=\"row-bg viewport-desktop using-bg-color\"  style=\"background-color: #e9812e; \"><\/div><\/div><\/div><div class=\"row_col_wrap_12 col span_12 light left\">\n\t<div  class=\"vc_col-sm-3 wpb_column column_container vc_column_container col no-extra-padding inherit_tablet inherit_phone\"  data-padding-pos=\"all\" data-has-bg-color=\"false\" data-bg-color=\"\" data-bg-opacity=\"1\" data-animation=\"\" data-delay=\"0\" >\n\t\t<div class=\"vc_column-inner\" >\n\t\t\t<div class=\"wpb_wrapper\">\n\t\t\t\t\n\t\t\t<\/div> \n\t\t<\/div>\n\t<\/div> \n\n\t<div  class=\"vc_col-sm-6 wpb_column column_container vc_column_container col centered-text no-extra-padding inherit_tablet inherit_phone\"  data-padding-pos=\"all\" data-has-bg-color=\"false\" data-bg-color=\"\" data-bg-opacity=\"1\" data-animation=\"\" data-delay=\"0\" >\n\t\t<div class=\"vc_column-inner\" >\n\t\t\t<div class=\"wpb_wrapper\">\n\t\t\t\t<h3 style=\"color: #ffffff;text-align: center;font-family:Abril Fatface;font-weight:400;font-style:normal\" class=\"vc_custom_heading vc_do_custom_heading\" >Mehr wissen?<\/h3>\n<div class=\"wpb_text_column wpb_content_element\" >\n\t<div class=\"wpb_wrapper\">\n\t\t<p style=\"text-align: center;\"><strong>M\u00f6chten Sie die Zusammenarbeit von Systemen durch intelligente APIs verbessern?<\/strong><br \/>\nPlanen Sie eine Sitzung mit unseren Ingenieuren und entdecken Sie, was die API-Entwicklung f\u00fcr Ihr Unternehmen leisten kann.<\/p>\n\t<\/div>\n<\/div>\n\n\n\n<a class=\"nectar-button large regular accent-color  regular-button\"  role=\"button\" style=\"color: #e9812e; background-color: #ffffff;\"  href=\"https:\/\/puurdata.nl\/de\/kontakt\/\" data-color-override=\"#ffffff\" data-hover-color-override=\"false\" data-hover-text-color-override=\"#fff\"><span>Planen Sie eine Sitzung<\/span><\/a>\n\t\t\t<\/div> \n\t\t<\/div>\n\t<\/div> \n\n\t<div  class=\"vc_col-sm-3 wpb_column column_container vc_column_container col no-extra-padding inherit_tablet inherit_phone\"  data-padding-pos=\"all\" data-has-bg-color=\"false\" data-bg-color=\"\" data-bg-opacity=\"1\" data-animation=\"\" data-delay=\"0\" >\n\t\t<div class=\"vc_column-inner\" >\n\t\t\t<div class=\"wpb_wrapper\">\n\t\t\t\t\n\t\t\t<\/div> \n\t\t<\/div>\n\t<\/div> \n<\/div><\/div>","protected":false},"excerpt":{"rendered":"API-Entwicklung: Die Br\u00fccke zwischen Systemen und Erkenntnissen. Zuverl\u00e4ssige Verbindungen mit maximaler Kontrolle. Gut konzipierte APIs sorgen f\u00fcr Flexibilit\u00e4t, Skalierbarkeit und Geschwindigkeit in Ihren Datenfl\u00fcssen. Wir entwickeln sichere, robuste und...","protected":false},"author":5,"featured_media":2644,"parent":3208,"menu_order":0,"comment_status":"closed","ping_status":"closed","template":"","meta":{"content-type":"","footnotes":""},"class_list":["post-3238","page","type-page","status-publish","has-post-thumbnail"],"yoast_head":"<!-- This site is optimized with the Yoast SEO plugin v27.3 - https:\/\/yoast.com\/product\/yoast-seo-wordpress\/ -->\n<title>API Development - PuurData<\/title>\n<meta name=\"description\" content=\"Bij PuurData ontwikkelen we API\u2019s die passen bij jouw datastructuur, integratiebehoefte en beveiligingseisen.\" \/>\n<meta name=\"robots\" content=\"index, follow, max-snippet:-1, max-image-preview:large, max-video-preview:-1\" \/>\n<link rel=\"canonical\" href=\"https:\/\/puurdata.nl\/de\/integrationsautomatisierung\/api-entwicklung\/\" \/>\n<meta name=\"twitter:label1\" content=\"Gesch\u00e4tzte Lesezeit\" \/>\n\t<meta name=\"twitter:data1\" content=\"3\u00a0Minuten\" \/>\n<script type=\"application\/ld+json\" class=\"yoast-schema-graph\">{\"@context\":\"https:\\\/\\\/schema.org\",\"@graph\":[{\"@type\":\"WebPage\",\"@id\":\"https:\\\/\\\/puurdata.nl\\\/integration-automation\\\/api-development\\\/\",\"url\":\"https:\\\/\\\/puurdata.nl\\\/integration-automation\\\/api-development\\\/\",\"name\":\"API Development - PuurData\",\"isPartOf\":{\"@id\":\"https:\\\/\\\/puurdata.nl\\\/#website\"},\"primaryImageOfPage\":{\"@id\":\"https:\\\/\\\/puurdata.nl\\\/integration-automation\\\/api-development\\\/#primaryimage\"},\"image\":{\"@id\":\"https:\\\/\\\/puurdata.nl\\\/integration-automation\\\/api-development\\\/#primaryimage\"},\"thumbnailUrl\":\"https:\\\/\\\/puurdata.nl\\\/wp-content\\\/uploads\\\/2025\\\/01\\\/shutterstock_2058573251-scaled.jpg\",\"datePublished\":\"2025-07-03T07:51:08+00:00\",\"dateModified\":\"2025-10-20T12:32:49+00:00\",\"description\":\"Bij PuurData ontwikkelen we API\u2019s die passen bij jouw datastructuur, integratiebehoefte en beveiligingseisen.\",\"breadcrumb\":{\"@id\":\"https:\\\/\\\/puurdata.nl\\\/integration-automation\\\/api-development\\\/#breadcrumb\"},\"inLanguage\":\"de\",\"potentialAction\":[{\"@type\":\"ReadAction\",\"target\":[\"https:\\\/\\\/puurdata.nl\\\/integration-automation\\\/api-development\\\/\"]}]},{\"@type\":\"ImageObject\",\"inLanguage\":\"de\",\"@id\":\"https:\\\/\\\/puurdata.nl\\\/integration-automation\\\/api-development\\\/#primaryimage\",\"url\":\"https:\\\/\\\/puurdata.nl\\\/wp-content\\\/uploads\\\/2025\\\/01\\\/shutterstock_2058573251-scaled.jpg\",\"contentUrl\":\"https:\\\/\\\/puurdata.nl\\\/wp-content\\\/uploads\\\/2025\\\/01\\\/shutterstock_2058573251-scaled.jpg\",\"width\":2560,\"height\":1440,\"caption\":\"Global communication network concept. Environmental technology. Sustainable development goals. SDGs.\"},{\"@type\":\"BreadcrumbList\",\"@id\":\"https:\\\/\\\/puurdata.nl\\\/integration-automation\\\/api-development\\\/#breadcrumb\",\"itemListElement\":[{\"@type\":\"ListItem\",\"position\":1,\"name\":\"Home\",\"item\":\"https:\\\/\\\/puurdata.nl\\\/\"},{\"@type\":\"ListItem\",\"position\":2,\"name\":\"Integration &#038; Automation\",\"item\":\"https:\\\/\\\/puurdata.nl\\\/integration-automation\\\/\"},{\"@type\":\"ListItem\",\"position\":3,\"name\":\"API Development\"}]},{\"@type\":\"WebSite\",\"@id\":\"https:\\\/\\\/puurdata.nl\\\/#website\",\"url\":\"https:\\\/\\\/puurdata.nl\\\/\",\"name\":\"PuurData\",\"description\":\"PuurData\",\"potentialAction\":[{\"@type\":\"SearchAction\",\"target\":{\"@type\":\"EntryPoint\",\"urlTemplate\":\"https:\\\/\\\/puurdata.nl\\\/?s={search_term_string}\"},\"query-input\":{\"@type\":\"PropertyValueSpecification\",\"valueRequired\":true,\"valueName\":\"search_term_string\"}}],\"inLanguage\":\"de\"}]}<\/script>\n<!-- \/ Yoast SEO plugin. -->","yoast_head_json":{"title":"API-Entwicklung - PuurData","description":"Bei PuurData entwickeln wir APIs, die zu Ihrer Datenstruktur, Ihren Integrationsanforderungen und Ihren Sicherheitsanforderungen passen.","robots":{"index":"index","follow":"follow","max-snippet":"max-snippet:-1","max-image-preview":"max-image-preview:large","max-video-preview":"max-video-preview:-1"},"canonical":"https:\/\/puurdata.nl\/de\/integrationsautomatisierung\/api-entwicklung\/","twitter_misc":{"Gesch\u00e4tzte Lesezeit":"3\u00a0Minuten"},"schema":{"@context":"https:\/\/schema.org","@graph":[{"@type":"WebPage","@id":"https:\/\/puurdata.nl\/integration-automation\/api-development\/","url":"https:\/\/puurdata.nl\/integration-automation\/api-development\/","name":"API-Entwicklung - PuurData","isPartOf":{"@id":"https:\/\/puurdata.nl\/#website"},"primaryImageOfPage":{"@id":"https:\/\/puurdata.nl\/integration-automation\/api-development\/#primaryimage"},"image":{"@id":"https:\/\/puurdata.nl\/integration-automation\/api-development\/#primaryimage"},"thumbnailUrl":"https:\/\/puurdata.nl\/wp-content\/uploads\/2025\/01\/shutterstock_2058573251-scaled.jpg","datePublished":"2025-07-03T07:51:08+00:00","dateModified":"2025-10-20T12:32:49+00:00","description":"Bei PuurData entwickeln wir APIs, die zu Ihrer Datenstruktur, Ihren Integrationsanforderungen und Ihren Sicherheitsanforderungen passen.","breadcrumb":{"@id":"https:\/\/puurdata.nl\/integration-automation\/api-development\/#breadcrumb"},"inLanguage":"de","potentialAction":[{"@type":"ReadAction","target":["https:\/\/puurdata.nl\/integration-automation\/api-development\/"]}]},{"@type":"ImageObject","inLanguage":"de","@id":"https:\/\/puurdata.nl\/integration-automation\/api-development\/#primaryimage","url":"https:\/\/puurdata.nl\/wp-content\/uploads\/2025\/01\/shutterstock_2058573251-scaled.jpg","contentUrl":"https:\/\/puurdata.nl\/wp-content\/uploads\/2025\/01\/shutterstock_2058573251-scaled.jpg","width":2560,"height":1440,"caption":"Global communication network concept. Environmental technology. Sustainable development goals. SDGs."},{"@type":"BreadcrumbList","@id":"https:\/\/puurdata.nl\/integration-automation\/api-development\/#breadcrumb","itemListElement":[{"@type":"ListItem","position":1,"name":"Home","item":"https:\/\/puurdata.nl\/"},{"@type":"ListItem","position":2,"name":"Integration &#038; Automation","item":"https:\/\/puurdata.nl\/integration-automation\/"},{"@type":"ListItem","position":3,"name":"API Development"}]},{"@type":"WebSite","@id":"https:\/\/puurdata.nl\/#website","url":"https:\/\/puurdata.nl\/","name":"PuurData","description":"PuurData","potentialAction":[{"@type":"SearchAction","target":{"@type":"EntryPoint","urlTemplate":"https:\/\/puurdata.nl\/?s={search_term_string}"},"query-input":{"@type":"PropertyValueSpecification","valueRequired":true,"valueName":"search_term_string"}}],"inLanguage":"de"}]}},"_links":{"self":[{"href":"https:\/\/puurdata.nl\/de\/wp-json\/wp\/v2\/pages\/3238","targetHints":{"allow":["GET"]}}],"collection":[{"href":"https:\/\/puurdata.nl\/de\/wp-json\/wp\/v2\/pages"}],"about":[{"href":"https:\/\/puurdata.nl\/de\/wp-json\/wp\/v2\/types\/page"}],"author":[{"embeddable":true,"href":"https:\/\/puurdata.nl\/de\/wp-json\/wp\/v2\/users\/5"}],"replies":[{"embeddable":true,"href":"https:\/\/puurdata.nl\/de\/wp-json\/wp\/v2\/comments?post=3238"}],"version-history":[{"count":8,"href":"https:\/\/puurdata.nl\/de\/wp-json\/wp\/v2\/pages\/3238\/revisions"}],"predecessor-version":[{"id":3741,"href":"https:\/\/puurdata.nl\/de\/wp-json\/wp\/v2\/pages\/3238\/revisions\/3741"}],"up":[{"embeddable":true,"href":"https:\/\/puurdata.nl\/de\/wp-json\/wp\/v2\/pages\/3208"}],"wp:featuredmedia":[{"embeddable":true,"href":"https:\/\/puurdata.nl\/de\/wp-json\/wp\/v2\/media\/2644"}],"wp:attachment":[{"href":"https:\/\/puurdata.nl\/de\/wp-json\/wp\/v2\/media?parent=3238"}],"curies":[{"name":"wp","href":"https:\/\/api.w.org\/{rel}","templated":true}]}}