{"id":3,"date":"2019-07-19T10:38:09","date_gmt":"2019-07-19T08:38:09","guid":{"rendered":"http:\/\/212.32.242.28\/?page_id=3"},"modified":"2025-09-29T09:46:45","modified_gmt":"2025-09-29T07:46:45","slug":"datenschutzrichtlinie-und-haftungsausschluss","status":"publish","type":"page","link":"https:\/\/puurdata.nl\/de\/privacybeleid-en-disclaimer\/","title":{"rendered":"Datenschutzrichtlinie und Haftungsausschluss"},"content":{"rendered":"<div id=\"fws_69eedd18c4fb0\"  data-column-margin=\"default\" data-midnight=\"dark\"  class=\"wpb_row vc_row-fluid vc_row full-width-section\"  style=\"padding-top: 0px; padding-bottom: 0px; \"><div class=\"row-bg-wrap\" data-bg-animation=\"none\" data-bg-animation-delay=\"\" data-bg-overlay=\"false\"><div class=\"inner-wrap row-bg-layer using-image\" ><div class=\"row-bg viewport-desktop using-image\"  style=\"background-image: url(https:\/\/puurdata.nl\/wp-content\/uploads\/2019\/07\/header.png); background-position: center bottom; background-repeat: no-repeat; \"><\/div><\/div><\/div><div class=\"row_col_wrap_12 col span_12 dark left\">\n\t<div  class=\"vc_col-sm-12 wpb_column column_container vc_column_container col no-extra-padding inherit_tablet inherit_phone\"  data-padding-pos=\"all\" data-has-bg-color=\"false\" data-bg-color=\"\" data-bg-opacity=\"1\" data-animation=\"\" data-delay=\"0\" >\n\t\t<div class=\"vc_column-inner\" >\n\t\t\t<div class=\"wpb_wrapper\">\n\t\t\t\t<div id=\"fws_69eedd18c5e0b\" data-midnight=\"\" data-column-margin=\"default\" class=\"wpb_row vc_row-fluid vc_row inner_row vc_row-o-equal-height vc_row-flex vc_row-o-content-middle\"  style=\"padding-top: 10%; padding-bottom: 20%; \"><div class=\"row-bg-wrap\"> <div class=\"row-bg\" ><\/div> <\/div><div class=\"row_col_wrap_12_inner col span_12  left\">\n\t<div  class=\"vc_col-sm-8 wpb_column column_container vc_column_container col child_column padding-2-percent inherit_tablet inherit_phone\"   data-padding-pos=\"right\" data-has-bg-color=\"false\" data-bg-color=\"\" data-bg-opacity=\"1\" data-animation=\"\" data-delay=\"0\" >\n\t\t<div class=\"vc_column-inner\" >\n\t\t<div class=\"wpb_wrapper\">\n\t\t\t<h1 style=\"text-align: left\" class=\"vc_custom_heading vc_do_custom_heading headerText\" >Datenschutzrichtlinie und Haftungsausschluss<\/h1>\n\t\t<\/div> \n\t<\/div>\n\t<\/div> \n\n\t<div  class=\"vc_col-sm-4 wpb_column column_container vc_column_container col child_column padding-2-percent inherit_tablet inherit_phone\"   data-padding-pos=\"left\" data-has-bg-color=\"false\" data-bg-color=\"\" data-bg-opacity=\"1\" data-animation=\"\" data-delay=\"0\" >\n\t\t<div class=\"vc_column-inner\" >\n\t\t<div class=\"wpb_wrapper\">\n\t\t\t\n\t\t<\/div> \n\t<\/div>\n\t<\/div> \n<\/div><\/div>\n\t\t\t<\/div> \n\t\t<\/div>\n\t<\/div> \n<\/div><\/div>\n\t\t<div id=\"fws_69eedd18c7681\"  data-column-margin=\"default\" data-midnight=\"dark\"  class=\"wpb_row vc_row-fluid vc_row\"  style=\"padding-top: 100px; padding-bottom: 100px; \"><div class=\"row-bg-wrap\" data-bg-animation=\"none\" data-bg-animation-delay=\"\" data-bg-overlay=\"false\"><div class=\"inner-wrap row-bg-layer\" ><div class=\"row-bg viewport-desktop\"  style=\"\"><\/div><\/div><\/div><div class=\"row_col_wrap_12 col span_12 dark left\">\n\t<div  class=\"vc_col-sm-3 wpb_column column_container vc_column_container col no-extra-padding inherit_tablet inherit_phone\"  data-padding-pos=\"all\" data-has-bg-color=\"false\" data-bg-color=\"\" data-bg-opacity=\"1\" data-animation=\"\" data-delay=\"0\" >\n\t\t<div class=\"vc_column-inner\" >\n\t\t\t<div class=\"wpb_wrapper\">\n\t\t\t\t\n\t\t\t<\/div> \n\t\t<\/div>\n\t<\/div> \n\n\t<div  class=\"vc_col-sm-6 wpb_column column_container vc_column_container col no-extra-padding inherit_tablet inherit_phone\"  data-padding-pos=\"all\" data-has-bg-color=\"false\" data-bg-color=\"\" data-bg-opacity=\"1\" data-animation=\"\" data-delay=\"0\" >\n\t\t<div class=\"vc_column-inner\" >\n\t\t\t<div class=\"wpb_wrapper\">\n\t\t\t\t\n<div class=\"wpb_text_column wpb_content_element\" >\n\t<div class=\"wpb_wrapper\">\n\t\t<h4 data-start=\"258\" data-end=\"270\">Einf\u00fchrung<\/h4>\n<p data-start=\"271\" data-end=\"558\">PuurData BV (im Folgenden: PuurData) legt gro\u00dfen Wert auf die Privatsph\u00e4re der Besucher und Nutzer unserer Website und (Online-)Dienste. Wir behandeln und sch\u00fctzen personenbezogene Daten mit gr\u00f6\u00dfter Sorgfalt und in \u00dcbereinstimmung mit den geltenden Gesetzen und Vorschriften.<\/p>\n<h4 data-start=\"560\" data-end=\"595\">Schutz personenbezogener Daten<\/h4>\n<p data-start=\"596\" data-end=\"809\">PuurData h\u00e4lt sich an die Datenschutz-Grundverordnung (DSGVO). Wir verarbeiten personenbezogene Daten nur mit Einwilligung und Kenntnis der betroffenen Person oder auf einer anderen Rechtsgrundlage.<\/p>\n<p data-start=\"811\" data-end=\"909\">Wenn Sie uns Ihre E-Mail-Adresse oder andere personenbezogene Daten mitteilen, verwenden wir diese nur, um:<\/p>\n<ul>\n<li data-start=\"811\" data-end=\"909\">um Ihre Fragen zu beantworten,<\/li>\n<li data-start=\"811\" data-end=\"909\">um Ihnen unseren Newsletter zuzusenden (sofern Sie diesen abonniert haben) oder<\/li>\n<li data-start=\"811\" data-end=\"909\">um Sie \u00fcber Produkte oder Dienstleistungen zu informieren, die f\u00fcr Sie relevant sein k\u00f6nnten.<\/li>\n<\/ul>\n<p>Sie k\u00f6nnen den Newsletter \u00fcber den Abmeldelink in den E-Mails abbestellen. Ihre Daten werden dann aus unserer Datenbank gel\u00f6scht. Wir geben personenbezogene Daten nicht an Dritte weiter, es sei denn, dies ist gesetzlich vorgeschrieben oder f\u00fcr den Zweck, f\u00fcr den die Daten erhoben wurden, erforderlich.<\/p>\n<p data-start=\"1374\" data-end=\"1523\">Wir bewahren personenbezogene Daten nicht l\u00e4nger auf, als es f\u00fcr die Zwecke, f\u00fcr die sie erhoben wurden, erforderlich ist, es sei denn, es besteht eine gesetzliche Aufbewahrungspflicht.<\/p>\n<h4 data-start=\"1525\" data-end=\"1563\">Cookies und \u00e4hnliche Technologien<\/h4>\n<p data-start=\"1564\" data-end=\"1736\">PuurData verwendet Cookies und \u00e4hnliche Technologien, um die ordnungsgem\u00e4\u00dfe Funktion der Website sicherzustellen, Statistiken zu sammeln und das Benutzererlebnis zu verbessern.<\/p>\n<ul data-start=\"1738\" data-end=\"2136\">\n<li data-start=\"1738\" data-end=\"1828\">\n<p data-start=\"1740\" data-end=\"1828\"><strong data-start=\"1740\" data-end=\"1766\">Notwendige Cookies sind Cookies, die:<\/strong> Diese sind f\u00fcr die grundlegende Funktionalit\u00e4t der Site erforderlich.<\/p>\n<\/li>\n<li data-start=\"1738\" data-end=\"1828\">\n<p data-start=\"1740\" data-end=\"1828\"><strong data-start=\"1831\" data-end=\"1855\">Analytische Cookies:<\/strong> Damit messen wir die Nutzung der Website und k\u00f6nnen deren Inhalt verbessern. Hierzu verwenden wir unter anderem Google Analytics und die Daten werden weitestgehend anonymisiert.<\/p>\n<\/li>\n<li data-start=\"1738\" data-end=\"1828\">\n<p data-start=\"1740\" data-end=\"1828\"><strong data-start=\"2036\" data-end=\"2057\">Marketing-Cookies:<\/strong> Dadurch k\u00f6nnen wir Inhalte und Werbung besser auf Ihre Interessen abstimmen.<\/p>\n<\/li>\n<\/ul>\n<p data-start=\"2138\" data-end=\"2401\">Bei Ihrem ersten Besuch der Website bitten wir Sie \u00fcber ein Popup-Fenster um Ihre Zustimmung zur Platzierung nicht unbedingt erforderlicher Cookies (Analyse- und Marketing-Cookies). Sie k\u00f6nnen Ihre Pr\u00e4ferenzen \u00fcber dieses Popup-Fenster angeben oder Cookies sp\u00e4ter \u00fcber Ihre Browsereinstellungen l\u00f6schen.<\/p>\n<h4 data-start=\"2403\" data-end=\"2425\">Websites von Drittanbietern<\/h4>\n<p data-start=\"2426\" data-end=\"2641\">Unsere Website enth\u00e4lt Links zu Websites Dritter. Wir sind nicht f\u00fcr den Inhalt oder die Datenschutzrichtlinien dieser Websites verantwortlich. Wir empfehlen Ihnen, stets die Datenschutzrichtlinien dieser Websites zu lesen.<\/p>\n<h4 data-start=\"2643\" data-end=\"2656\">Haftungsausschluss<\/h4>\n<p data-start=\"2657\" data-end=\"3055\">Nutzer der Dienste von PuurData bestimmen, welche Daten eingegeben, gespeichert oder verarbeitet werden. PuurData hat keinen Zugriff auf diese Daten und stellt lediglich die IT-Infrastruktur zur Verf\u00fcgung. Der Nutzer bleibt f\u00fcr die eingegebenen Daten, Auswertungen und deren Verlust verantwortlich. PuurData haftet nicht f\u00fcr daraus entstehende Sch\u00e4den.<\/p>\n<h4 data-start=\"3057\" data-end=\"3070\">Ihre Rechte<\/h4>\n<p data-start=\"3071\" data-end=\"3315\">Sie haben das Recht auf Zugriff, Berichtigung, L\u00f6schung und Einschr\u00e4nkung Ihrer personenbezogenen Daten sowie das Widerspruchsrecht und das Recht auf Daten\u00fcbertragbarkeit. Sie k\u00f6nnen bei der niederl\u00e4ndischen Datenschutzbeh\u00f6rde Beschwerde einreichen.<\/p>\n<p data-start=\"3317\" data-end=\"3391\">Bei Fragen oder W\u00fcnschen kontaktieren Sie uns bitte \u00fcber: <strong data-start=\"3370\" data-end=\"3390\"><a class=\"decorated-link cursor-pointer\" href=\"mailto:info@puurdata.nl\" rel=\"noopener\" data-start=\"3372\" data-end=\"3388\">info@puurdata.nl\u00a0<\/a><\/strong><\/p>\n<p>\u00a9 PuurData BV 2025<\/p>\n\t<\/div>\n<\/div>\n\n\n\n\n\t\t\t<\/div> \n\t\t<\/div>\n\t<\/div> \n\n\t<div  class=\"vc_col-sm-3 wpb_column column_container vc_column_container col no-extra-padding inherit_tablet inherit_phone\"  data-padding-pos=\"all\" data-has-bg-color=\"false\" data-bg-color=\"\" data-bg-opacity=\"1\" data-animation=\"\" data-delay=\"0\" >\n\t\t<div class=\"vc_column-inner\" >\n\t\t\t<div class=\"wpb_wrapper\">\n\t\t\t\t\n\t\t\t<\/div> \n\t\t<\/div>\n\t<\/div> \n<\/div><\/div>","protected":false},"excerpt":{"rendered":"Privacybeleid en disclaimer Inleiding PuurData B.V. (hierna: PuurData) hecht groot belang aan de privacy van bezoekers en gebruikers van onze website en (online) dienstverlening. Wij behandelen en beveiligen persoonsgegevens met...","protected":false},"author":1,"featured_media":0,"parent":0,"menu_order":0,"comment_status":"closed","ping_status":"closed","template":"","meta":{"content-type":"","footnotes":""},"class_list":["post-3","page","type-page","status-publish"],"yoast_head":"<!-- This site is optimized with the Yoast SEO plugin v27.3 - https:\/\/yoast.com\/product\/yoast-seo-wordpress\/ -->\n<title>Privacybeleid en disclaimer - PuurData<\/title>\n<meta name=\"description\" content=\"PuurData hecht groot belang aan de privacy van bezoekers en gebruikers van onze website en (online) dienstverlening.\" \/>\n<meta name=\"robots\" content=\"index, follow, max-snippet:-1, max-image-preview:large, max-video-preview:-1\" \/>\n<link rel=\"canonical\" href=\"https:\/\/puurdata.nl\/de\/datenschutzrichtlinie-und-haftungsausschluss\/\" \/>\n<meta name=\"twitter:label1\" content=\"Gesch\u00e4tzte Lesezeit\" \/>\n\t<meta name=\"twitter:data1\" content=\"3\u00a0Minuten\" \/>\n<script type=\"application\/ld+json\" class=\"yoast-schema-graph\">{\"@context\":\"https:\\\/\\\/schema.org\",\"@graph\":[{\"@type\":\"WebPage\",\"@id\":\"https:\\\/\\\/puurdata.nl\\\/privacybeleid-en-disclaimer\\\/\",\"url\":\"https:\\\/\\\/puurdata.nl\\\/privacybeleid-en-disclaimer\\\/\",\"name\":\"Privacybeleid en disclaimer - PuurData\",\"isPartOf\":{\"@id\":\"https:\\\/\\\/puurdata.nl\\\/#website\"},\"datePublished\":\"2019-07-19T08:38:09+00:00\",\"dateModified\":\"2025-09-29T07:46:45+00:00\",\"description\":\"PuurData hecht groot belang aan de privacy van bezoekers en gebruikers van onze website en (online) dienstverlening.\",\"breadcrumb\":{\"@id\":\"https:\\\/\\\/puurdata.nl\\\/privacybeleid-en-disclaimer\\\/#breadcrumb\"},\"inLanguage\":\"de\",\"potentialAction\":[{\"@type\":\"ReadAction\",\"target\":[\"https:\\\/\\\/puurdata.nl\\\/privacybeleid-en-disclaimer\\\/\"]}]},{\"@type\":\"BreadcrumbList\",\"@id\":\"https:\\\/\\\/puurdata.nl\\\/privacybeleid-en-disclaimer\\\/#breadcrumb\",\"itemListElement\":[{\"@type\":\"ListItem\",\"position\":1,\"name\":\"Home\",\"item\":\"https:\\\/\\\/puurdata.nl\\\/\"},{\"@type\":\"ListItem\",\"position\":2,\"name\":\"Privacybeleid en disclaimer\"}]},{\"@type\":\"WebSite\",\"@id\":\"https:\\\/\\\/puurdata.nl\\\/#website\",\"url\":\"https:\\\/\\\/puurdata.nl\\\/\",\"name\":\"PuurData\",\"description\":\"PuurData\",\"potentialAction\":[{\"@type\":\"SearchAction\",\"target\":{\"@type\":\"EntryPoint\",\"urlTemplate\":\"https:\\\/\\\/puurdata.nl\\\/?s={search_term_string}\"},\"query-input\":{\"@type\":\"PropertyValueSpecification\",\"valueRequired\":true,\"valueName\":\"search_term_string\"}}],\"inLanguage\":\"de\"}]}<\/script>\n<!-- \/ Yoast SEO plugin. -->","yoast_head_json":{"title":"Datenschutzrichtlinie und Haftungsausschluss - PuurData","description":"PuurData legt gro\u00dfen Wert auf die Privatsph\u00e4re der Besucher und Nutzer unserer Website und (Online-)Dienste.","robots":{"index":"index","follow":"follow","max-snippet":"max-snippet:-1","max-image-preview":"max-image-preview:large","max-video-preview":"max-video-preview:-1"},"canonical":"https:\/\/puurdata.nl\/de\/datenschutzrichtlinie-und-haftungsausschluss\/","twitter_misc":{"Gesch\u00e4tzte Lesezeit":"3\u00a0Minuten"},"schema":{"@context":"https:\/\/schema.org","@graph":[{"@type":"WebPage","@id":"https:\/\/puurdata.nl\/privacybeleid-en-disclaimer\/","url":"https:\/\/puurdata.nl\/privacybeleid-en-disclaimer\/","name":"Datenschutzrichtlinie und Haftungsausschluss - PuurData","isPartOf":{"@id":"https:\/\/puurdata.nl\/#website"},"datePublished":"2019-07-19T08:38:09+00:00","dateModified":"2025-09-29T07:46:45+00:00","description":"PuurData legt gro\u00dfen Wert auf die Privatsph\u00e4re der Besucher und Nutzer unserer Website und (Online-)Dienste.","breadcrumb":{"@id":"https:\/\/puurdata.nl\/privacybeleid-en-disclaimer\/#breadcrumb"},"inLanguage":"de","potentialAction":[{"@type":"ReadAction","target":["https:\/\/puurdata.nl\/privacybeleid-en-disclaimer\/"]}]},{"@type":"BreadcrumbList","@id":"https:\/\/puurdata.nl\/privacybeleid-en-disclaimer\/#breadcrumb","itemListElement":[{"@type":"ListItem","position":1,"name":"Home","item":"https:\/\/puurdata.nl\/"},{"@type":"ListItem","position":2,"name":"Privacybeleid en disclaimer"}]},{"@type":"WebSite","@id":"https:\/\/puurdata.nl\/#website","url":"https:\/\/puurdata.nl\/","name":"PuurData","description":"PuurData","potentialAction":[{"@type":"SearchAction","target":{"@type":"EntryPoint","urlTemplate":"https:\/\/puurdata.nl\/?s={search_term_string}"},"query-input":{"@type":"PropertyValueSpecification","valueRequired":true,"valueName":"search_term_string"}}],"inLanguage":"de"}]}},"_links":{"self":[{"href":"https:\/\/puurdata.nl\/de\/wp-json\/wp\/v2\/pages\/3","targetHints":{"allow":["GET"]}}],"collection":[{"href":"https:\/\/puurdata.nl\/de\/wp-json\/wp\/v2\/pages"}],"about":[{"href":"https:\/\/puurdata.nl\/de\/wp-json\/wp\/v2\/types\/page"}],"author":[{"embeddable":true,"href":"https:\/\/puurdata.nl\/de\/wp-json\/wp\/v2\/users\/1"}],"replies":[{"embeddable":true,"href":"https:\/\/puurdata.nl\/de\/wp-json\/wp\/v2\/comments?post=3"}],"version-history":[{"count":14,"href":"https:\/\/puurdata.nl\/de\/wp-json\/wp\/v2\/pages\/3\/revisions"}],"predecessor-version":[{"id":3648,"href":"https:\/\/puurdata.nl\/de\/wp-json\/wp\/v2\/pages\/3\/revisions\/3648"}],"wp:attachment":[{"href":"https:\/\/puurdata.nl\/de\/wp-json\/wp\/v2\/media?parent=3"}],"curies":[{"name":"wp","href":"https:\/\/api.w.org\/{rel}","templated":true}]}}