{"id":2479,"date":"2024-12-10T15:39:17","date_gmt":"2024-12-10T13:39:17","guid":{"rendered":"https:\/\/www.puurdata.nl\/?page_id=2479"},"modified":"2026-04-21T14:17:19","modified_gmt":"2026-04-21T12:17:19","slug":"elastische-beobachtbarkeit","status":"publish","type":"page","link":"https:\/\/puurdata.nl\/de\/elastic-expertise\/elastic-observability\/","title":{"rendered":"Elastische Beobachtbarkeit"},"content":{"rendered":"<div id=\"fws_69f25516b7dd9\"  data-column-margin=\"default\" data-midnight=\"dark\"  class=\"wpb_row vc_row-fluid vc_row full-width-section headerBox\"  style=\"padding-top: 0px; padding-bottom: 0px; \"><div class=\"row-bg-wrap\" data-bg-animation=\"none\" data-bg-animation-delay=\"\" data-bg-overlay=\"false\"><div class=\"inner-wrap row-bg-layer using-image\" ><div class=\"row-bg viewport-desktop using-image using-bg-color\"  style=\"background-image: url(https:\/\/puurdata.nl\/wp-content\/uploads\/2019\/07\/header.png); background-position: center bottom; background-repeat: no-repeat; background-color: #ffffff; \"><\/div><\/div><\/div><div class=\"row_col_wrap_12 col span_12 dark left\">\n\t<div  class=\"vc_col-sm-12 wpb_column column_container vc_column_container col no-extra-padding inherit_tablet inherit_phone\"  data-padding-pos=\"all\" data-has-bg-color=\"false\" data-bg-color=\"\" data-bg-opacity=\"1\" data-animation=\"\" data-delay=\"0\" >\n\t\t<div class=\"vc_column-inner\" >\n\t\t\t<div class=\"wpb_wrapper\">\n\t\t\t\t<div id=\"fws_69f25516b85f3\" data-midnight=\"\" data-column-margin=\"default\" class=\"wpb_row vc_row-fluid vc_row inner_row vc_row-o-equal-height vc_row-flex vc_row-o-content-middle\"  style=\"padding-top: 10%; padding-bottom: 20%; \"><div class=\"row-bg-wrap\"> <div class=\"row-bg\" ><\/div> <\/div><div class=\"row_col_wrap_12_inner col span_12  left\">\n\t<div  class=\"vc_col-sm-12 wpb_column column_container vc_column_container col child_column padding-2-percent inherit_tablet inherit_phone\"   data-padding-pos=\"right\" data-has-bg-color=\"false\" data-bg-color=\"\" data-bg-opacity=\"1\" data-animation=\"\" data-delay=\"0\" >\n\t\t<div class=\"vc_column-inner\" >\n\t\t<div class=\"wpb_wrapper\">\n\t\t\t<h1 style=\"text-align: left\" class=\"vc_custom_heading vc_do_custom_heading headerText\" >Elastic Observability \u2013 Vollst\u00e4ndige Kontrolle \u00fcber Ihre Systeme<\/h1>\n<div class=\"wpb_text_column wpb_content_element  headerText\" >\n\t<div class=\"wpb_wrapper\">\n\t\t<h4>\u00dcberwachen und analysieren Sie alle Ihre Daten in Echtzeit. Halten Sie Ihre IT-Umgebung transparent, verbessern Sie die Leistung und verhindern Sie Probleme, bevor sie Auswirkungen haben. PuurData hilft Ihnen, Elastic Observability optimal zu nutzen.<\/h4>\n\t<\/div>\n<\/div>\n\n\n\n\n\t\t<\/div> \n\t<\/div>\n\t<\/div> \n<\/div><\/div>\n\t\t\t<\/div> \n\t\t<\/div>\n\t<\/div> \n<\/div><\/div>\n\t\t<div id=\"fws_69f25516b9218\"  data-column-margin=\"default\" data-midnight=\"dark\"  class=\"wpb_row vc_row-fluid vc_row full-width-section\"  style=\"padding-top: 100px; padding-bottom: 50px; \"><div class=\"row-bg-wrap\" data-bg-animation=\"none\" data-bg-animation-delay=\"\" data-bg-overlay=\"false\"><div class=\"inner-wrap row-bg-layer\" ><div class=\"row-bg viewport-desktop using-bg-color\"  style=\"background-color: #ffffff; \"><\/div><\/div><\/div><div class=\"row_col_wrap_12 col span_12 dark left\">\n\t<div  class=\"vc_col-sm-12 wpb_column column_container vc_column_container col no-extra-padding inherit_tablet inherit_phone\"  data-padding-pos=\"all\" data-has-bg-color=\"false\" data-bg-color=\"\" data-bg-opacity=\"1\" data-animation=\"\" data-delay=\"0\" >\n\t\t<div class=\"vc_column-inner\" >\n\t\t\t<div class=\"wpb_wrapper\">\n\t\t\t\t<div id=\"fws_69f25516b9690\" data-midnight=\"\" data-column-margin=\"default\" class=\"wpb_row vc_row-fluid vc_row inner_row vc_row-o-equal-height vc_row-flex vc_row-o-content-middle\"  style=\"\"><div class=\"row-bg-wrap\"> <div class=\"row-bg\" ><\/div> <\/div><div class=\"row_col_wrap_12_inner col span_12  left\">\n\t<div  class=\"vc_col-sm-6 wpb_column column_container vc_column_container col child_column padding-2-percent inherit_tablet inherit_phone\"   data-padding-pos=\"right\" data-has-bg-color=\"false\" data-bg-color=\"\" data-bg-opacity=\"1\" data-animation=\"\" data-delay=\"0\" >\n\t\t<div class=\"vc_column-inner\" >\n\t\t<div class=\"wpb_wrapper\">\n\t\t\t<div class=\"img-with-aniamtion-wrap center\" data-max-width=\"75%\" data-max-width-mobile=\"default\" data-shadow=\"none\" data-animation=\"fade-in\" >\n      <div class=\"inner\">\n        <div class=\"hover-wrap\"> \n          <div class=\"hover-wrap-inner\">\n            <img loading=\"lazy\" decoding=\"async\" class=\"img-with-animation skip-lazy\" data-delay=\"0\" height=\"559\" width=\"695\" data-animation=\"fade-in\" src=\"https:\/\/puurdata.nl\/wp-content\/uploads\/2019\/07\/Elasticsearch_logging.svg\" alt=\"\"  \/>\n          <\/div>\n        <\/div>\n      <\/div>\n    <\/div>\n\t\t<\/div> \n\t<\/div>\n\t<\/div> \n\n\t<div  class=\"vc_col-sm-6 wpb_column column_container vc_column_container col child_column padding-2-percent inherit_tablet inherit_phone\"   data-padding-pos=\"left\" data-has-bg-color=\"false\" data-bg-color=\"\" data-bg-opacity=\"1\" data-animation=\"\" data-delay=\"0\" >\n\t\t<div class=\"vc_column-inner\" >\n\t\t<div class=\"wpb_wrapper\">\n\t\t\t<h2 style=\"text-align: left;font-family:Abril Fatface;font-weight:400;font-style:normal\" class=\"vc_custom_heading vc_do_custom_heading\" >Wat is observability? Inzicht in je IT<\/h2>\n<div class=\"wpb_text_column wpb_content_element\" >\n\t<div class=\"wpb_wrapper\">\n\t\t<p>Observability bietet umfassende Einblicke in den Zustand, die Leistung und den Betrieb Ihrer IT-Umgebung. Durch die Zusammenf\u00fchrung von Daten aus Protokollen, Metriken und Traces erhalten Sie einen integrierten \u00dcberblick, der es Ihnen erm\u00f6glicht, Probleme schnell zu erkennen und zu l\u00f6sen. PuurData implementiert Elastic Observability als leistungsstarke L\u00f6sung, um Ihre Systeme transparent und verwaltbar zu machen, sodass Sie jederzeit die Kontrolle \u00fcber Ihre IT-Infrastruktur behalten.<\/p>\n<p data-start=\"1445\" data-end=\"1549\">Veel organisaties starten met monitoring, maar missen het overzicht om snel te begrijpen wat er gebeurt.<br \/>\n<a href=\"https:\/\/puurdata.nl\/de\/elastische-beobachtbarkeit-2\/\"><strong data-start=\"1556\" data-end=\"1616\">Lees hier hoe je van monitoring naar echte observability gaat<\/strong><\/a><\/p>\n\t<\/div>\n<\/div>\n\n\n\n\n\t\t<\/div> \n\t<\/div>\n\t<\/div> \n<\/div><\/div>\n\t\t\t<\/div> \n\t\t<\/div>\n\t<\/div> \n<\/div><\/div>\n\t\t<div id=\"fws_69f25516ba847\"  data-column-margin=\"default\" data-midnight=\"dark\"  class=\"wpb_row vc_row-fluid vc_row full-width-section\"  style=\"padding-top: 50px; padding-bottom: 100px; \"><div class=\"row-bg-wrap\" data-bg-animation=\"none\" data-bg-animation-delay=\"\" data-bg-overlay=\"false\"><div class=\"inner-wrap row-bg-layer\" ><div class=\"row-bg viewport-desktop using-bg-color\"  style=\"background-color: #ffffff; \"><\/div><\/div><\/div><div class=\"row_col_wrap_12 col span_12 dark left\">\n\t<div  class=\"vc_col-sm-12 wpb_column column_container vc_column_container col no-extra-padding inherit_tablet inherit_phone\"  data-padding-pos=\"all\" data-has-bg-color=\"false\" data-bg-color=\"\" data-bg-opacity=\"1\" data-animation=\"\" data-delay=\"0\" >\n\t\t<div class=\"vc_column-inner\" >\n\t\t\t<div class=\"wpb_wrapper\">\n\t\t\t\t<div id=\"fws_69f25516bac2e\" data-midnight=\"\" data-column-margin=\"default\" class=\"wpb_row vc_row-fluid vc_row inner_row vc_row-o-equal-height vc_row-flex vc_row-o-content-middle\"  style=\"\"><div class=\"row-bg-wrap\"> <div class=\"row-bg\" ><\/div> <\/div><div class=\"row_col_wrap_12_inner col span_12  left\">\n\t<div  class=\"vc_col-sm-6 wpb_column column_container vc_column_container col child_column padding-2-percent inherit_tablet inherit_phone\"   data-padding-pos=\"right\" data-has-bg-color=\"false\" data-bg-color=\"\" data-bg-opacity=\"1\" data-animation=\"\" data-delay=\"0\" >\n\t\t<div class=\"vc_column-inner\" >\n\t\t<div class=\"wpb_wrapper\">\n\t\t\t<h2 style=\"text-align: left\" class=\"vc_custom_heading vc_do_custom_heading\" >Waarom observability? Blijf voor op problemen<\/h2>\n<div class=\"wpb_text_column wpb_content_element\" >\n\t<div class=\"wpb_wrapper\">\n\t\t<p>Die Verwaltung moderner IT-Umgebungen stellt zunehmende Herausforderungen dar. Um schnell auf Abweichungen und Probleme reagieren zu k\u00f6nnen, ist es wichtig, stets Einblick in den Zustand Ihrer Systeme zu haben.<\/p>\n<p><a href=\"https:\/\/www.elastic.co\/observability\" target=\"_blank\" rel=\"noopener\">Elastische Beobachtbarkeit<\/a> erm\u00f6glicht es Ihnen, Ausfallzeiten zu vermeiden, Vorf\u00e4lle schneller zu l\u00f6sen und eine bessere Leistung zu erzielen. Mit Echtzeit\u00fcberwachung, vorausschauenden Analysen und \u00fcbersichtlichen Dashboards sind Sie allen Problemen immer einen Schritt voraus.<\/p>\n\t<\/div>\n<\/div>\n\n\n\n\n\t\t<\/div> \n\t<\/div>\n\t<\/div> \n\n\t<div  class=\"vc_col-sm-6 wpb_column column_container vc_column_container col child_column padding-2-percent inherit_tablet inherit_phone\"   data-padding-pos=\"left\" data-has-bg-color=\"false\" data-bg-color=\"\" data-bg-opacity=\"1\" data-animation=\"\" data-delay=\"0\" >\n\t\t<div class=\"vc_column-inner\" >\n\t\t<div class=\"wpb_wrapper\">\n\t\t\t<div class=\"img-with-aniamtion-wrap center\" data-max-width=\"75%\" data-max-width-mobile=\"default\" data-shadow=\"none\" data-animation=\"fade-in\" >\n      <div class=\"inner\">\n        <div class=\"hover-wrap\"> \n          <div class=\"hover-wrap-inner\">\n            <img loading=\"lazy\" decoding=\"async\" class=\"img-with-animation skip-lazy\" data-delay=\"0\" height=\"1749\" width=\"1530\" data-animation=\"fade-in\" src=\"https:\/\/puurdata.nl\/wp-content\/uploads\/2019\/07\/Search2.svg\" alt=\"\"  \/>\n          <\/div>\n        <\/div>\n      <\/div>\n    <\/div>\n\t\t<\/div> \n\t<\/div>\n\t<\/div> \n<\/div><\/div>\n\t\t\t<\/div> \n\t\t<\/div>\n\t<\/div> \n<\/div><\/div>\n\t\t<div id=\"fws_69f25516bbacf\"  data-column-margin=\"default\" data-midnight=\"dark\"  class=\"wpb_row vc_row-fluid vc_row full-width-section\"  style=\"padding-top: 100px; padding-bottom: 50px; \"><div class=\"row-bg-wrap\" data-bg-animation=\"none\" data-bg-animation-delay=\"\" data-bg-overlay=\"false\"><div class=\"inner-wrap row-bg-layer\" ><div class=\"row-bg viewport-desktop\"  style=\"\"><\/div><\/div><\/div><div class=\"row_col_wrap_12 col span_12 dark left\">\n\t<div  class=\"vc_col-sm-12 wpb_column column_container vc_column_container col no-extra-padding inherit_tablet inherit_phone\"  data-padding-pos=\"all\" data-has-bg-color=\"false\" data-bg-color=\"\" data-bg-opacity=\"1\" data-animation=\"\" data-delay=\"0\" >\n\t\t<div class=\"vc_column-inner\" >\n\t\t\t<div class=\"wpb_wrapper\">\n\t\t\t\t<div id=\"fws_69f25516bbe49\" data-midnight=\"\" data-column-margin=\"default\" class=\"wpb_row vc_row-fluid vc_row inner_row vc_row-o-equal-height vc_row-flex vc_row-o-content-middle\"  style=\"\"><div class=\"row-bg-wrap\"> <div class=\"row-bg\" ><\/div> <\/div><div class=\"row_col_wrap_12_inner col span_12  left\">\n\t<div  class=\"vc_col-sm-6 wpb_column column_container vc_column_container col child_column padding-2-percent inherit_tablet inherit_phone\"   data-padding-pos=\"right\" data-has-bg-color=\"false\" data-bg-color=\"\" data-bg-opacity=\"1\" data-animation=\"\" data-delay=\"0\" >\n\t\t<div class=\"vc_column-inner\" >\n\t\t<div class=\"wpb_wrapper\">\n\t\t\t<div class=\"img-with-aniamtion-wrap center\" data-max-width=\"75%\" data-max-width-mobile=\"default\" data-shadow=\"none\" data-animation=\"fade-in\" >\n      <div class=\"inner\">\n        <div class=\"hover-wrap\"> \n          <div class=\"hover-wrap-inner\">\n            <img loading=\"lazy\" decoding=\"async\" class=\"img-with-animation skip-lazy\" data-delay=\"0\" height=\"1313\" width=\"969\" data-animation=\"fade-in\" src=\"https:\/\/puurdata.nl\/wp-content\/uploads\/2019\/07\/Big-Data-Proof3.svg\" alt=\"\"  \/>\n          <\/div>\n        <\/div>\n      <\/div>\n    <\/div>\n\t\t<\/div> \n\t<\/div>\n\t<\/div> \n\n\t<div  class=\"vc_col-sm-6 wpb_column column_container vc_column_container col child_column padding-2-percent inherit_tablet inherit_phone\"   data-padding-pos=\"left\" data-has-bg-color=\"false\" data-bg-color=\"\" data-bg-opacity=\"1\" data-animation=\"\" data-delay=\"0\" >\n\t\t<div class=\"vc_column-inner\" >\n\t\t<div class=\"wpb_wrapper\">\n\t\t\t<h2 style=\"text-align: left\" class=\"vc_custom_heading vc_do_custom_heading\" >Hoe kan ik observability toepassen in mijn organisatie?<\/h2>\n<div class=\"wpb_text_column wpb_content_element\" >\n\t<div class=\"wpb_wrapper\">\n\t\t<p>PuurData hilft Ihnen, Elastic Observability nahtlos in Ihr Unternehmen zu integrieren. Wir sorgen daf\u00fcr, dass Daten aus unterschiedlichen Systemen und Anwendungen auf einer leistungsstarken Plattform zusammenkommen. Mit personalisierten Dashboards und Smart Notifications haben Sie direkte Einblicke und k\u00f6nnen proaktiv auf \u00c4nderungen reagieren. Unsere Experten begleiten Sie bei jedem Schritt, damit Ihre IT-Umgebung stets optimal funktioniert.<\/p>\n\t<\/div>\n<\/div>\n\n\n\n\n\t\t<\/div> \n\t<\/div>\n\t<\/div> \n<\/div><\/div>\n\t\t\t<\/div> \n\t\t<\/div>\n\t<\/div> \n<\/div><\/div>\n\t\t<div id=\"fws_69f25516bccdd\"  data-column-margin=\"default\" data-midnight=\"dark\"  class=\"wpb_row vc_row-fluid vc_row full-width-section\"  style=\"padding-top: 50px; padding-bottom: 100px; \"><div class=\"row-bg-wrap\" data-bg-animation=\"none\" data-bg-animation-delay=\"\" data-bg-overlay=\"false\"><div class=\"inner-wrap row-bg-layer\" ><div class=\"row-bg viewport-desktop using-bg-color\"  style=\"background-color: #ffffff; \"><\/div><\/div><\/div><div class=\"row_col_wrap_12 col span_12 dark left\">\n\t<div  class=\"vc_col-sm-12 wpb_column column_container vc_column_container col no-extra-padding inherit_tablet inherit_phone\"  data-padding-pos=\"all\" data-has-bg-color=\"false\" data-bg-color=\"\" data-bg-opacity=\"1\" data-animation=\"\" data-delay=\"0\" >\n\t\t<div class=\"vc_column-inner\" >\n\t\t\t<div class=\"wpb_wrapper\">\n\t\t\t\t<div id=\"fws_69f25516bd03a\" data-midnight=\"\" data-column-margin=\"default\" class=\"wpb_row vc_row-fluid vc_row inner_row vc_row-o-equal-height vc_row-flex vc_row-o-content-middle\"  style=\"\"><div class=\"row-bg-wrap\"> <div class=\"row-bg\" ><\/div> <\/div><div class=\"row_col_wrap_12_inner col span_12  left\">\n\t<div  class=\"vc_col-sm-6 wpb_column column_container vc_column_container col child_column padding-2-percent inherit_tablet inherit_phone\"   data-padding-pos=\"right\" data-has-bg-color=\"false\" data-bg-color=\"\" data-bg-opacity=\"1\" data-animation=\"\" data-delay=\"0\" >\n\t\t<div class=\"vc_column-inner\" >\n\t\t<div class=\"wpb_wrapper\">\n\t\t\t<h2 style=\"text-align: left\" class=\"vc_custom_heading vc_do_custom_heading\" >Meer weten over observability?<\/h2>\n<div class=\"wpb_text_column wpb_content_element\" >\n\t<div class=\"wpb_wrapper\">\n\t\t<p>M\u00f6chten Sie erfahren, wie PuurData Ihrem Unternehmen dabei helfen kann, von Elastic Observability zu profitieren? Unsere Experten beantworten gerne Ihre Fragen und bieten eine ma\u00dfgeschneiderte L\u00f6sung. Kontaktieren Sie uns f\u00fcr eine unverbindliche Beratung. Lesen Sie auch mehr \u00fcber <a href=\"https:\/\/puurdata.nl\/de\/losungen\/\" target=\"_blank\" rel=\"noopener\">unsere anderen L\u00f6sungen<\/a>.<\/p>\n\t<\/div>\n<\/div>\n\n\n\n<a class=\"nectar-button large regular accent-color  regular-button\"  role=\"button\" style=\"\"  href=\"https:\/\/puurdata.nl\/de\/kontakt\/\" data-color-override=\"false\" data-hover-color-override=\"false\" data-hover-text-color-override=\"#fff\"><span>Kontakt<\/span><\/a>\n\t\t<\/div> \n\t<\/div>\n\t<\/div> \n\n\t<div  class=\"vc_col-sm-6 wpb_column column_container vc_column_container col child_column padding-2-percent inherit_tablet inherit_phone\"   data-padding-pos=\"left\" data-has-bg-color=\"false\" data-bg-color=\"\" data-bg-opacity=\"1\" data-animation=\"\" data-delay=\"0\" >\n\t\t<div class=\"vc_column-inner\" >\n\t\t<div class=\"wpb_wrapper\">\n\t\t\t<div class=\"img-with-aniamtion-wrap center\" data-max-width=\"75%\" data-max-width-mobile=\"default\" data-shadow=\"none\" data-animation=\"fade-in\" >\n      <div class=\"inner\">\n        <div class=\"hover-wrap\"> \n          <div class=\"hover-wrap-inner\">\n            <img loading=\"lazy\" decoding=\"async\" class=\"img-with-animation skip-lazy\" data-delay=\"0\" height=\"827\" width=\"817\" data-animation=\"fade-in\" src=\"https:\/\/puurdata.nl\/wp-content\/uploads\/2019\/07\/Big-Data-Proof.svg\" alt=\"\"  \/>\n          <\/div>\n        <\/div>\n      <\/div>\n    <\/div>\n\t\t<\/div> \n\t<\/div>\n\t<\/div> \n<\/div><\/div>\n\t\t\t<\/div> \n\t\t<\/div>\n\t<\/div> \n<\/div><\/div>\n\t\t<div id=\"fws_69f25516be0b1\"  data-column-margin=\"default\" data-midnight=\"dark\"  class=\"wpb_row vc_row-fluid vc_row\"  style=\"padding-top: 50px; padding-bottom: 100px; \"><div class=\"row-bg-wrap\" data-bg-animation=\"none\" data-bg-animation-delay=\"\" data-bg-overlay=\"false\"><div class=\"inner-wrap row-bg-layer\" ><div class=\"row-bg viewport-desktop\"  style=\"\"><\/div><\/div><\/div><div class=\"row_col_wrap_12 col span_12 dark left\">\n\t<div  class=\"vc_col-sm-12 wpb_column column_container vc_column_container col no-extra-padding inherit_tablet inherit_phone\"  data-padding-pos=\"all\" data-has-bg-color=\"false\" data-bg-color=\"\" data-bg-opacity=\"1\" data-animation=\"\" data-delay=\"0\" >\n\t\t<div class=\"vc_column-inner\" >\n\t\t\t<div class=\"wpb_wrapper\">\n\t\t\t\t<div id=\"fws_69f25516be40c\" data-midnight=\"\" data-column-margin=\"default\" class=\"wpb_row vc_row-fluid vc_row inner_row vc_row-o-equal-height vc_row-flex vc_row-o-content-middle vc_custom_1563875146201\"  style=\"\"><div class=\"row-bg-wrap\"> <div class=\"row-bg\" ><\/div> <\/div><div class=\"row_col_wrap_12_inner col span_12  left\">\n\t<div  class=\"vc_col-sm-8 wpb_column column_container vc_column_container col child_column padding-5-percent inherit_tablet inherit_phone\"   data-padding-pos=\"all\" data-has-bg-color=\"false\" data-bg-color=\"\" data-bg-opacity=\"1\" data-animation=\"\" data-delay=\"0\" >\n\t\t<div class=\"vc_column-inner\" >\n\t\t<div class=\"wpb_wrapper\">\n\t\t\t<h3 style=\"color: #ffffff;text-align: left\" class=\"vc_custom_heading vc_do_custom_heading\" >Blog: De 4 voordelen van observability<\/h3>\n<div class=\"wpb_text_column wpb_content_element\" >\n\t<div class=\"wpb_wrapper\">\n\t\t<p><span style=\"color: #ffffff;\">Benieuwd waarom observability een must-have is voor moderne organisaties? In onze blog laten we zien hoe PuurData met Elastic Observability jouw IT-omgeving effici\u00ebnter, inzichtelijker en toekomstbestendiger maakt.<\/span><\/p>\n\t<\/div>\n<\/div>\n\n\n\n<a class=\"nectar-button large regular accent-color  regular-button\"  role=\"button\" style=\"color: #e9812e; background-color: #ffffff;\"  href=\"https:\/\/puurdata.nl\/de\/die-4-vorteile-der-beobachtbarkeit\/\" data-color-override=\"#ffffff\" data-hover-color-override=\"false\" data-hover-text-color-override=\"#fff\"><span>Lesen Sie diesen Blog<\/span><\/a>\n\t\t<\/div> \n\t<\/div>\n\t<\/div> \n\n\t<div  class=\"vc_col-sm-4 wpb_column column_container vc_column_container col child_column padding-2-percent inherit_tablet inherit_phone\"   data-padding-pos=\"right\" data-has-bg-color=\"false\" data-bg-color=\"\" data-bg-opacity=\"1\" data-animation=\"\" data-delay=\"0\" >\n\t\t<div class=\"vc_column-inner\" >\n\t\t<div class=\"wpb_wrapper\">\n\t\t\t<div class=\"img-with-aniamtion-wrap\" data-max-width=\"100%\" data-max-width-mobile=\"default\" data-shadow=\"none\" data-animation=\"fade-in\" >\n      <div class=\"inner\">\n        <div class=\"hover-wrap\"> \n          <div class=\"hover-wrap-inner\">\n            <img loading=\"lazy\" decoding=\"async\" class=\"img-with-animation skip-lazy\" data-delay=\"0\" height=\"420\" width=\"720\" data-animation=\"fade-in\" src=\"https:\/\/puurdata.nl\/wp-content\/uploads\/2024\/10\/Desert_sand_landscape.jpg\" alt=\"\" srcset=\"https:\/\/puurdata.nl\/wp-content\/uploads\/2024\/10\/Desert_sand_landscape.jpg 720w, https:\/\/puurdata.nl\/wp-content\/uploads\/2024\/10\/Desert_sand_landscape-300x175.jpg 300w, https:\/\/puurdata.nl\/wp-content\/uploads\/2024\/10\/Desert_sand_landscape-18x12.jpg 18w\" sizes=\"auto, (max-width: 720px) 100vw, 720px\" \/>\n          <\/div>\n        <\/div>\n      <\/div>\n    <\/div>\n\t\t<\/div> \n\t<\/div>\n\t<\/div> \n<\/div><\/div>\n\t\t\t<\/div> \n\t\t<\/div>\n\t<\/div> \n<\/div><\/div>","protected":false},"excerpt":{"rendered":"Elastic Observability - Volledige controle over je systemen Monitor en analyseer al je data in real-time. Houd je IT-omgeving inzichtelijk, verbeter prestaties en voorkom problemen voordat ze impact hebben. PuurData...","protected":false},"author":5,"featured_media":0,"parent":3115,"menu_order":0,"comment_status":"closed","ping_status":"closed","template":"","meta":{"content-type":"","footnotes":""},"class_list":["post-2479","page","type-page","status-publish"],"yoast_head":"<!-- This site is optimized with the Yoast SEO plugin v27.3 - https:\/\/yoast.com\/product\/yoast-seo-wordpress\/ -->\n<title>Elastic Observability - PuurData<\/title>\n<meta name=\"description\" content=\"Elastic Observability van PuurData: real-time inzicht, snelle probleemoplossing en betere IT-prestaties. Ontdek de voordelen!\" \/>\n<meta name=\"robots\" content=\"index, follow, max-snippet:-1, max-image-preview:large, max-video-preview:-1\" \/>\n<link rel=\"canonical\" href=\"https:\/\/puurdata.nl\/de\/elastische-expertise\/elastische-beobachtbarkeit\/\" \/>\n<meta name=\"twitter:label1\" content=\"Gesch\u00e4tzte Lesezeit\" \/>\n\t<meta name=\"twitter:data1\" content=\"3\u00a0Minuten\" \/>\n<script type=\"application\/ld+json\" class=\"yoast-schema-graph\">{\"@context\":\"https:\\\/\\\/schema.org\",\"@graph\":[{\"@type\":\"WebPage\",\"@id\":\"https:\\\/\\\/puurdata.nl\\\/elastic-expertise\\\/elastic-observability\\\/\",\"url\":\"https:\\\/\\\/puurdata.nl\\\/elastic-expertise\\\/elastic-observability\\\/\",\"name\":\"Elastic Observability - PuurData\",\"isPartOf\":{\"@id\":\"https:\\\/\\\/puurdata.nl\\\/#website\"},\"datePublished\":\"2024-12-10T13:39:17+00:00\",\"dateModified\":\"2026-04-21T12:17:19+00:00\",\"description\":\"Elastic Observability van PuurData: real-time inzicht, snelle probleemoplossing en betere IT-prestaties. Ontdek de voordelen!\",\"breadcrumb\":{\"@id\":\"https:\\\/\\\/puurdata.nl\\\/elastic-expertise\\\/elastic-observability\\\/#breadcrumb\"},\"inLanguage\":\"de\",\"potentialAction\":[{\"@type\":\"ReadAction\",\"target\":[\"https:\\\/\\\/puurdata.nl\\\/elastic-expertise\\\/elastic-observability\\\/\"]}]},{\"@type\":\"BreadcrumbList\",\"@id\":\"https:\\\/\\\/puurdata.nl\\\/elastic-expertise\\\/elastic-observability\\\/#breadcrumb\",\"itemListElement\":[{\"@type\":\"ListItem\",\"position\":1,\"name\":\"Home\",\"item\":\"https:\\\/\\\/puurdata.nl\\\/\"},{\"@type\":\"ListItem\",\"position\":2,\"name\":\"Elastic Expertise\",\"item\":\"https:\\\/\\\/puurdata.nl\\\/elastic-expertise\\\/\"},{\"@type\":\"ListItem\",\"position\":3,\"name\":\"Elastic Observability\"}]},{\"@type\":\"WebSite\",\"@id\":\"https:\\\/\\\/puurdata.nl\\\/#website\",\"url\":\"https:\\\/\\\/puurdata.nl\\\/\",\"name\":\"PuurData\",\"description\":\"PuurData\",\"potentialAction\":[{\"@type\":\"SearchAction\",\"target\":{\"@type\":\"EntryPoint\",\"urlTemplate\":\"https:\\\/\\\/puurdata.nl\\\/?s={search_term_string}\"},\"query-input\":{\"@type\":\"PropertyValueSpecification\",\"valueRequired\":true,\"valueName\":\"search_term_string\"}}],\"inLanguage\":\"de\"}]}<\/script>\n<!-- \/ Yoast SEO plugin. -->","yoast_head_json":{"title":"Elastische Beobachtbarkeit - PuurData","description":"Elastische Observability von PuurData: Echtzeit-Einblicke, schnelle Probleml\u00f6sung und verbesserte IT-Performance. Entdecken Sie die Vorteile!","robots":{"index":"index","follow":"follow","max-snippet":"max-snippet:-1","max-image-preview":"max-image-preview:large","max-video-preview":"max-video-preview:-1"},"canonical":"https:\/\/puurdata.nl\/de\/elastische-expertise\/elastische-beobachtbarkeit\/","twitter_misc":{"Gesch\u00e4tzte Lesezeit":"3\u00a0Minuten"},"schema":{"@context":"https:\/\/schema.org","@graph":[{"@type":"WebPage","@id":"https:\/\/puurdata.nl\/elastic-expertise\/elastic-observability\/","url":"https:\/\/puurdata.nl\/elastic-expertise\/elastic-observability\/","name":"Elastische Beobachtbarkeit - PuurData","isPartOf":{"@id":"https:\/\/puurdata.nl\/#website"},"datePublished":"2024-12-10T13:39:17+00:00","dateModified":"2026-04-21T12:17:19+00:00","description":"Elastische Observability von PuurData: Echtzeit-Einblicke, schnelle Probleml\u00f6sung und verbesserte IT-Performance. Entdecken Sie die Vorteile!","breadcrumb":{"@id":"https:\/\/puurdata.nl\/elastic-expertise\/elastic-observability\/#breadcrumb"},"inLanguage":"de","potentialAction":[{"@type":"ReadAction","target":["https:\/\/puurdata.nl\/elastic-expertise\/elastic-observability\/"]}]},{"@type":"BreadcrumbList","@id":"https:\/\/puurdata.nl\/elastic-expertise\/elastic-observability\/#breadcrumb","itemListElement":[{"@type":"ListItem","position":1,"name":"Home","item":"https:\/\/puurdata.nl\/"},{"@type":"ListItem","position":2,"name":"Elastic Expertise","item":"https:\/\/puurdata.nl\/elastic-expertise\/"},{"@type":"ListItem","position":3,"name":"Elastic Observability"}]},{"@type":"WebSite","@id":"https:\/\/puurdata.nl\/#website","url":"https:\/\/puurdata.nl\/","name":"PuurData","description":"PuurData","potentialAction":[{"@type":"SearchAction","target":{"@type":"EntryPoint","urlTemplate":"https:\/\/puurdata.nl\/?s={search_term_string}"},"query-input":{"@type":"PropertyValueSpecification","valueRequired":true,"valueName":"search_term_string"}}],"inLanguage":"de"}]}},"_links":{"self":[{"href":"https:\/\/puurdata.nl\/de\/wp-json\/wp\/v2\/pages\/2479","targetHints":{"allow":["GET"]}}],"collection":[{"href":"https:\/\/puurdata.nl\/de\/wp-json\/wp\/v2\/pages"}],"about":[{"href":"https:\/\/puurdata.nl\/de\/wp-json\/wp\/v2\/types\/page"}],"author":[{"embeddable":true,"href":"https:\/\/puurdata.nl\/de\/wp-json\/wp\/v2\/users\/5"}],"replies":[{"embeddable":true,"href":"https:\/\/puurdata.nl\/de\/wp-json\/wp\/v2\/comments?post=2479"}],"version-history":[{"count":16,"href":"https:\/\/puurdata.nl\/de\/wp-json\/wp\/v2\/pages\/2479\/revisions"}],"predecessor-version":[{"id":4356,"href":"https:\/\/puurdata.nl\/de\/wp-json\/wp\/v2\/pages\/2479\/revisions\/4356"}],"up":[{"embeddable":true,"href":"https:\/\/puurdata.nl\/de\/wp-json\/wp\/v2\/pages\/3115"}],"wp:attachment":[{"href":"https:\/\/puurdata.nl\/de\/wp-json\/wp\/v2\/media?parent=2479"}],"curies":[{"name":"wp","href":"https:\/\/api.w.org\/{rel}","templated":true}]}}