{"id":2347,"date":"2024-11-06T11:20:02","date_gmt":"2024-11-06T09:20:02","guid":{"rendered":"https:\/\/www.puurdata.nl\/?page_id=2347"},"modified":"2024-11-13T13:47:44","modified_gmt":"2024-11-13T11:47:44","slug":"verschenken","status":"publish","type":"page","link":"https:\/\/puurdata.nl\/de\/winactie\/","title":{"rendered":"Wettbewerb"},"content":{"rendered":"<div id=\"fws_69f618c90aa01\"  data-column-margin=\"default\" data-midnight=\"dark\"  class=\"wpb_row vc_row-fluid vc_row full-width-section headerBox\"  style=\"padding-top: 0px; padding-bottom: 0px; \"><div class=\"row-bg-wrap\" data-bg-animation=\"none\" data-bg-animation-delay=\"\" data-bg-overlay=\"false\"><div class=\"inner-wrap row-bg-layer using-image\" ><div class=\"row-bg viewport-desktop using-image\"  style=\"background-image: url(https:\/\/puurdata.nl\/wp-content\/uploads\/2019\/07\/header.png); background-position: center bottom; background-repeat: no-repeat; \"><\/div><\/div><\/div><div class=\"row_col_wrap_12 col span_12 dark left\">\n\t<div  class=\"vc_col-sm-12 wpb_column column_container vc_column_container col no-extra-padding\"  data-padding-pos=\"all\" data-has-bg-color=\"false\" data-bg-color=\"\" data-bg-opacity=\"1\" data-animation=\"\" data-delay=\"0\" >\n\t\t<div class=\"vc_column-inner\" >\n\t\t\t<div class=\"wpb_wrapper\">\n\t\t\t\t<div id=\"fws_69f618c90b62f\" data-midnight=\"\" data-column-margin=\"default\" class=\"wpb_row vc_row-fluid vc_row inner_row vc_row-o-equal-height vc_row-flex vc_row-o-content-middle\"  style=\"padding-top: 10%; padding-bottom: 20%; \"><div class=\"row-bg-wrap\"> <div class=\"row-bg\" ><\/div> <\/div><div class=\"row_col_wrap_12_inner col span_12  left\">\n\t<div  class=\"vc_col-sm-8 wpb_column column_container vc_column_container col child_column padding-2-percent\"   data-padding-pos=\"right\" data-has-bg-color=\"false\" data-bg-color=\"\" data-bg-opacity=\"1\" data-animation=\"\" data-delay=\"0\" >\n\t\t<div class=\"vc_column-inner\" >\n\t\t<div class=\"wpb_wrapper\">\n\t\t\t<h1 style=\"text-align: left\" class=\"vc_custom_heading vc_do_custom_heading headerText\" >Entdecken Sie die Kraft von Elastic!<\/h1>\n<div class=\"wpb_text_column wpb_content_element  headerText\" >\n\t<div class=\"wpb_wrapper\">\n\t\t<h4>Gewinnen Sie 5 Tage kostenlose Beratung f\u00fcr einen Elastic MVP<\/h4>\n\t<\/div>\n<\/div>\n\n\n\n\n\t\t<\/div> \n\t<\/div>\n\t<\/div> \n\n\t<div  class=\"vc_col-sm-4 wpb_column column_container vc_column_container col child_column no-extra-padding\"   data-padding-pos=\"all\" data-has-bg-color=\"false\" data-bg-color=\"\" data-bg-opacity=\"1\" data-animation=\"\" data-delay=\"0\" >\n\t\t<div class=\"vc_column-inner\" >\n\t\t<div class=\"wpb_wrapper\">\n\t\t\t<div class=\"img-with-aniamtion-wrap center\" data-max-width=\"100%\" data-max-width-mobile=\"100%\" data-shadow=\"none\" data-animation=\"none\" >\n      <div class=\"inner\">\n        <div class=\"hover-wrap\"> \n          <div class=\"hover-wrap-inner\">\n            <img loading=\"lazy\" decoding=\"async\" class=\"img-with-animation skip-lazy\" data-delay=\"0\" height=\"776\" width=\"800\" data-animation=\"none\" src=\"https:\/\/puurdata.nl\/wp-content\/uploads\/2024\/11\/ElasticON-Tour_Tshirts.png\" alt=\"\" srcset=\"https:\/\/puurdata.nl\/wp-content\/uploads\/2024\/11\/ElasticON-Tour_Tshirts.png 800w, https:\/\/puurdata.nl\/wp-content\/uploads\/2024\/11\/ElasticON-Tour_Tshirts-300x291.png 300w, https:\/\/puurdata.nl\/wp-content\/uploads\/2024\/11\/ElasticON-Tour_Tshirts-768x745.png 768w, https:\/\/puurdata.nl\/wp-content\/uploads\/2024\/11\/ElasticON-Tour_Tshirts-12x12.png 12w\" sizes=\"auto, (max-width: 800px) 100vw, 800px\" \/>\n          <\/div>\n        <\/div>\n      <\/div>\n    <\/div>\n\t\t<\/div> \n\t<\/div>\n\t<\/div> \n<\/div><\/div>\n\t\t\t<\/div> \n\t\t<\/div>\n\t<\/div> \n<\/div><\/div>\n\t\t<div id=\"fws_69f618c90d7c2\"  data-column-margin=\"default\" data-midnight=\"dark\"  class=\"wpb_row vc_row-fluid vc_row\"  style=\"padding-top: 50px; padding-bottom: 100px; \"><div class=\"row-bg-wrap\" data-bg-animation=\"none\" data-bg-animation-delay=\"\" data-bg-overlay=\"false\"><div class=\"inner-wrap row-bg-layer\" ><div class=\"row-bg viewport-desktop\"  style=\"\"><\/div><\/div><\/div><div class=\"row_col_wrap_12 col span_12 dark left\">\n\t<div style=\"\" class=\"vc_col-sm-7 wpb_column column_container vc_column_container col padding-10-percent\" data-using-bg=\"true\" data-padding-pos=\"all\" data-has-bg-color=\"true\" data-bg-color=\"#ffffff\" data-bg-opacity=\"1\" data-hover-bg=\"#ffffff\" data-hover-bg-opacity=\"1\" data-animation=\"\" data-delay=\"0\" >\n\t\t<div class=\"vc_column-inner\" ><div class=\"column-bg-overlay-wrap column-bg-layer\" data-bg-animation=\"none\"><div class=\"column-bg-overlay\" style=\"opacity: 1; background-color: #ffffff;\"><\/div><\/div>\n\t\t\t<div class=\"wpb_wrapper\">\n\t\t\t\t<h2 style=\"text-align: left\" class=\"vc_custom_heading vc_do_custom_heading\" >Entdecken Sie, wie PuurData Ihr Unternehmen mit der Leistungsf\u00e4higkeit von Elastic auf die n\u00e4chste Stufe bringen kann<\/h2>\n<div class=\"wpb_text_column wpb_content_element\" >\n\t<div class=\"wpb_wrapper\">\n\t\t<p>Nehmen Sie an unserem exklusiven Gewinnspiel w\u00e4hrend der ElasticON Tour teil und gewinnen Sie eine kostenlose 5-t\u00e4gige Beratung inklusive eines MVP von Elastic, mit dem Sie die wichtigsten Funktionalit\u00e4ten in Ihrer eigenen Umgebung testen k\u00f6nnen. Teilnehmer des Quiz erhalten au\u00dferdem <strong>ein exklusives T-Shirt von PuurData<\/strong>!<\/p>\n<p><strong>Wie funktioniert es?<\/strong><\/p>\n<ol>\n<li><strong>Melden Sie sich an<\/strong>: Hinterlassen Sie Ihre Daten auf dieser Seite und w\u00e4hlen Sie Ihr spezifisches Interessengebiet (Suche, Observability oder SIEM).<\/li>\n<li><strong>Schlie\u00dfe das Quiz ab<\/strong>: Beantworten Sie eine kurze Frage zu Ihren Herausforderungen in der Anwendungsentwicklung, Sicherheit oder Analyse.<\/li>\n<li><strong>Besorge dir ein T-Shirt<\/strong>: Als Teilnehmer erhalten Sie als Dankesch\u00f6n f\u00fcr Ihre Teilnahme ein sch\u00f6nes T-Shirt von PuurData.<\/li>\n<li><strong>Warten Sie auf die Preisverleihung<\/strong>: Am Ende jedes Tages w\u00e4hrend der ElasticON Tour verlosen wir die Gewinner der kostenlosen Beratung und des MVP.<\/li>\n<\/ol>\n<p><strong>Warum teilnehmen?<\/strong><\/p>\n<ul>\n<li><strong>5 Tage kostenlose Beratung<\/strong>: Erhalten Sie pers\u00f6nliche Beratung von PuurData, dem Elite-Partner von Elastic.<\/li>\n<li><strong>Kostenloser MVP<\/strong>: Erhalten Sie direkten Zugriff auf eine lauff\u00e4hige Basisversion von Elastic und erleben Sie die Vorteile in Ihrem Unternehmen.<\/li>\n<li><strong>Mehrwert<\/strong>: Erhalten Sie Einblicke und L\u00f6sungen, die Ihre Anwendungsentwicklung, Sicherheit und Analyse optimieren.<\/li>\n<\/ul>\n\t<\/div>\n<\/div>\n\n\n\n\n<div class=\"wpb_text_column wpb_content_element\" >\n\t<div class=\"wpb_wrapper\">\n\t\t<p>Registrieren Sie sich jetzt, beantworten Sie die Fragen und entdecken Sie die Leistungsf\u00e4higkeit von Elastic mit PuurData!<\/p>\n\n\t\t\t\t\t\t<script>\n\t\t\t\t\t\t\twindow.hsFormsOnReady = window.hsFormsOnReady || [];\n\t\t\t\t\t\t\twindow.hsFormsOnReady.push(()=>{\n\t\t\t\t\t\t\t\thbspt.forms.create({\n\t\t\t\t\t\t\t\t\tportalId: 2837840,\n\t\t\t\t\t\t\t\t\tformId: \"af1d1bec-be0d-41f4-b74a-d74111168074\",\n\t\t\t\t\t\t\t\t\ttarget: \"#hbspt-form-1777735881000-3974797442\",\n\t\t\t\t\t\t\t\t\tregion: \"na1\",\n\t\t\t\t\t\t\t\t\t\n\t\t\t\t\t\t\t})});\n\t\t\t\t\t\t<\/script>\n\t\t\t\t\t\t<div class=\"hbspt-form\" id=\"hbspt-form-1777735881000-3974797442\"><\/div>\n\t<\/div>\n<\/div>\n\n\n\n\n\t\t\t<\/div> \n\t\t<\/div>\n\t<\/div> \n\n\t<div  class=\"vc_col-sm-5 wpb_column column_container vc_column_container col padding-10-percent\"  data-padding-pos=\"all\" data-has-bg-color=\"false\" data-bg-color=\"\" data-bg-opacity=\"1\" data-animation=\"\" data-delay=\"0\" >\n\t\t<div class=\"vc_column-inner\" >\n\t\t\t<div class=\"wpb_wrapper\">\n\t\t\t\t<div class=\"img-with-aniamtion-wrap\" data-max-width=\"100%\" data-max-width-mobile=\"100%\" data-shadow=\"none\" data-animation=\"none\" >\n      <div class=\"inner\">\n        <div class=\"hover-wrap\"> \n          <div class=\"hover-wrap-inner\">\n            <img loading=\"lazy\" decoding=\"async\" class=\"img-with-animation skip-lazy\" data-delay=\"0\" height=\"308\" width=\"421\" data-animation=\"none\" src=\"https:\/\/puurdata.nl\/wp-content\/uploads\/2019\/10\/398_2160.jpg\" alt=\"PuurData\" srcset=\"https:\/\/puurdata.nl\/wp-content\/uploads\/2019\/10\/398_2160.jpg 421w, https:\/\/puurdata.nl\/wp-content\/uploads\/2019\/10\/398_2160-300x219.jpg 300w\" sizes=\"auto, (max-width: 421px) 100vw, 421px\" \/>\n          <\/div>\n        <\/div>\n      <\/div>\n    <\/div>\n<div class=\"wpb_text_column wpb_content_element\" >\n\t<div class=\"wpb_wrapper\">\n\t\t<p><strong>Besuchsadresse<\/strong><br \/>\n<a href=\"https:\/\/goo.gl\/maps\/RHGzE9LBDBp5EFq26\">Argonstraat 28, 6718 WT, Ede<\/a><\/p>\n\t<\/div>\n<\/div>\n\n\n\n\n<div class=\"wpb_text_column wpb_content_element\" >\n\t<div class=\"wpb_wrapper\">\n\t\t<p><strong>Postanschrift<br \/>\n<\/strong>Argonstraat 28, 6718 WT, Ede<\/p>\n\t<\/div>\n<\/div>\n\n\n\n\n<div class=\"wpb_text_column wpb_content_element\" >\n\t<div class=\"wpb_wrapper\">\n\t\t<p><a href=\"Tel:+31262020407\"><i class=\"fas fa-phone\" style=\"color: #e9812e; margin-right: 10px;\"><\/i>+31 (0)88 7887328<\/a><br \/>\n<a href=\"mailto:info@puurdata.nl\"><i class=\"fas fa-envelope\" style=\"color: #e9812e; margin-right: 10px;\"><\/i>info@puurdata.nl<\/a><br \/>\n<span style=\"margin-right: 10px;\">Handelskammer<\/span>59175796<\/p>\n\t<\/div>\n<\/div>\n\n\n\n<div class=\"sharing-default-minimal\"><div class=\"nectar-social default\" data-position=\"left\" data-color-override=\"override\"><div class=\"nectar-social-inner\"><a class='twitter-share nectar-sharing' href='#' title='Teile das'> <i class='fa icon-salient-x-twitter'><\/i> <span class='social-text'>Teilen<\/span> <\/a><a class='linkedin-share nectar-sharing' href='#' title='Teile das'> <i class='fa fa-linkedin'><\/i> <span class='social-text'>Teilen<\/span> <\/a><\/div><\/div><\/div>\n\t\t\t<\/div> \n\t\t<\/div>\n\t<\/div> \n<\/div><\/div>","protected":false},"excerpt":{"rendered":"Unlock the Power of Elastic! Maak kans op 5 dagen gratis consultancy voor een MVP van Elastic Ontdek hoe PuurData jouw organisatie naar een hoger niveau kan tillen met de...","protected":false},"author":5,"featured_media":0,"parent":0,"menu_order":0,"comment_status":"closed","ping_status":"closed","template":"","meta":{"content-type":"","footnotes":""},"class_list":["post-2347","page","type-page","status-publish"],"yoast_head":"<!-- This site is optimized with the Yoast SEO plugin v27.3 - https:\/\/yoast.com\/product\/yoast-seo-wordpress\/ -->\n<title>Winactie - PuurData<\/title>\n<meta name=\"description\" content=\"Heeft u vragen, of wilt u graag meer informatie over \u00e9\u00e9n van de producten van PuurData? Neem dan contact met ons op.\" \/>\n<meta name=\"robots\" content=\"index, follow, max-snippet:-1, max-image-preview:large, max-video-preview:-1\" \/>\n<link rel=\"canonical\" href=\"https:\/\/puurdata.nl\/de\/verschenken\/\" \/>\n<meta name=\"twitter:label1\" content=\"Gesch\u00e4tzte Lesezeit\" \/>\n\t<meta name=\"twitter:data1\" content=\"2\u00a0Minuten\" \/>\n<script type=\"application\/ld+json\" class=\"yoast-schema-graph\">{\"@context\":\"https:\\\/\\\/schema.org\",\"@graph\":[{\"@type\":\"WebPage\",\"@id\":\"https:\\\/\\\/puurdata.nl\\\/winactie\\\/\",\"url\":\"https:\\\/\\\/puurdata.nl\\\/winactie\\\/\",\"name\":\"Winactie - PuurData\",\"isPartOf\":{\"@id\":\"https:\\\/\\\/puurdata.nl\\\/#website\"},\"datePublished\":\"2024-11-06T09:20:02+00:00\",\"dateModified\":\"2024-11-13T11:47:44+00:00\",\"description\":\"Heeft u vragen, of wilt u graag meer informatie over \u00e9\u00e9n van de producten van PuurData? Neem dan contact met ons op.\",\"breadcrumb\":{\"@id\":\"https:\\\/\\\/puurdata.nl\\\/winactie\\\/#breadcrumb\"},\"inLanguage\":\"de\",\"potentialAction\":[{\"@type\":\"ReadAction\",\"target\":[\"https:\\\/\\\/puurdata.nl\\\/winactie\\\/\"]}]},{\"@type\":\"BreadcrumbList\",\"@id\":\"https:\\\/\\\/puurdata.nl\\\/winactie\\\/#breadcrumb\",\"itemListElement\":[{\"@type\":\"ListItem\",\"position\":1,\"name\":\"Home\",\"item\":\"https:\\\/\\\/puurdata.nl\\\/\"},{\"@type\":\"ListItem\",\"position\":2,\"name\":\"Winactie\"}]},{\"@type\":\"WebSite\",\"@id\":\"https:\\\/\\\/puurdata.nl\\\/#website\",\"url\":\"https:\\\/\\\/puurdata.nl\\\/\",\"name\":\"PuurData\",\"description\":\"PuurData\",\"potentialAction\":[{\"@type\":\"SearchAction\",\"target\":{\"@type\":\"EntryPoint\",\"urlTemplate\":\"https:\\\/\\\/puurdata.nl\\\/?s={search_term_string}\"},\"query-input\":{\"@type\":\"PropertyValueSpecification\",\"valueRequired\":true,\"valueName\":\"search_term_string\"}}],\"inLanguage\":\"de\"}]}<\/script>\n<!-- \/ Yoast SEO plugin. -->","yoast_head_json":{"title":"Gewinnspiel - PuurData","description":"Haben Sie Fragen oder w\u00fcnschen Sie weitere Informationen zu den Produkten von PuurData? Bitte kontaktieren Sie uns.","robots":{"index":"index","follow":"follow","max-snippet":"max-snippet:-1","max-image-preview":"max-image-preview:large","max-video-preview":"max-video-preview:-1"},"canonical":"https:\/\/puurdata.nl\/de\/verschenken\/","twitter_misc":{"Gesch\u00e4tzte Lesezeit":"2\u00a0Minuten"},"schema":{"@context":"https:\/\/schema.org","@graph":[{"@type":"WebPage","@id":"https:\/\/puurdata.nl\/winactie\/","url":"https:\/\/puurdata.nl\/winactie\/","name":"Gewinnspiel - PuurData","isPartOf":{"@id":"https:\/\/puurdata.nl\/#website"},"datePublished":"2024-11-06T09:20:02+00:00","dateModified":"2024-11-13T11:47:44+00:00","description":"Haben Sie Fragen oder w\u00fcnschen Sie weitere Informationen zu den Produkten von PuurData? Bitte kontaktieren Sie uns.","breadcrumb":{"@id":"https:\/\/puurdata.nl\/winactie\/#breadcrumb"},"inLanguage":"de","potentialAction":[{"@type":"ReadAction","target":["https:\/\/puurdata.nl\/winactie\/"]}]},{"@type":"BreadcrumbList","@id":"https:\/\/puurdata.nl\/winactie\/#breadcrumb","itemListElement":[{"@type":"ListItem","position":1,"name":"Home","item":"https:\/\/puurdata.nl\/"},{"@type":"ListItem","position":2,"name":"Winactie"}]},{"@type":"WebSite","@id":"https:\/\/puurdata.nl\/#website","url":"https:\/\/puurdata.nl\/","name":"PuurData","description":"PuurData","potentialAction":[{"@type":"SearchAction","target":{"@type":"EntryPoint","urlTemplate":"https:\/\/puurdata.nl\/?s={search_term_string}"},"query-input":{"@type":"PropertyValueSpecification","valueRequired":true,"valueName":"search_term_string"}}],"inLanguage":"de"}]}},"_links":{"self":[{"href":"https:\/\/puurdata.nl\/de\/wp-json\/wp\/v2\/pages\/2347","targetHints":{"allow":["GET"]}}],"collection":[{"href":"https:\/\/puurdata.nl\/de\/wp-json\/wp\/v2\/pages"}],"about":[{"href":"https:\/\/puurdata.nl\/de\/wp-json\/wp\/v2\/types\/page"}],"author":[{"embeddable":true,"href":"https:\/\/puurdata.nl\/de\/wp-json\/wp\/v2\/users\/5"}],"replies":[{"embeddable":true,"href":"https:\/\/puurdata.nl\/de\/wp-json\/wp\/v2\/comments?post=2347"}],"version-history":[{"count":12,"href":"https:\/\/puurdata.nl\/de\/wp-json\/wp\/v2\/pages\/2347\/revisions"}],"predecessor-version":[{"id":2364,"href":"https:\/\/puurdata.nl\/de\/wp-json\/wp\/v2\/pages\/2347\/revisions\/2364"}],"wp:attachment":[{"href":"https:\/\/puurdata.nl\/de\/wp-json\/wp\/v2\/media?parent=2347"}],"curies":[{"name":"wp","href":"https:\/\/api.w.org\/{rel}","templated":true}]}}