{"id":1139,"date":"2020-09-18T15:55:51","date_gmt":"2020-09-18T13:55:51","guid":{"rendered":"https:\/\/www.puurdata.nl\/?page_id=1139"},"modified":"2025-06-02T15:48:54","modified_gmt":"2025-06-02T13:48:54","slug":"besuche-reiner-daten","status":"publish","type":"page","link":"https:\/\/puurdata.nl\/de\/puur-data-bezoeken\/","title":{"rendered":"Besuchen Sie PuurData"},"content":{"rendered":"<div id=\"fws_69e75f07da287\"  data-column-margin=\"default\" data-midnight=\"dark\"  class=\"wpb_row vc_row-fluid vc_row full-width-section\"  style=\"padding-top: 0px; padding-bottom: 0px; \"><div class=\"row-bg-wrap\" data-bg-animation=\"none\" data-bg-animation-delay=\"\" data-bg-overlay=\"false\"><div class=\"inner-wrap row-bg-layer using-image\" ><div class=\"row-bg viewport-desktop using-image\"  style=\"background-image: url(https:\/\/puurdata.nl\/wp-content\/uploads\/2019\/07\/header.png); background-position: center bottom; background-repeat: no-repeat; \"><\/div><\/div><\/div><div class=\"row_col_wrap_12 col span_12 dark left\">\n\t<div  class=\"vc_col-sm-12 wpb_column column_container vc_column_container col no-extra-padding\"  data-padding-pos=\"all\" data-has-bg-color=\"false\" data-bg-color=\"\" data-bg-opacity=\"1\" data-animation=\"\" data-delay=\"0\" >\n\t\t<div class=\"vc_column-inner\" >\n\t\t\t<div class=\"wpb_wrapper\">\n\t\t\t\t<div id=\"fws_69e75f07daeb7\" data-midnight=\"\" data-column-margin=\"default\" class=\"wpb_row vc_row-fluid vc_row inner_row vc_row-o-equal-height vc_row-flex vc_row-o-content-middle\"  style=\"padding-top: 10%; padding-bottom: 20%; \"><div class=\"row-bg-wrap\"> <div class=\"row-bg\" ><\/div> <\/div><div class=\"row_col_wrap_12_inner col span_12  left\">\n\t<div  class=\"vc_col-sm-8 wpb_column column_container vc_column_container col child_column padding-2-percent\"   data-padding-pos=\"right\" data-has-bg-color=\"false\" data-bg-color=\"\" data-bg-opacity=\"1\" data-animation=\"\" data-delay=\"0\" >\n\t\t<div class=\"vc_column-inner\" >\n\t\t<div class=\"wpb_wrapper\">\n\t\t\t<h1 style=\"text-align: left\" class=\"vc_custom_heading vc_do_custom_heading headerText\" >Besuchen Sie uns bei PuurData!<\/h1>\n<div class=\"wpb_text_column wpb_content_element  headerText\" >\n\t<div class=\"wpb_wrapper\">\n\t\t<h4>Gerne geschehen!<\/h4>\n\t<\/div>\n<\/div>\n\n\n\n\n\t\t<\/div> \n\t<\/div>\n\t<\/div> \n\n\t<div  class=\"vc_col-sm-4 wpb_column column_container vc_column_container col child_column padding-2-percent\"   data-padding-pos=\"left\" data-has-bg-color=\"false\" data-bg-color=\"\" data-bg-opacity=\"1\" data-animation=\"\" data-delay=\"0\" >\n\t\t<div class=\"vc_column-inner\" >\n\t\t<div class=\"wpb_wrapper\">\n\t\t\t\n\t\t<\/div> \n\t<\/div>\n\t<\/div> \n<\/div><\/div>\n\t\t\t<\/div> \n\t\t<\/div>\n\t<\/div> \n<\/div><\/div>\n\t\t<div id=\"fws_69e75f07dc99b\"  data-column-margin=\"default\" data-midnight=\"dark\"  class=\"wpb_row vc_row-fluid vc_row\"  style=\"padding-top: 100px; padding-bottom: 100px; \"><div class=\"row-bg-wrap\" data-bg-animation=\"none\" data-bg-animation-delay=\"\" data-bg-overlay=\"false\"><div class=\"inner-wrap row-bg-layer\" ><div class=\"row-bg viewport-desktop\"  style=\"\"><\/div><\/div><\/div><div class=\"row_col_wrap_12 col span_12 dark left\">\n\t<div  class=\"vc_col-sm-8 wpb_column column_container vc_column_container col no-extra-padding\"  data-padding-pos=\"all\" data-has-bg-color=\"false\" data-bg-color=\"\" data-bg-opacity=\"1\" data-animation=\"\" data-delay=\"0\" >\n\t\t<div class=\"vc_column-inner\" >\n\t\t\t<div class=\"wpb_wrapper\">\n\t\t\t\t\n<div class=\"wpb_text_column wpb_content_element\" >\n\t<div class=\"wpb_wrapper\">\n\t\t<p>M\u00f6chten Sie unsere Experten pers\u00f6nlich treffen oder mehr dar\u00fcber erfahren, wie wir Unternehmen dabei helfen, wertvolle Erkenntnisse aus Daten zu gewinnen und Gesch\u00e4ftsprozesse zu optimieren? Sie sind in unserem B\u00fcro herzlich willkommen. Wir m\u00f6chten Ihnen einen Einblick in unsere Arbeitsweise und L\u00f6sungen geben.<\/p>\n<p><strong>Unsere Besuchsadresse lautet:<\/strong><\/p>\n<p>PuurData BV<br \/>\nArgonstra\u00dfe 28<br \/>\n6718 WT-Ede<\/p>\n<p>Handelskammer: 59175796<\/p>\n<p>Klicken Sie f\u00fcr eine Wegbeschreibung <a href=\"https:\/\/www.google.com\/maps\/place\/Argonstraat,+6718+WT+Ede\/@52.0448196,5.6102234,17z\/data=!4m15!1m8!3m7!1s0x47c6528f2672566f:0x6f53c5fa4ff107a6!2sArgonstraat+28,+6718+WT+Ede!3b1!8m2!3d52.0448163!4d5.6124121!16s%2Fg%2F11ggsjtb7h!3m5!1s0x47c6528f25facf33:0x4bd98be28f63cc8b!8m2!3d52.0450678!4d5.6125221!16s%2Fg%2F11b8v528sv\">hier<\/a><\/p>\n<p>Haben Sie Fragen? Bitte wenden Sie sich an Ihren Ansprechpartner, senden Sie eine E-Mail an <a href=\"mailto:info@puurdata.nl\" rel=\"noopener\">info@puurdata.nl<\/a>, oder rufen Sie uns unter 088-7887328 an.<\/p>\n\t<\/div>\n<\/div>\n\n\n\n<div class=\"img-with-aniamtion-wrap\" data-max-width=\"100%\" data-max-width-mobile=\"100%\" data-shadow=\"none\" data-animation=\"fade-in\" >\n      <div class=\"inner\">\n        <div class=\"hover-wrap\"> \n          <div class=\"hover-wrap-inner\">\n            <img loading=\"lazy\" decoding=\"async\" class=\"img-with-animation skip-lazy\" data-delay=\"0\" height=\"308\" width=\"421\" data-animation=\"fade-in\" src=\"https:\/\/puurdata.nl\/wp-content\/uploads\/2019\/10\/398_2160.jpg\" alt=\"PuurData\" srcset=\"https:\/\/puurdata.nl\/wp-content\/uploads\/2019\/10\/398_2160.jpg 421w, https:\/\/puurdata.nl\/wp-content\/uploads\/2019\/10\/398_2160-300x219.jpg 300w\" sizes=\"auto, (max-width: 421px) 100vw, 421px\" \/>\n          <\/div>\n        <\/div>\n      <\/div>\n    <\/div>\n<div class=\"wpb_text_column wpb_content_element\" >\n\t<div class=\"wpb_wrapper\">\n\t\t<p><strong>So erreichen Sie uns:<\/strong><br \/>\nUnser B\u00fcro ist gut erreichbar, egal ob Sie mit dem Auto oder den \u00f6ffentlichen Verkehrsmitteln anreisen. Es gibt ausreichend Parkpl\u00e4tze vor der T\u00fcr und wir sind nur wenige Minuten mit dem Fahrrad vom Bahnhof Veenendaal De Klomp entfernt.<\/p>\n<p><strong>Kommen Sie vorbei auf eine Tasse Kaffee und ein gutes Gespr\u00e4ch!<\/strong><br \/>\nSie haben konkrete Fragen oder m\u00f6chten wissen, was wir f\u00fcr Ihr Unternehmen tun k\u00f6nnen? Vereinbaren Sie einen Termin mit einem unserer Spezialisten und finden Sie heraus, wie wir Ihnen helfen k\u00f6nnen.<\/p>\n<p><strong>Wir freuen uns auf Ihren Besuch!<\/strong><\/p>\n\t<\/div>\n<\/div>\n\n\n\n\n\t\t\t<\/div> \n\t\t<\/div>\n\t<\/div> \n\n\t<div  class=\"vc_col-sm-4 wpb_column column_container vc_column_container col no-extra-padding\"  data-padding-pos=\"all\" data-has-bg-color=\"false\" data-bg-color=\"\" data-bg-opacity=\"1\" data-animation=\"\" data-delay=\"0\" >\n\t\t<div class=\"vc_column-inner\" >\n\t\t\t<div class=\"wpb_wrapper\">\n\t\t\t\t<h4 style=\"color: #e9812e;text-align: left;font-family:Abril Fatface;font-weight:400;font-style:normal\" class=\"vc_custom_heading vc_do_custom_heading\" >Neuesten Nachrichten<\/h4>\n    <div class=\"row blog-recent columns-1\" data-style=\"classic_enhanced\" data-color-scheme=\"light\" data-remove-post-date=\"1\" data-remove-post-author=\"1\" data-remove-post-comment-number=\"1\" data-remove-post-nectar-love=\"1\">\n\n      \n      <div class=\"col span_12 post-3941 post type-post status-publish format-standard has-post-thumbnail category-headlines tag-ai tag-monitoring tag-observability tag-search-ai tag-soc\" >\n\n        \n            <div class=\"inner-wrap post-3941 post type-post status-publish format-standard has-post-thumbnail category-headlines tag-ai tag-monitoring tag-observability tag-search-ai tag-soc\">\n\n            <a href=\"https:\/\/puurdata.nl\/de\/samen-verder-bouwen-aan-slimme-en-betrouwbare-data-oplossingen\/\"  class=\"img-link\"><span class=\"post-featured-img\"><img loading=\"lazy\" decoding=\"async\" width=\"600\" height=\"403\" src=\"https:\/\/puurdata.nl\/wp-content\/uploads\/2025\/12\/shutterstock_788626381-600x403.jpg\" class=\"attachment-portfolio-thumb size-portfolio-thumb wp-post-image\" alt=\"\" title=\"\" sizes=\"auto, (min-width: 1000px) 100vw, (min-width: 690px) 100vw, 100vw\" srcset=\"https:\/\/puurdata.nl\/wp-content\/uploads\/2025\/12\/shutterstock_788626381-600x403.jpg 600w, https:\/\/puurdata.nl\/wp-content\/uploads\/2025\/12\/shutterstock_788626381-18x12.jpg 18w, https:\/\/puurdata.nl\/wp-content\/uploads\/2025\/12\/shutterstock_788626381-900x604.jpg 900w, https:\/\/puurdata.nl\/wp-content\/uploads\/2025\/12\/shutterstock_788626381-400x269.jpg 400w\" \/><\/span><\/a><span class=\"meta-category\"><a class=\"headlines\" href=\"https:\/\/puurdata.nl\/de\/category\/headlines\/\">Schlagzeilen<\/a><\/span><a class=\"entire-meta-link\" href=\"https:\/\/puurdata.nl\/de\/samen-verder-bouwen-aan-slimme-en-betrouwbare-data-oplossingen\/\" ><span class=\"screen-reader-text\">Gemeinsam intelligente und zuverl\u00e4ssige Datenl\u00f6sungen entwickeln<\/span><\/a>\n            <div class=\"article-content-wrap\">\n              <div class=\"post-header\">\n                <span class=\"meta\"> 09\/12\/2025 <\/span>\n                <h3 class=\"title\">Gemeinsam intelligente und zuverl\u00e4ssige Datenl\u00f6sungen entwickeln<\/h3>\n              <\/div><!--\/post-header-->\n              <div class=\"excerpt\">\n                Das Jahr 2025 brachte neue Fortschritte in den Bereichen KI-gest\u00fctzte Suche, Sicherheit, Beobachtbarkeit und Datenintegration. In diesem Artikel blicken wir auf die wichtigsten Entwicklungen zur\u00fcck und werfen einen Ausblick auf das Jahr 2026.              <\/div>\n            <\/div>\n\n            <div class=\"post-meta\">\n              <span class=\"meta-author\"> <a href=\"https:\/\/puurdata.nl\/de\/author\/astegpuurdata-nl\/\"> <i class=\"icon-default-style icon-salient-m-user\"><\/i> Alex Steg<\/a> <\/span>\n\n              \n              <div class=\"nectar-love-wrap\">\n                <a href=\"#\" class=\"nectar-love\" id=\"nectar-love-3941\" title=\"liebe das\"> <i class=\"icon-salient-heart-2\"><\/i><span class=\"love-text\">Liebe<\/span><span class=\"total_loves\"><span class=\"nectar-love-count\">9<\/span><\/span><\/a>              <\/div><!--\/nectar-love-wrap-->\n            <\/div>\n\n          <\/div>\n\n        \n      <\/div><!--\/col-->\n\n      \n    <\/div><!--\/blog-recent-->\n\n  \n\t\t\t<\/div> \n\t\t<\/div>\n\t<\/div> \n<\/div><\/div>","protected":false},"excerpt":{"rendered":"Terugblik 2025 Samen verder bouwen aan slimme en betrouwbare data-oplossingen 2025 was voor veel organisaties een jaar waarin datagedreven werken verder volwassen werd. We zagen een duidelijke beweging naar eenvoud,...","protected":false},"author":1,"featured_media":0,"parent":0,"menu_order":0,"comment_status":"closed","ping_status":"closed","template":"","meta":{"content-type":"","footnotes":""},"class_list":["post-1139","page","type-page","status-publish"],"yoast_head":"<!-- This site is optimized with the Yoast SEO plugin v27.3 - https:\/\/yoast.com\/product\/yoast-seo-wordpress\/ -->\n<title>PuurData bezoeken - PuurData<\/title>\n<meta name=\"description\" content=\"Bezoek ons kantoor en ontmoet onze experts. Ontdek hoe wij data omzetten in waardevolle inzichten en bedrijfsprocessen optimaliseren.\" \/>\n<meta name=\"robots\" content=\"index, follow, max-snippet:-1, max-image-preview:large, max-video-preview:-1\" \/>\n<link rel=\"canonical\" href=\"https:\/\/puurdata.nl\/de\/besuche-reiner-daten\/\" \/>\n<meta name=\"twitter:label1\" content=\"Gesch\u00e4tzte Lesezeit\" \/>\n\t<meta name=\"twitter:data1\" content=\"2\u00a0Minuten\" \/>\n<script type=\"application\/ld+json\" class=\"yoast-schema-graph\">{\"@context\":\"https:\\\/\\\/schema.org\",\"@graph\":[{\"@type\":\"WebPage\",\"@id\":\"https:\\\/\\\/puurdata.nl\\\/puur-data-bezoeken\\\/\",\"url\":\"https:\\\/\\\/puurdata.nl\\\/puur-data-bezoeken\\\/\",\"name\":\"PuurData bezoeken - PuurData\",\"isPartOf\":{\"@id\":\"https:\\\/\\\/puurdata.nl\\\/#website\"},\"datePublished\":\"2020-09-18T13:55:51+00:00\",\"dateModified\":\"2025-06-02T13:48:54+00:00\",\"description\":\"Bezoek ons kantoor en ontmoet onze experts. Ontdek hoe wij data omzetten in waardevolle inzichten en bedrijfsprocessen optimaliseren.\",\"breadcrumb\":{\"@id\":\"https:\\\/\\\/puurdata.nl\\\/puur-data-bezoeken\\\/#breadcrumb\"},\"inLanguage\":\"de\",\"potentialAction\":[{\"@type\":\"ReadAction\",\"target\":[\"https:\\\/\\\/puurdata.nl\\\/puur-data-bezoeken\\\/\"]}]},{\"@type\":\"BreadcrumbList\",\"@id\":\"https:\\\/\\\/puurdata.nl\\\/puur-data-bezoeken\\\/#breadcrumb\",\"itemListElement\":[{\"@type\":\"ListItem\",\"position\":1,\"name\":\"Home\",\"item\":\"https:\\\/\\\/puurdata.nl\\\/\"},{\"@type\":\"ListItem\",\"position\":2,\"name\":\"PuurData bezoeken\"}]},{\"@type\":\"WebSite\",\"@id\":\"https:\\\/\\\/puurdata.nl\\\/#website\",\"url\":\"https:\\\/\\\/puurdata.nl\\\/\",\"name\":\"PuurData\",\"description\":\"PuurData\",\"potentialAction\":[{\"@type\":\"SearchAction\",\"target\":{\"@type\":\"EntryPoint\",\"urlTemplate\":\"https:\\\/\\\/puurdata.nl\\\/?s={search_term_string}\"},\"query-input\":{\"@type\":\"PropertyValueSpecification\",\"valueRequired\":true,\"valueName\":\"search_term_string\"}}],\"inLanguage\":\"de\"}]}<\/script>\n<!-- \/ Yoast SEO plugin. -->","yoast_head_json":{"title":"Besuchen Sie PuurData - PuurData","description":"Besuchen Sie unser B\u00fcro und lernen Sie unsere Experten kennen. Erfahren Sie, wie wir Daten in wertvolle Erkenntnisse verwandeln und Gesch\u00e4ftsprozesse optimieren.","robots":{"index":"index","follow":"follow","max-snippet":"max-snippet:-1","max-image-preview":"max-image-preview:large","max-video-preview":"max-video-preview:-1"},"canonical":"https:\/\/puurdata.nl\/de\/besuche-reiner-daten\/","twitter_misc":{"Gesch\u00e4tzte Lesezeit":"2\u00a0Minuten"},"schema":{"@context":"https:\/\/schema.org","@graph":[{"@type":"WebPage","@id":"https:\/\/puurdata.nl\/puur-data-bezoeken\/","url":"https:\/\/puurdata.nl\/puur-data-bezoeken\/","name":"Besuchen Sie PuurData - PuurData","isPartOf":{"@id":"https:\/\/puurdata.nl\/#website"},"datePublished":"2020-09-18T13:55:51+00:00","dateModified":"2025-06-02T13:48:54+00:00","description":"Besuchen Sie unser B\u00fcro und lernen Sie unsere Experten kennen. Erfahren Sie, wie wir Daten in wertvolle Erkenntnisse verwandeln und Gesch\u00e4ftsprozesse optimieren.","breadcrumb":{"@id":"https:\/\/puurdata.nl\/puur-data-bezoeken\/#breadcrumb"},"inLanguage":"de","potentialAction":[{"@type":"ReadAction","target":["https:\/\/puurdata.nl\/puur-data-bezoeken\/"]}]},{"@type":"BreadcrumbList","@id":"https:\/\/puurdata.nl\/puur-data-bezoeken\/#breadcrumb","itemListElement":[{"@type":"ListItem","position":1,"name":"Home","item":"https:\/\/puurdata.nl\/"},{"@type":"ListItem","position":2,"name":"PuurData bezoeken"}]},{"@type":"WebSite","@id":"https:\/\/puurdata.nl\/#website","url":"https:\/\/puurdata.nl\/","name":"PuurData","description":"PuurData","potentialAction":[{"@type":"SearchAction","target":{"@type":"EntryPoint","urlTemplate":"https:\/\/puurdata.nl\/?s={search_term_string}"},"query-input":{"@type":"PropertyValueSpecification","valueRequired":true,"valueName":"search_term_string"}}],"inLanguage":"de"}]}},"_links":{"self":[{"href":"https:\/\/puurdata.nl\/de\/wp-json\/wp\/v2\/pages\/1139","targetHints":{"allow":["GET"]}}],"collection":[{"href":"https:\/\/puurdata.nl\/de\/wp-json\/wp\/v2\/pages"}],"about":[{"href":"https:\/\/puurdata.nl\/de\/wp-json\/wp\/v2\/types\/page"}],"author":[{"embeddable":true,"href":"https:\/\/puurdata.nl\/de\/wp-json\/wp\/v2\/users\/1"}],"replies":[{"embeddable":true,"href":"https:\/\/puurdata.nl\/de\/wp-json\/wp\/v2\/comments?post=1139"}],"version-history":[{"count":22,"href":"https:\/\/puurdata.nl\/de\/wp-json\/wp\/v2\/pages\/1139\/revisions"}],"predecessor-version":[{"id":3010,"href":"https:\/\/puurdata.nl\/de\/wp-json\/wp\/v2\/pages\/1139\/revisions\/3010"}],"wp:attachment":[{"href":"https:\/\/puurdata.nl\/de\/wp-json\/wp\/v2\/media?parent=1139"}],"curies":[{"name":"wp","href":"https:\/\/api.w.org\/{rel}","templated":true}]}}